{"id":8443,"date":"2023-04-18T10:38:05","date_gmt":"2023-04-18T13:38:05","guid":{"rendered":"http:\/\/www.dzo.ufv.br\/?page_id=8443"},"modified":"2023-04-18T10:38:05","modified_gmt":"2023-04-18T13:38:05","slug":"leandro-santos-costa","status":"publish","type":"page","link":"http:\/\/www.dzo.ufv.br\/index.php\/en\/leandro-santos-costa\/","title":{"rendered":"Leandro Santos Costa"},"content":{"rendered":"<div class=\"flex_column av_one_fifth  flex_column_div av-zero-column-padding first  \" style='border-radius:0px; '><div class='avia-image-container  av-styling-   avia-align-center '  itemscope=\"itemscope\" itemtype=\"https:\/\/schema.org\/ImageObject\"  ><div class='avia-image-container-inner'><img class='avia_image ' src='http:\/\/www.dzo.ufv.br\/wp-content\/uploads\/2017\/06\/leandro-1.png' alt='' title='leandro-1'   itemprop=\"thumbnailUrl\"  \/><\/div><\/div><\/div><div class=\"flex_column av_two_third  flex_column_div av-zero-column-padding   \" style='border-radius:0px; '><p><div style='padding-bottom:10px;' class='av-special-heading av-special-heading-h3   '><h3 class='av-special-heading-tag'  itemprop=\"headline\"  >Leandro Santos Costa<\/h3><div class='special-heading-border'><div class='special-heading-inner-border' ><\/div><\/div><\/div><br \/>\n<section class=\"av_textblock_section\"  itemscope=\"itemscope\" itemtype=\"https:\/\/schema.org\/CreativeWork\" ><div class='avia_textblock '  style='font-size:17px; '  itemprop=\"text\" ><p><strong>Academic Training:<\/strong><br \/>\nPost-doc,\u00a0UFMG (2015-2018)<br \/>\nDSc.\u00a0em Nutri\u00e7\u00e3o e Produ\u00e7\u00e3o de N\u00e3o Ruminantes com enfase em Aquicultura, UFLA (2011\/2015) com desenvolvimento de parte das atividades acad\u00eamicas na Univeridad de Murcia \u2013 Espanha (2013\/2014)<br \/>\nMSc.\u00a0em Nutri\u00e7\u00e3o e Produ\u00e7\u00e3o de n\u00e3o ruminantes com enfase em Aquicultura, UFLA\u00a0(2010\/2011)<br \/>\nGraduation in Zootecnia, UFLA (2010).<br \/>\n<strong>\u00c1reas of expertise:<\/strong><br \/>\nAquaculture<br \/>\n<strong>Publications <\/strong><br \/>\n<strong>Lattes<\/strong><br \/>\n<strong>Laboratory:<\/strong><br \/>\n<strong>Graduate courses:<\/strong><br \/>\n<strong>Contacts:<\/strong><br \/>\nTel:\u00a0\u00a031 3621-4652<br \/>\nEmail:\u00a0leandro.s.costa@ufv.br<br \/>\n<strong>Recent Publications:<\/strong><\/p>\n<\/div><\/section><\/p><\/div><\/p>\n","protected":false},"excerpt":{"rendered":"","protected":false},"author":1,"featured_media":0,"parent":0,"menu_order":0,"comment_status":"closed","ping_status":"closed","template":"","meta":[],"_links":{"self":[{"href":"http:\/\/www.dzo.ufv.br\/index.php\/wp-json\/wp\/v2\/pages\/8443"}],"collection":[{"href":"http:\/\/www.dzo.ufv.br\/index.php\/wp-json\/wp\/v2\/pages"}],"about":[{"href":"http:\/\/www.dzo.ufv.br\/index.php\/wp-json\/wp\/v2\/types\/page"}],"author":[{"embeddable":true,"href":"http:\/\/www.dzo.ufv.br\/index.php\/wp-json\/wp\/v2\/users\/1"}],"replies":[{"embeddable":true,"href":"http:\/\/www.dzo.ufv.br\/index.php\/wp-json\/wp\/v2\/comments?post=8443"}],"version-history":[{"count":2,"href":"http:\/\/www.dzo.ufv.br\/index.php\/wp-json\/wp\/v2\/pages\/8443\/revisions"}],"predecessor-version":[{"id":8446,"href":"http:\/\/www.dzo.ufv.br\/index.php\/wp-json\/wp\/v2\/pages\/8443\/revisions\/8446"}],"wp:attachment":[{"href":"http:\/\/www.dzo.ufv.br\/index.php\/wp-json\/wp\/v2\/media?parent=8443"}],"curies":[{"name":"wp","href":"https:\/\/api.w.org\/{rel}","templated":true}]}}