{"id":8129,"date":"2023-04-11T13:24:47","date_gmt":"2023-04-11T16:24:47","guid":{"rendered":"http:\/\/www.dzo.ufv.br\/?page_id=8129"},"modified":"2023-04-17T10:17:09","modified_gmt":"2023-04-17T13:17:09","slug":"laboratorio-de-zootecnia-de-precisao","status":"publish","type":"page","link":"http:\/\/www.dzo.ufv.br\/index.php\/laboratorio-de-zootecnia-de-precisao\/","title":{"rendered":"Laborat\u00f3rio de Zootecnia de Precis\u00e3o"},"content":{"rendered":"<div class=\"flex_column av_one_half  flex_column_div av-zero-column-padding first  \" style='border-radius:0px; '><section class=\"av_textblock_section\"  itemscope=\"itemscope\" itemtype=\"https:\/\/schema.org\/CreativeWork\" ><div class='avia_textblock '  style='font-size:17px; '  itemprop=\"text\" ><p><strong>Laborat\u00f3rio de\u00a0Zootecnia de Precis\u00e3o<\/strong><\/p>\n<p><strong>Professor Respons\u00e1vel:<\/strong><br \/>\n\u00c9rica Beatriz Schultz<\/p>\n<p><strong>Interesses de pesquisa:<\/strong><br \/>\nPecu\u00e1ria digital, intelig\u00eancia artificial, vis\u00e3o computacional e sensoriamento remoto<\/p>\n<p><strong>Corpo t\u00e9cnico permanente:<\/strong><br \/>\nProfessora Erica Beatriz Schultz<\/p>\n<p><strong> Professores colaboradores <strong><br \/>\n<\/strong><\/strong>Mario Luiz Chizzotti<br \/>\nRenata Veroneze<strong><strong><br \/>\n<strong>Contato:<\/strong><br \/>\n<\/strong><\/strong>erica.schultz@ufv.br<br \/>\ngezp.ufv@gmail.com<\/p>\n<\/div><\/section><\/div><div class=\"flex_column av_one_half  flex_column_div av-zero-column-padding   \" style='border-radius:0px; '><\/div><\/p>\n","protected":false},"excerpt":{"rendered":"","protected":false},"author":1,"featured_media":0,"parent":0,"menu_order":0,"comment_status":"closed","ping_status":"closed","template":"","meta":[],"_links":{"self":[{"href":"http:\/\/www.dzo.ufv.br\/index.php\/wp-json\/wp\/v2\/pages\/8129"}],"collection":[{"href":"http:\/\/www.dzo.ufv.br\/index.php\/wp-json\/wp\/v2\/pages"}],"about":[{"href":"http:\/\/www.dzo.ufv.br\/index.php\/wp-json\/wp\/v2\/types\/page"}],"author":[{"embeddable":true,"href":"http:\/\/www.dzo.ufv.br\/index.php\/wp-json\/wp\/v2\/users\/1"}],"replies":[{"embeddable":true,"href":"http:\/\/www.dzo.ufv.br\/index.php\/wp-json\/wp\/v2\/comments?post=8129"}],"version-history":[{"count":6,"href":"http:\/\/www.dzo.ufv.br\/index.php\/wp-json\/wp\/v2\/pages\/8129\/revisions"}],"predecessor-version":[{"id":8364,"href":"http:\/\/www.dzo.ufv.br\/index.php\/wp-json\/wp\/v2\/pages\/8129\/revisions\/8364"}],"wp:attachment":[{"href":"http:\/\/www.dzo.ufv.br\/index.php\/wp-json\/wp\/v2\/media?parent=8129"}],"curies":[{"name":"wp","href":"https:\/\/api.w.org\/{rel}","templated":true}]}}