{"id":7930,"date":"2022-07-22T09:34:56","date_gmt":"2022-07-22T12:34:56","guid":{"rendered":"http:\/\/www.dzo.ufv.br\/?page_id=7930"},"modified":"2022-07-22T09:34:56","modified_gmt":"2022-07-22T12:34:56","slug":"simone-eliza-facioni-guimaraes-3","status":"publish","type":"page","link":"http:\/\/www.dzo.ufv.br\/index.php\/simone-eliza-facioni-guimaraes-3\/","title":{"rendered":"Simone Eliza Facioni Guimar\u00e3es"},"content":{"rendered":"<div class=\"flex_column av_one_fifth  flex_column_div av-zero-column-padding first  \" style='border-radius:0px; '><div class='avia-image-container  av-styling-   avia-align-center '  itemscope=\"itemscope\" itemtype=\"https:\/\/schema.org\/ImageObject\"  ><div class='avia-image-container-inner'><img class='avia_image ' src='http:\/\/www.dzo.ufv.br\/wp-content\/uploads\/2017\/03\/SIMONE.png' alt='' title='SIMONE'   itemprop=\"thumbnailUrl\"  \/><\/div><\/div><\/div><div class=\"flex_column av_three_fourth  flex_column_div av-zero-column-padding   \" style='border-radius:0px; '><p><div style='padding-bottom:10px;' class='av-special-heading av-special-heading-h3   '><h3 class='av-special-heading-tag'  itemprop=\"headline\"  >Simone Eliza Facioni Guimar\u00e3es<\/h3><div class='special-heading-border'><div class='special-heading-inner-border' ><\/div><\/div><\/div><br \/>\n<section class=\"av_textblock_section\"  itemscope=\"itemscope\" itemtype=\"https:\/\/schema.org\/CreativeWork\" ><div class='avia_textblock '  style='font-size:15px; '  itemprop=\"text\" ><p class=\"nome\" tabindex=\"0\"><strong>Bolsista de Produtividade em Pesquisa do CNPq &#8211; N\u00edvel 1A<\/strong><\/p>\n<p><b>Forma\u00e7\u00e3o Acad\u00eamica:<\/b><\/p>\n<p><span style=\"font-weight: 400;\">DSc. em Ci\u00eancia Animal, UFV (1994)<\/span><\/p>\n<p><span style=\"font-weight: 400;\">MSc. em Medicina Veterin\u00e1ria, UFMG (1990)<\/span><\/p>\n<p><span style=\"font-weight: 400;\">Gradua\u00e7\u00e3o em Medicina Veterin\u00e1ria, UFRA (1986)<\/span><\/p>\n<p><b>\u00c1reas de atua\u00e7\u00e3o:<\/b><\/p>\n<p>Gen\u00e9tica e Melhoramento Animal<\/p>\n<p><b>Publica\u00e7\u00f5es: <a href=\"http:\/\/lattes.cnpq.br\/7128957396117154\">Lattes<\/a>\u00a0<\/b><\/p>\n<p><b>Laborat\u00f3rio:<\/b><\/p>\n<p><span style=\"font-weight: 400;\">&gt;&gt;\u00a0<\/span><\/p>\n<p><b>Disciplinas da Gradua\u00e7\u00e3o:<\/b><\/p>\n<p><b>Contatos:<\/b><\/p>\n<p><span style=\"font-weight: 400;\">Tel: (31)\u00a03612-4671\/4662<\/span><\/p>\n<p><span style=\"font-weight: 400;\">E-mail: sfacioni@ufv.br<\/span><\/p>\n<p><b>Publica\u00e7\u00f5es recentes<\/b><\/p>\n<\/div><\/section><\/p><\/div><\/p>\n","protected":false},"excerpt":{"rendered":"","protected":false},"author":1,"featured_media":0,"parent":0,"menu_order":0,"comment_status":"closed","ping_status":"closed","template":"","meta":[],"_links":{"self":[{"href":"http:\/\/www.dzo.ufv.br\/index.php\/wp-json\/wp\/v2\/pages\/7930"}],"collection":[{"href":"http:\/\/www.dzo.ufv.br\/index.php\/wp-json\/wp\/v2\/pages"}],"about":[{"href":"http:\/\/www.dzo.ufv.br\/index.php\/wp-json\/wp\/v2\/types\/page"}],"author":[{"embeddable":true,"href":"http:\/\/www.dzo.ufv.br\/index.php\/wp-json\/wp\/v2\/users\/1"}],"replies":[{"embeddable":true,"href":"http:\/\/www.dzo.ufv.br\/index.php\/wp-json\/wp\/v2\/comments?post=7930"}],"version-history":[{"count":2,"href":"http:\/\/www.dzo.ufv.br\/index.php\/wp-json\/wp\/v2\/pages\/7930\/revisions"}],"predecessor-version":[{"id":7933,"href":"http:\/\/www.dzo.ufv.br\/index.php\/wp-json\/wp\/v2\/pages\/7930\/revisions\/7933"}],"wp:attachment":[{"href":"http:\/\/www.dzo.ufv.br\/index.php\/wp-json\/wp\/v2\/media?parent=7930"}],"curies":[{"name":"wp","href":"https:\/\/api.w.org\/{rel}","templated":true}]}}