{"id":7923,"date":"2022-07-21T16:29:25","date_gmt":"2022-07-21T19:29:25","guid":{"rendered":"http:\/\/www.dzo.ufv.br\/?page_id=7923"},"modified":"2022-07-21T16:29:25","modified_gmt":"2022-07-21T19:29:25","slug":"sidnei-antonio-lopes","status":"publish","type":"page","link":"http:\/\/www.dzo.ufv.br\/index.php\/sidnei-antonio-lopes\/","title":{"rendered":"Sidnei Ant\u00f4nio Lopes"},"content":{"rendered":"<div class=\"flex_column av_one_fifth  flex_column_div av-zero-column-padding first  \" style='border-radius:0px; '><div class='avia-image-container  av-styling-   avia-align-center '  itemscope=\"itemscope\" itemtype=\"https:\/\/schema.org\/ImageObject\"  ><div class='avia-image-container-inner'><img class='avia_image ' src='http:\/\/www.dzo.ufv.br\/wp-content\/uploads\/2017\/03\/agrvai-1.png' alt='' title='agrvai-(1)'   itemprop=\"thumbnailUrl\"  \/><\/div><\/div><\/div><div class=\"flex_column av_three_fourth  flex_column_div av-zero-column-padding   \" style='border-radius:0px; '><p><div style='padding-bottom:10px;' class='av-special-heading av-special-heading-h3   '><h3 class='av-special-heading-tag'  itemprop=\"headline\"  >Sidnei Ant\u00f4nio Lopes<\/h3><div class='special-heading-border'><div class='special-heading-inner-border' ><\/div><\/div><\/div><br \/>\n<section class=\"av_textblock_section\"  itemscope=\"itemscope\" itemtype=\"https:\/\/schema.org\/CreativeWork\" ><div class='avia_textblock '  style='font-size:15px; '  itemprop=\"text\" ><h3><\/h3>\n<p><b>Forma\u00e7\u00e3o Acad\u00eamica:<\/b><\/p>\n<p><span style=\"font-weight: 400;\">DSc. em Zootecnia, UFV (2015)<\/span><\/p>\n<p><span style=\"font-weight: 400;\">MSc. em Zootecnia, UFV (2012)<\/span><\/p>\n<p><span style=\"font-weight: 400;\">Gradua\u00e7\u00e3o em Zootecnia, UFV (2010)<\/span><\/p>\n<p><b>\u00c1reas de atua\u00e7\u00e3o:<\/b><\/p>\n<p>Bovinocultura de Corte<\/p>\n<p><b>Publica\u00e7\u00f5es: <a href=\"http:\/\/lattes.cnpq.br\/4122518604665208\">Lattes<\/a>\u00a0<\/b><\/p>\n<p><b>Laborat\u00f3rio:<\/b><\/p>\n<p><span style=\"font-weight: 400;\">&gt;&gt;\u00a0<\/span><\/p>\n<p><b>Disciplinas da Gradua\u00e7\u00e3o:<\/b><\/p>\n<p><strong>Disciplinas da P\u00f3s-Gradua\u00e7\u00e3o:<\/strong><\/p>\n<p><strong>Contatos:<\/strong><\/p>\n<p><span style=\"font-weight: 400;\">Tel: (31)\u00a0 3612-4653<\/span><\/p>\n<p><span style=\"font-weight: 400;\">E-mail: sidnei.lopes@ufv.br<\/span><\/p>\n<p><b>Publica\u00e7\u00f5es recentes<\/b><\/p>\n<\/div><\/section><\/p><\/div><\/p>\n","protected":false},"excerpt":{"rendered":"","protected":false},"author":1,"featured_media":0,"parent":0,"menu_order":0,"comment_status":"closed","ping_status":"closed","template":"","meta":[],"_links":{"self":[{"href":"http:\/\/www.dzo.ufv.br\/index.php\/wp-json\/wp\/v2\/pages\/7923"}],"collection":[{"href":"http:\/\/www.dzo.ufv.br\/index.php\/wp-json\/wp\/v2\/pages"}],"about":[{"href":"http:\/\/www.dzo.ufv.br\/index.php\/wp-json\/wp\/v2\/types\/page"}],"author":[{"embeddable":true,"href":"http:\/\/www.dzo.ufv.br\/index.php\/wp-json\/wp\/v2\/users\/1"}],"replies":[{"embeddable":true,"href":"http:\/\/www.dzo.ufv.br\/index.php\/wp-json\/wp\/v2\/comments?post=7923"}],"version-history":[{"count":2,"href":"http:\/\/www.dzo.ufv.br\/index.php\/wp-json\/wp\/v2\/pages\/7923\/revisions"}],"predecessor-version":[{"id":8176,"href":"http:\/\/www.dzo.ufv.br\/index.php\/wp-json\/wp\/v2\/pages\/7923\/revisions\/8176"}],"wp:attachment":[{"href":"http:\/\/www.dzo.ufv.br\/index.php\/wp-json\/wp\/v2\/media?parent=7923"}],"curies":[{"name":"wp","href":"https:\/\/api.w.org\/{rel}","templated":true}]}}