{"id":7910,"date":"2022-07-21T15:36:48","date_gmt":"2022-07-21T18:36:48","guid":{"rendered":"http:\/\/www.dzo.ufv.br\/?page_id=7910"},"modified":"2023-04-18T11:10:31","modified_gmt":"2023-04-18T14:10:31","slug":"jansller-luiz-genova","status":"publish","type":"page","link":"http:\/\/www.dzo.ufv.br\/index.php\/jansller-luiz-genova\/","title":{"rendered":"Jansller Luiz Genova"},"content":{"rendered":"<div class=\"flex_column av_one_fifth  flex_column_div av-zero-column-padding first  \" style='border-radius:0px; '><div class='avia-image-container  av-styling-   avia-align-center '  itemscope=\"itemscope\" itemtype=\"https:\/\/schema.org\/ImageObject\"  ><div class='avia-image-container-inner'><img class='avia_image ' src='http:\/\/www.dzo.ufv.br\/wp-content\/uploads\/2017\/03\/leandro-2.png' alt='' title='jansller'   itemprop=\"thumbnailUrl\"  \/><\/div><\/div><\/div>\n<div class=\"flex_column av_three_fourth  flex_column_div av-zero-column-padding   \" style='border-radius:0px; '><p><div style='padding-bottom:10px;' class='av-special-heading av-special-heading-h3    '><h3 class='av-special-heading-tag'  itemprop=\"headline\"  >Jansller Luiz Genova<\/h3><div class='special-heading-border'><div class='special-heading-inner-border' ><\/div><\/div><\/div><br \/>\n<section class=\"av_textblock_section\"  itemscope=\"itemscope\" itemtype=\"https:\/\/schema.org\/CreativeWork\" ><div class='avia_textblock '  style='font-size:17px; '  itemprop=\"text\" ><h3><\/h3>\n<p><b>Forma\u00e7\u00e3o Acad\u00eamica:<\/b><\/p>\n<p><span style=\"font-weight: 400;\">DSc. em \u00a0Produ\u00e7\u00e3o e Nutri\u00e7\u00e3o Animal, UNIOESTE (2020)<\/span><\/p>\n<p><span style=\"font-weight: 400;\">MSc. em Zootecnia, UNIOESTE (2017)<\/span><\/p>\n<p><span style=\"font-weight: 400;\">Gradua\u00e7\u00e3o em Zootecnia, UFSM (2014)<\/span><\/p>\n<p><b>\u00c1reas de atua\u00e7\u00e3o:<\/b><\/p>\n<p>Produ\u00e7\u00e3o de Su\u00ednos e Bioclimatologia<\/p>\n<p><b>Publica\u00e7\u00f5es: <a href=\"http:\/\/lattes.cnpq.br\/6161598140181205\">Lattes<\/a>\u00a0<\/b><\/p>\n<p><b>Laborat\u00f3rio:<\/b><\/p>\n<p><span style=\"font-weight: 400;\">Bioclimatologia\u00a0<\/span><\/p>\n<p><b>Disciplinas da Gradua\u00e7\u00e3o:<\/b><\/p>\n<p><strong>Disciplinas da P\u00f3s-Gradua\u00e7\u00e3o:<\/strong><\/p>\n<p><strong>Contatos:<\/strong><\/p>\n<p><span style=\"font-weight: 400;\">Tel: (31)\u00a0 3612-4659<\/span><\/p>\n<p><span style=\"font-weight: 400;\">E-mail: jansller.genova@ufv.br<\/span><\/p>\n<p><b>Publica\u00e7\u00f5es recentes<\/b><\/p>\n<p>1. VOLPATO, JOSIANE APARECIDA ; RIBEIRO, LEONIR BUENO ; TOREZAN, GUILHERME BA\u00da ; DA SILVA, INGRID CAROLINE ; MARTINS, ISABELA DE OLIVEIRA ; <strong>GENOVA, JANSLLER LUIZ<\/strong> ; DE OLIVEIRA, NEWTON TAVARES ESCOCARD ; CARVALHO, SILVANA TEIXEIRA ; CARVALHO, PAULO LEVI DE OLIVEIRA ; VASCONCELLOS, RICARDO SOUZA .<strong> Characterization of the variations in the industrial processing and nutritional variables of poultry by-product meal. POULTRY SCIENCE, v. 101, p. 101926, 2022.<\/strong><\/p>\n<p>2. TRAUTENM\u00dcLLER, HELO\u00cdSE ; <strong>GENOVA, JANSLLER LUIZ<\/strong> ; SANTOS, LILIANA BURY DE AZEVEDO DOS ; LEAL, ISABELA FERREIRA ; SANTOS, GLEICIANNY DE BRITO ; RUPOLO, PAULO EVARISTO ; NUNES, RICARDO VIANNA ; OLIVEIRA, EDUARDO RAELE DE ; CARVALHO, PAULO LEVI DE OLIVEIRA .<strong> Partial cholecalciferol replacement with 1,25-dihydroxycholecalciferol glycoside in diets for piglets. Animal Production Science, v. 63, p. A, 2022.<\/strong><\/p>\n<p>3. <strong>GENOVA, J. L.<\/strong>; OLIVEIRA, N. T. E. ; SCHERER, C. P. ; CARVALHO, P. L. O. ; COSTA, A. B. S. ; ARTONI, S. M. B. ; GONCALVES JUNIOR, A. C. ; SANTOS, L. B. A. ; CARVALHO, S. T. ; BORTOLUZZI, J. . <strong>Bone, microbiological and intestinal characteristics of piglets fed diets containing Lithothamnium calcareum. SOUTH AFRICAN JOURNAL OF ANIMAL SCIENCE, v. 1, p. 98-110, 2022.<\/strong><\/p>\n<p>4. GRANDO, M. A. ; COSTA, V. ; <strong>GENOVA, J. L<\/strong>. ; RUPOLO, P. E. ; AZEVEDO, L. B. ; COSTA, L. B. ; CARVALHO, S. T. ; RIBEIRO, T. P. ; MONTEIRO, D. P. ; CARVALHO, P. L. O. . <strong>Blend of essential oils can reduce diarrheal disorders and improve liver antioxidant status in weaning pigs. Animal Bioscience, 2022.<\/strong><\/p>\n<p>5. <strong>GENOVA, J. L<\/strong>.; MELO, A. D. B. ; RUPOLO, P. E. ; MACEDO, R. E. F. ; ENGRACIA FILHO, J. R. ; CARVALHO, S. T. ; FAUCITANO, L. ; COSTA, L. B. ; CARVALHO, P. L. O. . <strong>New findings of intestinal alkaline phosphatase: effects on intestinal and organ health of piglets challenged with ETEC F4 (K88). REVISTA BRASILEIRA DE ZOOTECNIA-BRAZILIAN JOURNAL OF ANIMAL SCIENCE, 2022.<\/strong><\/p>\n<\/div><\/section><\/p><\/div>\n","protected":false},"excerpt":{"rendered":"","protected":false},"author":1,"featured_media":0,"parent":0,"menu_order":0,"comment_status":"closed","ping_status":"closed","template":"","meta":[],"_links":{"self":[{"href":"http:\/\/www.dzo.ufv.br\/index.php\/wp-json\/wp\/v2\/pages\/7910"}],"collection":[{"href":"http:\/\/www.dzo.ufv.br\/index.php\/wp-json\/wp\/v2\/pages"}],"about":[{"href":"http:\/\/www.dzo.ufv.br\/index.php\/wp-json\/wp\/v2\/types\/page"}],"author":[{"embeddable":true,"href":"http:\/\/www.dzo.ufv.br\/index.php\/wp-json\/wp\/v2\/users\/1"}],"replies":[{"embeddable":true,"href":"http:\/\/www.dzo.ufv.br\/index.php\/wp-json\/wp\/v2\/comments?post=7910"}],"version-history":[{"count":4,"href":"http:\/\/www.dzo.ufv.br\/index.php\/wp-json\/wp\/v2\/pages\/7910\/revisions"}],"predecessor-version":[{"id":8472,"href":"http:\/\/www.dzo.ufv.br\/index.php\/wp-json\/wp\/v2\/pages\/7910\/revisions\/8472"}],"wp:attachment":[{"href":"http:\/\/www.dzo.ufv.br\/index.php\/wp-json\/wp\/v2\/media?parent=7910"}],"curies":[{"name":"wp","href":"https:\/\/api.w.org\/{rel}","templated":true}]}}