{"id":7903,"date":"2022-07-21T15:19:08","date_gmt":"2022-07-21T18:19:08","guid":{"rendered":"http:\/\/www.dzo.ufv.br\/?page_id=7903"},"modified":"2023-04-18T11:07:56","modified_gmt":"2023-04-18T14:07:56","slug":"erica-beatriz-schultz","status":"publish","type":"page","link":"http:\/\/www.dzo.ufv.br\/index.php\/erica-beatriz-schultz\/","title":{"rendered":"\u00c9rica Beatriz Schultz"},"content":{"rendered":"<div class=\"flex_column av_one_fifth  flex_column_div av-zero-column-padding first  \" style='border-radius:0px; '><div class='avia-image-container  av-styling-   avia-align-center '  itemscope=\"itemscope\" itemtype=\"https:\/\/schema.org\/ImageObject\"  ><div class='avia-image-container-inner'><img class='avia_image ' src='http:\/\/www.dzo.ufv.br\/wp-content\/uploads\/2017\/03\/erica.png' alt='' title='erica'   itemprop=\"thumbnailUrl\"  \/><\/div><\/div><\/div>\n<div class=\"flex_column av_three_fourth  flex_column_div av-zero-column-padding   \" style='border-radius:0px; '><p><div style='padding-bottom:10px;' class='av-special-heading av-special-heading-h3    '><h3 class='av-special-heading-tag'  itemprop=\"headline\"  >\u00c9rica Beatriz Schultz<\/h3><div class='special-heading-border'><div class='special-heading-inner-border' ><\/div><\/div><\/div><br \/>\n<section class=\"av_textblock_section\"  itemscope=\"itemscope\" itemtype=\"https:\/\/schema.org\/CreativeWork\" ><div class='avia_textblock '  style='font-size:17px; '  itemprop=\"text\" ><p><b>Forma\u00e7\u00e3o Acad\u00eamica:<\/b><\/p>\n<p><span style=\"font-weight: 400;\">DSc. em Zootecnia, UFV (2020)<\/span><\/p>\n<p><span style=\"font-weight: 400;\">MSc. em Zootecnia, UFV (2017)<\/span><\/p>\n<p><span style=\"font-weight: 400;\">Gradua\u00e7\u00e3o em Zootecnia, UFU (2015)<\/span><\/p>\n<p><b>\u00c1reas de atua\u00e7\u00e3o:<\/b><\/p>\n<p>Zootecnia de Precis\u00e3o e Bioinform\u00e1tica<\/p>\n<p><b>Publica\u00e7\u00f5es: <a href=\"http:\/\/lattes.cnpq.br\/9061497944406151\">Lattes<\/a>\u00a0<\/b><\/p>\n<p><b>Laborat\u00f3rio:<\/b><\/p>\n<p><span style=\"font-weight: 400;\">&gt;&gt;\u00a0<\/span><\/p>\n<p><b>Disciplinas da Gradua\u00e7\u00e3o:<\/b><\/p>\n<p><b>Contatos:<\/b><\/p>\n<p><span style=\"font-weight: 400;\">Tel:\u00a0<strong>\u00a0<\/strong>(31) 3612 4639<\/span><\/p>\n<p><span style=\"font-weight: 400;\">E-mail: <a href=\"mailto:erica.schultz@ufv.br\">erica.schultz@ufv.br<\/a><\/span><\/p>\n<p><b>Publica\u00e7\u00f5es recentes<\/b><\/p>\n<\/div><\/section><\/p><\/div>\n","protected":false},"excerpt":{"rendered":"","protected":false},"author":1,"featured_media":0,"parent":0,"menu_order":0,"comment_status":"closed","ping_status":"closed","template":"","meta":[],"_links":{"self":[{"href":"http:\/\/www.dzo.ufv.br\/index.php\/wp-json\/wp\/v2\/pages\/7903"}],"collection":[{"href":"http:\/\/www.dzo.ufv.br\/index.php\/wp-json\/wp\/v2\/pages"}],"about":[{"href":"http:\/\/www.dzo.ufv.br\/index.php\/wp-json\/wp\/v2\/types\/page"}],"author":[{"embeddable":true,"href":"http:\/\/www.dzo.ufv.br\/index.php\/wp-json\/wp\/v2\/users\/1"}],"replies":[{"embeddable":true,"href":"http:\/\/www.dzo.ufv.br\/index.php\/wp-json\/wp\/v2\/comments?post=7903"}],"version-history":[{"count":3,"href":"http:\/\/www.dzo.ufv.br\/index.php\/wp-json\/wp\/v2\/pages\/7903\/revisions"}],"predecessor-version":[{"id":8468,"href":"http:\/\/www.dzo.ufv.br\/index.php\/wp-json\/wp\/v2\/pages\/7903\/revisions\/8468"}],"wp:attachment":[{"href":"http:\/\/www.dzo.ufv.br\/index.php\/wp-json\/wp\/v2\/media?parent=7903"}],"curies":[{"name":"wp","href":"https:\/\/api.w.org\/{rel}","templated":true}]}}