{"id":7886,"date":"2022-07-21T10:23:58","date_gmt":"2022-07-21T13:23:58","guid":{"rendered":"http:\/\/www.dzo.ufv.br\/?page_id=7886"},"modified":"2024-08-30T16:57:39","modified_gmt":"2024-08-30T19:57:39","slug":"alex-lopes-da-silva","status":"publish","type":"page","link":"http:\/\/www.dzo.ufv.br\/index.php\/alex-lopes-da-silva\/","title":{"rendered":"Alex Lopes da Silva"},"content":{"rendered":"<div class=\"flex_column av_one_fifth  flex_column_div av-zero-column-padding first  \" style='border-radius:0px; '><div class='avia-image-container  av-styling-   avia-align-center '  itemscope=\"itemscope\" itemtype=\"https:\/\/schema.org\/ImageObject\"  ><div class='avia-image-container-inner'><img class='avia_image ' src='http:\/\/www.dzo.ufv.br\/wp-content\/uploads\/2017\/03\/agrvai.png' alt='' title='agrvai'   itemprop=\"thumbnailUrl\"  \/><\/div><\/div><\/div><div class=\"flex_column av_three_fourth  flex_column_div av-zero-column-padding   \" style='border-radius:0px; '><p><div style='padding-bottom:10px;' class='av-special-heading av-special-heading-h3   '><h3 class='av-special-heading-tag'  itemprop=\"headline\"  >Alex Lopes da Silva<\/h3><div class='special-heading-border'><div class='special-heading-inner-border' ><\/div><\/div><\/div><br \/>\n<section class=\"av_textblock_section\"  itemscope=\"itemscope\" itemtype=\"https:\/\/schema.org\/CreativeWork\" ><div class='avia_textblock '  style='font-size:17px; '  itemprop=\"text\" ><p><strong>Forma\u00e7\u00e3o Acad\u00eamica:<\/strong><\/p>\n<p>DSc. Zootecnia, UFV (2017)<br \/>\nMSc. em Zootecnia, UFV (2013)<br \/>\nGradua\u00e7\u00e3o em Zootecnia, UFV (2011)<\/p>\n<p><strong>\u00c1reas de atua\u00e7\u00e3o:<\/strong><\/p>\n<p>Bovinocultura de Leite<\/p>\n<p><strong>Publica\u00e7\u00f5es:<\/strong> <a href=\"http:\/\/buscatextual.cnpq.br\/buscatextual\/visualizacv.do\">Lattes<\/a><\/p>\n<p><strong>Laborat\u00f3rio:<\/strong><\/p>\n<p><strong>Disciplinas da gradua\u00e7\u00e3o:<\/strong><\/p>\n<p><strong>Contatos:<\/strong><br \/>\nTel: (31) 3612 4642<br \/>\nEmail: alex.lopes@ufv.br<\/p>\n<p><strong>Publica\u00e7\u00f5es Recentes:<\/strong><\/p>\n<div class=\"artigo-completo\"><\/div>\n<div class=\"artigo-completo\"><\/div>\n<\/div><\/section><\/p><\/div><\/p>\n","protected":false},"excerpt":{"rendered":"","protected":false},"author":1,"featured_media":0,"parent":0,"menu_order":0,"comment_status":"closed","ping_status":"closed","template":"","meta":[],"_links":{"self":[{"href":"http:\/\/www.dzo.ufv.br\/index.php\/wp-json\/wp\/v2\/pages\/7886"}],"collection":[{"href":"http:\/\/www.dzo.ufv.br\/index.php\/wp-json\/wp\/v2\/pages"}],"about":[{"href":"http:\/\/www.dzo.ufv.br\/index.php\/wp-json\/wp\/v2\/types\/page"}],"author":[{"embeddable":true,"href":"http:\/\/www.dzo.ufv.br\/index.php\/wp-json\/wp\/v2\/users\/1"}],"replies":[{"embeddable":true,"href":"http:\/\/www.dzo.ufv.br\/index.php\/wp-json\/wp\/v2\/comments?post=7886"}],"version-history":[{"count":1,"href":"http:\/\/www.dzo.ufv.br\/index.php\/wp-json\/wp\/v2\/pages\/7886\/revisions"}],"predecessor-version":[{"id":7887,"href":"http:\/\/www.dzo.ufv.br\/index.php\/wp-json\/wp\/v2\/pages\/7886\/revisions\/7887"}],"wp:attachment":[{"href":"http:\/\/www.dzo.ufv.br\/index.php\/wp-json\/wp\/v2\/media?parent=7886"}],"curies":[{"name":"wp","href":"https:\/\/api.w.org\/{rel}","templated":true}]}}