{"id":781,"date":"2017-05-14T15:57:21","date_gmt":"2017-05-14T18:57:21","guid":{"rendered":"http:\/\/www.dzo.ufv.br\/sitenovo\/?page_id=781"},"modified":"2023-04-11T11:52:15","modified_gmt":"2023-04-11T14:52:15","slug":"unidade-de-ensino-pesquisa-e-extensao-melhoramento-caprinos","status":"publish","type":"page","link":"http:\/\/www.dzo.ufv.br\/index.php\/unidade-de-ensino-pesquisa-e-extensao-melhoramento-caprinos\/","title":{"rendered":"Unidade de Ensino, Pesquisa e Extens\u00e3o em Caprinocultura"},"content":{"rendered":"<\/div><\/div><\/div><!-- close content main div --><\/div><\/div><div id='full_slider_1' class='avia-fullwidth-slider main_color avia-shadow  container_wrap sidebar_right'   ><div  data-size='no scaling'  data-lightbox_size='large'  data-animation='slide'  data-ids='2327'  data-video_counter='0'  data-autoplay='false'  data-bg_slider='false'  data-slide_height=''  data-handle='av_slideshow_full'  data-interval='5'  data-class=' '  data-css_id=''  data-scroll_down=''  data-control_layout='av-control-default'  data-custom_markup=''  data-perma_caption=''  data-autoplay_stopper=''  data-image_attachment=''  data-min_height='0px'  data-src=''  data-position='top left'  data-repeat='no-repeat'  data-attach='scroll'  data-stretch=''  class='avia-slideshow avia-slideshow-1  av-control-default av-default-height-applied avia-slideshow-no scaling av_slideshow_full   avia-slide-slider '  itemscope=\"itemscope\" itemtype=\"https:\/\/schema.org\/ImageObject\" ><ul class='avia-slideshow-inner' style='padding-bottom: 35.714285714286%;'><li  class=' av-single-slide slide-1 ' ><div data-rel='slideshow-1' class='avia-slide-wrap'  ><img src='http:\/\/www.dzo.ufv.br\/wp-content\/uploads\/2017\/05\/Caprinocultra-1.jpg' width='1400' height='500' title='Caprinocultra' alt=''  itemprop=\"thumbnailUrl\"   \/><\/div><\/li><\/ul><\/div><\/div>\n<div class=\"flex_column av_one_half  flex_column_div av-zero-column-padding first  \" style='border-radius:0px; '><section class=\"av_textblock_section\"  itemscope=\"itemscope\" itemtype=\"https:\/\/schema.org\/CreativeWork\" ><div class='avia_textblock '  style='font-size:17px; '  itemprop=\"text\" ><p><strong>Unidade de Ensino, Pesquisa e Extens\u00e3o em Caprinocultura<\/strong><\/p>\n<p><strong>Professor Respons\u00e1vel:<br \/>\n<\/strong>Marcelo Teixeira Rodrigues<\/p>\n<p><strong>Interesses de Pesquisa:<br \/>\n<\/strong>Exig\u00eancias nutricionais, desenvolvimento de pesquisas em produ\u00e7\u00e3o de leite, estudo do metabolismo e ensaio de digestibilidade, avan\u00e7ar pesquisas na reprodu\u00e7\u00e3o gesta\u00e7\u00e3o e aleitamento<\/p>\n<p><strong>Corpo T\u00e9cnico Permanente:<br \/>\n<\/strong>Audair Godofredo Ladeira<br \/>\nAnt\u00f4nio Arlindo da Silva<br \/>\nAnt\u00f4nio Fernandes Martins<br \/>\nJo\u00e3o Carlos da Silva<br \/>\nPaulo C\u00e9sar Gon\u00e7alves<\/p>\n<p><strong>Contatos:<br \/>\n<\/strong>Tel: 3612-4692 \/ 3612-4693<br \/>\nEmail:\u00a0mtrodrig@ufv.br<\/p>\n<\/div><\/section><\/div><div class=\"flex_column av_one_half  flex_column_div av-zero-column-padding   \" style='border-radius:0px; '><div class='avia-gallery avia-gallery-1 avia_lazyload avia_animate_when_visible '  itemscope=\"itemscope\" itemtype=\"https:\/\/schema.org\/ImageObject\" ><a class='avia-gallery-big fakeLightbox lightbox avia-gallery-big-crop-thumb ' href='http:\/\/www.dzo.ufv.br\/wp-content\/uploads\/2017\/05\/Caprinocultura_04.jpg'  data-onclick='1' title='' ><span class='avia-gallery-big-inner'  itemprop=\"thumbnailUrl\" >\t<img width='495' height='400' src='http:\/\/www.dzo.ufv.br\/wp-content\/uploads\/2017\/05\/Caprinocultura_04-495x400.jpg' title='Caprinocultura_04' alt='' \/><\/span><\/a><div class='avia-gallery-thumb'> <a href='http:\/\/www.dzo.ufv.br\/wp-content\/uploads\/2017\/05\/Caprinocultura_04.jpg' data-rel='gallery-1' data-prev-img='http:\/\/www.dzo.ufv.br\/wp-content\/uploads\/2017\/05\/Caprinocultura_04-495x400.jpg' class='first_thumb lightbox ' data-onclick='1' title=''  itemprop=\"thumbnailUrl\" ><img  src='http:\/\/www.dzo.ufv.br\/wp-content\/uploads\/2017\/05\/Caprinocultura_04-495x400.jpg' width='495' height='400'  title='Caprinocultura_04' alt='' \/><\/a> <a href='http:\/\/www.dzo.ufv.br\/wp-content\/uploads\/2017\/05\/Caprinocultura_35.jpg' data-rel='gallery-1' data-prev-img='http:\/\/www.dzo.ufv.br\/wp-content\/uploads\/2017\/05\/Caprinocultura_35-495x400.jpg' class='lightbox ' data-onclick='2' title=''  itemprop=\"thumbnailUrl\" ><img  src='http:\/\/www.dzo.ufv.br\/wp-content\/uploads\/2017\/05\/Caprinocultura_35-495x400.jpg' width='495' height='400'  title='Caprinocultura_35' alt='' \/><\/a> <a href='http:\/\/www.dzo.ufv.br\/wp-content\/uploads\/2017\/05\/Caprinocultura_39.jpg' data-rel='gallery-1' data-prev-img='http:\/\/www.dzo.ufv.br\/wp-content\/uploads\/2017\/05\/Caprinocultura_39-495x400.jpg' class='lightbox ' data-onclick='3' title=''  itemprop=\"thumbnailUrl\" ><img  src='http:\/\/www.dzo.ufv.br\/wp-content\/uploads\/2017\/05\/Caprinocultura_39-495x400.jpg' width='495' height='400'  title='Caprinocultura_39' alt='' \/><\/a> <a href='http:\/\/www.dzo.ufv.br\/wp-content\/uploads\/2017\/05\/Caprinocultura_46.jpg' data-rel='gallery-1' data-prev-img='http:\/\/www.dzo.ufv.br\/wp-content\/uploads\/2017\/05\/Caprinocultura_46-495x400.jpg' class='first_thumb lightbox ' data-onclick='4' title=''  itemprop=\"thumbnailUrl\" ><img  src='http:\/\/www.dzo.ufv.br\/wp-content\/uploads\/2017\/05\/Caprinocultura_46-495x400.jpg' width='495' height='400'  title='Caprinocultura_46' alt='' \/><\/a> <a href='http:\/\/www.dzo.ufv.br\/wp-content\/uploads\/2017\/05\/Caprinocultura_44.jpg' data-rel='gallery-1' data-prev-img='http:\/\/www.dzo.ufv.br\/wp-content\/uploads\/2017\/05\/Caprinocultura_44-495x400.jpg' class='lightbox ' data-onclick='5' title=''  itemprop=\"thumbnailUrl\" ><img  src='http:\/\/www.dzo.ufv.br\/wp-content\/uploads\/2017\/05\/Caprinocultura_44-495x400.jpg' width='495' height='400'  title='Caprinocultura_44' alt='' \/><\/a> <a href='http:\/\/www.dzo.ufv.br\/wp-content\/uploads\/2017\/05\/Caprinocultura_38.jpg' data-rel='gallery-1' data-prev-img='http:\/\/www.dzo.ufv.br\/wp-content\/uploads\/2017\/05\/Caprinocultura_38-495x400.jpg' class='lightbox ' data-onclick='6' title=''  itemprop=\"thumbnailUrl\" ><img  src='http:\/\/www.dzo.ufv.br\/wp-content\/uploads\/2017\/05\/Caprinocultura_38-495x400.jpg' width='495' height='400'  title='Caprinocultura_38' alt='' \/><\/a> <a href='http:\/\/www.dzo.ufv.br\/wp-content\/uploads\/2017\/05\/Caprinocultura_29.jpg' data-rel='gallery-1' data-prev-img='http:\/\/www.dzo.ufv.br\/wp-content\/uploads\/2017\/05\/Caprinocultura_29-495x400.jpg' class='first_thumb lightbox ' data-onclick='7' title=''  itemprop=\"thumbnailUrl\" ><img  src='http:\/\/www.dzo.ufv.br\/wp-content\/uploads\/2017\/05\/Caprinocultura_29-495x400.jpg' width='495' height='400'  title='Caprinocultura_29' alt='' \/><\/a> <a href='http:\/\/www.dzo.ufv.br\/wp-content\/uploads\/2017\/05\/Caprinocultura_26.jpg' data-rel='gallery-1' data-prev-img='http:\/\/www.dzo.ufv.br\/wp-content\/uploads\/2017\/05\/Caprinocultura_26-495x400.jpg' class='lightbox ' data-onclick='8' title=''  itemprop=\"thumbnailUrl\" ><img  src='http:\/\/www.dzo.ufv.br\/wp-content\/uploads\/2017\/05\/Caprinocultura_26-495x400.jpg' width='495' height='400'  title='Caprinocultura_26' alt='' \/><\/a> <a href='http:\/\/www.dzo.ufv.br\/wp-content\/uploads\/2017\/05\/Caprinocultura_22.jpg' data-rel='gallery-1' data-prev-img='http:\/\/www.dzo.ufv.br\/wp-content\/uploads\/2017\/05\/Caprinocultura_22-495x400.jpg' class='lightbox ' data-onclick='9' title=''  itemprop=\"thumbnailUrl\" ><img  src='http:\/\/www.dzo.ufv.br\/wp-content\/uploads\/2017\/05\/Caprinocultura_22-495x400.jpg' width='495' height='400'  title='Caprinocultura_22' alt='' \/><\/a> <a href='http:\/\/www.dzo.ufv.br\/wp-content\/uploads\/2017\/05\/Caprinocultura_19.jpg' data-rel='gallery-1' data-prev-img='http:\/\/www.dzo.ufv.br\/wp-content\/uploads\/2017\/05\/Caprinocultura_19-495x400.jpg' class='first_thumb lightbox ' data-onclick='10' title=''  itemprop=\"thumbnailUrl\" ><img  src='http:\/\/www.dzo.ufv.br\/wp-content\/uploads\/2017\/05\/Caprinocultura_19-495x400.jpg' width='495' height='400'  title='Caprinocultura_19' alt='' \/><\/a> <a href='http:\/\/www.dzo.ufv.br\/wp-content\/uploads\/2017\/05\/Caprinocultura_15.jpg' data-rel='gallery-1' data-prev-img='http:\/\/www.dzo.ufv.br\/wp-content\/uploads\/2017\/05\/Caprinocultura_15-495x400.jpg' class='lightbox ' data-onclick='11' title=''  itemprop=\"thumbnailUrl\" ><img  src='http:\/\/www.dzo.ufv.br\/wp-content\/uploads\/2017\/05\/Caprinocultura_15-495x400.jpg' width='495' height='400'  title='Caprinocultura_15' alt='' \/><\/a> <a href='http:\/\/www.dzo.ufv.br\/wp-content\/uploads\/2017\/05\/Caprinocultura_13.jpg' data-rel='gallery-1' data-prev-img='http:\/\/www.dzo.ufv.br\/wp-content\/uploads\/2017\/05\/Caprinocultura_13-495x400.jpg' class='lightbox ' data-onclick='12' title=''  itemprop=\"thumbnailUrl\" ><img  src='http:\/\/www.dzo.ufv.br\/wp-content\/uploads\/2017\/05\/Caprinocultura_13-495x400.jpg' width='495' height='400'  title='Caprinocultura_13' alt='' \/><\/a> <a href='http:\/\/www.dzo.ufv.br\/wp-content\/uploads\/2017\/05\/Caprinocultura_10.jpg' data-rel='gallery-1' data-prev-img='http:\/\/www.dzo.ufv.br\/wp-content\/uploads\/2017\/05\/Caprinocultura_10-495x400.jpg' class='first_thumb lightbox ' data-onclick='13' title=''  itemprop=\"thumbnailUrl\" ><img  src='http:\/\/www.dzo.ufv.br\/wp-content\/uploads\/2017\/05\/Caprinocultura_10-495x400.jpg' width='495' height='400'  title='Caprinocultura_10' alt='' \/><\/a> <a href='http:\/\/www.dzo.ufv.br\/wp-content\/uploads\/2017\/05\/Caprinocultura_02.jpg' data-rel='gallery-1' data-prev-img='http:\/\/www.dzo.ufv.br\/wp-content\/uploads\/2017\/05\/Caprinocultura_02-495x400.jpg' class='lightbox ' data-onclick='14' title=''  itemprop=\"thumbnailUrl\" ><img  src='http:\/\/www.dzo.ufv.br\/wp-content\/uploads\/2017\/05\/Caprinocultura_02-495x400.jpg' width='495' height='400'  title='Caprinocultura_02' alt='' \/><\/a><\/div><\/div><\/div><\/p>\n<div  class='avia-video avia-video-16-9  '  itemprop=\"video\" itemtype=\"https:\/\/schema.org\/VideoObject\" ><div class='avia-iframe-wrap'><iframe width=\"1500\" height=\"844\" src=\"https:\/\/www.youtube.com\/embed\/1FnoCPdJbFk?feature=oembed\" frameborder=\"0\" allowfullscreen><\/iframe><\/div><\/div>\n","protected":false},"excerpt":{"rendered":"","protected":false},"author":1,"featured_media":0,"parent":0,"menu_order":0,"comment_status":"closed","ping_status":"closed","template":"","meta":[],"_links":{"self":[{"href":"http:\/\/www.dzo.ufv.br\/index.php\/wp-json\/wp\/v2\/pages\/781"}],"collection":[{"href":"http:\/\/www.dzo.ufv.br\/index.php\/wp-json\/wp\/v2\/pages"}],"about":[{"href":"http:\/\/www.dzo.ufv.br\/index.php\/wp-json\/wp\/v2\/types\/page"}],"author":[{"embeddable":true,"href":"http:\/\/www.dzo.ufv.br\/index.php\/wp-json\/wp\/v2\/users\/1"}],"replies":[{"embeddable":true,"href":"http:\/\/www.dzo.ufv.br\/index.php\/wp-json\/wp\/v2\/comments?post=781"}],"version-history":[{"count":21,"href":"http:\/\/www.dzo.ufv.br\/index.php\/wp-json\/wp\/v2\/pages\/781\/revisions"}],"predecessor-version":[{"id":8241,"href":"http:\/\/www.dzo.ufv.br\/index.php\/wp-json\/wp\/v2\/pages\/781\/revisions\/8241"}],"wp:attachment":[{"href":"http:\/\/www.dzo.ufv.br\/index.php\/wp-json\/wp\/v2\/media?parent=781"}],"curies":[{"name":"wp","href":"https:\/\/api.w.org\/{rel}","templated":true}]}}