{"id":7174,"date":"2021-03-01T13:42:44","date_gmt":"2021-03-01T16:42:44","guid":{"rendered":"http:\/\/www.dzo.ufv.br\/?page_id=7174"},"modified":"2023-04-13T13:43:46","modified_gmt":"2023-04-13T16:43:46","slug":"unidade-de-ensino-pesquisa-e-extensao-em-aquicultura","status":"publish","type":"page","link":"http:\/\/www.dzo.ufv.br\/index.php\/unidade-de-ensino-pesquisa-e-extensao-em-aquicultura\/","title":{"rendered":"Unidade de Ensino, Pesquisa e Extens\u00e3o em Aquicultura"},"content":{"rendered":"<div class=\"flex_column av_one_full  flex_column_div av-zero-column-padding first  \" style='border-radius:0px; '><\/div><div class=\"flex_column av_one_half  flex_column_div av-zero-column-padding first  \" style='border-radius:0px; '><section class=\"av_textblock_section\"  itemscope=\"itemscope\" itemtype=\"https:\/\/schema.org\/CreativeWork\" ><div class='avia_textblock '  style='font-size:17px; '  itemprop=\"text\" ><p><strong>Laborat\u00f3rio de\u00a0Aquicultura<\/strong><\/p>\n<p><strong>Professor Respons\u00e1vel:<\/strong><\/p>\n<p>Rodrigo Fortes da Silva<\/p>\n<p><strong>Interesses de Pesquisa:<br \/>\n<\/strong>Nutri\u00e7\u00e3o e comportamento alimentar de esp\u00e9cies aqu\u00edcolas<\/p>\n<p><strong>Corpo t\u00e9cnico permanente:<\/strong><br \/>\nGledston da Silva Rezende<br \/>\nProf. Leandro Santos Costa<\/p>\n<p><strong>Contatos:<\/strong><br \/>\nTel:\u00a03612-4655 \/ (31) 998686460<br \/>\nEmail:\u00a0fortes-silva@ufv.br<\/p>\n<\/div><\/section><\/div><div class=\"flex_column av_one_half  flex_column_div av-zero-column-padding   \" style='border-radius:0px; '><\/div><\/p>\n","protected":false},"excerpt":{"rendered":"","protected":false},"author":1,"featured_media":0,"parent":0,"menu_order":0,"comment_status":"closed","ping_status":"closed","template":"","meta":[],"_links":{"self":[{"href":"http:\/\/www.dzo.ufv.br\/index.php\/wp-json\/wp\/v2\/pages\/7174"}],"collection":[{"href":"http:\/\/www.dzo.ufv.br\/index.php\/wp-json\/wp\/v2\/pages"}],"about":[{"href":"http:\/\/www.dzo.ufv.br\/index.php\/wp-json\/wp\/v2\/types\/page"}],"author":[{"embeddable":true,"href":"http:\/\/www.dzo.ufv.br\/index.php\/wp-json\/wp\/v2\/users\/1"}],"replies":[{"embeddable":true,"href":"http:\/\/www.dzo.ufv.br\/index.php\/wp-json\/wp\/v2\/comments?post=7174"}],"version-history":[{"count":3,"href":"http:\/\/www.dzo.ufv.br\/index.php\/wp-json\/wp\/v2\/pages\/7174\/revisions"}],"predecessor-version":[{"id":8227,"href":"http:\/\/www.dzo.ufv.br\/index.php\/wp-json\/wp\/v2\/pages\/7174\/revisions\/8227"}],"wp:attachment":[{"href":"http:\/\/www.dzo.ufv.br\/index.php\/wp-json\/wp\/v2\/media?parent=7174"}],"curies":[{"name":"wp","href":"https:\/\/api.w.org\/{rel}","templated":true}]}}