{"id":7171,"date":"2021-03-01T13:42:36","date_gmt":"2021-03-01T16:42:36","guid":{"rendered":"http:\/\/www.dzo.ufv.br\/?page_id=7171"},"modified":"2023-04-13T14:42:21","modified_gmt":"2023-04-13T17:42:21","slug":"unidade-de-ensino-pesquisa-e-extensao-em-nutricao-e-producao-de-ruminantes","status":"publish","type":"page","link":"http:\/\/www.dzo.ufv.br\/index.php\/unidade-de-ensino-pesquisa-e-extensao-em-nutricao-e-producao-de-ruminantes\/","title":{"rendered":"Unidade de Ensino, Pesquisa e Extens\u00e3o em Nutri\u00e7\u00e3o e Produ\u00e7\u00e3o de Ruminantes"},"content":{"rendered":"<div class=\"flex_column av_one_full  flex_column_div av-zero-column-padding first  \" style='border-radius:0px; '><\/div>\n<div class=\"flex_column av_one_half  flex_column_div av-zero-column-padding first  \" style='border-radius:0px; '><section class=\"av_textblock_section\"  itemscope=\"itemscope\" itemtype=\"https:\/\/schema.org\/CreativeWork\" ><div class='avia_textblock '  style='font-size:17px; '  itemprop=\"text\" ><p><strong>Unidade de Ensino pesquisa e Extens\u00e3o em\u00a0Nutri\u00e7\u00e3o e Produ\u00e7\u00e3o de Ruminantes<\/strong><\/p>\n<p><strong>Professor Respons\u00e1vel:<br \/>\n<\/strong>Sebasti\u00e3o de Campos Valadares Filho<\/p>\n<p><strong>Interesses de pesquisa:<br \/>\n<\/strong><\/p>\n<p><strong>Corpo t\u00e9cnico permanente:<br \/>\n<\/strong><\/p>\n<p><strong>Contatos:<\/strong><br \/>\nTelefone:\u00a03612-4648<br \/>\nEmail:\u00a0scvfilho@ufv.br<\/p>\n<\/div><\/section><\/div><div class=\"flex_column av_one_half  flex_column_div av-zero-column-padding   \" style='border-radius:0px; '><\/div><\/p>\n","protected":false},"excerpt":{"rendered":"","protected":false},"author":1,"featured_media":0,"parent":0,"menu_order":0,"comment_status":"closed","ping_status":"closed","template":"","meta":[],"_links":{"self":[{"href":"http:\/\/www.dzo.ufv.br\/index.php\/wp-json\/wp\/v2\/pages\/7171"}],"collection":[{"href":"http:\/\/www.dzo.ufv.br\/index.php\/wp-json\/wp\/v2\/pages"}],"about":[{"href":"http:\/\/www.dzo.ufv.br\/index.php\/wp-json\/wp\/v2\/types\/page"}],"author":[{"embeddable":true,"href":"http:\/\/www.dzo.ufv.br\/index.php\/wp-json\/wp\/v2\/users\/1"}],"replies":[{"embeddable":true,"href":"http:\/\/www.dzo.ufv.br\/index.php\/wp-json\/wp\/v2\/comments?post=7171"}],"version-history":[{"count":3,"href":"http:\/\/www.dzo.ufv.br\/index.php\/wp-json\/wp\/v2\/pages\/7171\/revisions"}],"predecessor-version":[{"id":8236,"href":"http:\/\/www.dzo.ufv.br\/index.php\/wp-json\/wp\/v2\/pages\/7171\/revisions\/8236"}],"wp:attachment":[{"href":"http:\/\/www.dzo.ufv.br\/index.php\/wp-json\/wp\/v2\/media?parent=7171"}],"curies":[{"name":"wp","href":"https:\/\/api.w.org\/{rel}","templated":true}]}}