{"id":7107,"date":"2021-03-01T13:10:35","date_gmt":"2021-03-01T16:10:35","guid":{"rendered":"http:\/\/www.dzo.ufv.br\/?page_id=7107"},"modified":"2023-04-18T10:05:01","modified_gmt":"2023-04-18T13:05:01","slug":"laboratorio-de-informatica-do-melhoramento-animal-2","status":"publish","type":"page","link":"http:\/\/www.dzo.ufv.br\/index.php\/laboratorio-de-informatica-do-melhoramento-animal-2\/","title":{"rendered":"Laboratorio de Inform\u00e1tica do Melhoramento Animal"},"content":{"rendered":"<div class=\"flex_column av_one_full  flex_column_div av-zero-column-padding first  \" style='border-radius:0px; '><\/div>\n<div class=\"flex_column av_one_half  flex_column_div av-zero-column-padding first  \" style='border-radius:0px; '><section class=\"av_textblock_section\"  itemscope=\"itemscope\" itemtype=\"https:\/\/schema.org\/CreativeWork\" ><div class='avia_textblock '  style='font-size:17px; '  itemprop=\"text\" ><p><strong>Laborat\u00f3rio de\u00a0Inform\u00e1tica do Melhoramento Animal<\/strong><\/p>\n<p><strong>Professor Respons\u00e1vel:<\/strong><br \/>\nDelvan Alves da Silva<br \/>\n<strong>Equipe:<\/strong><br \/>\nProf. Delvan Alves da Silva<br \/>\nProfa. Daniele Botelho Diniz Marques<br \/>\nProfa. Renata Veroneze<br \/>\nProfa. Simone Eliza Facioni Guimar\u00e3es<br \/>\nProf. Paulo S\u00e1vio Lopes<br \/>\n<strong>Interesses de pesquisa:<\/strong><br \/>\nGen\u00e9tica e melhoramento animal,\u00a0Associa\u00e7\u00e3o gen\u00f4mica ampla, Sele\u00e7\u00e3o Gen\u00f4mica\u00a0e Intera\u00e7\u00e3o gen\u00f3tipo x ambiente<br \/>\n<strong>Contatos:<\/strong><br \/>\nTelefone: 3612 &#8211; 4625<br \/>\nEmail:\u00a0<a href=\"mailto:delvan.silva@ufv.br\" target=\"_blank\" rel=\"noopener noreferrer\">delvan.silva@ufv.br<\/a><\/p>\n<\/div><\/section><\/div><div class=\"flex_column av_one_half  flex_column_div av-zero-column-padding   \" style='border-radius:0px; '><\/div><\/p>\n","protected":false},"excerpt":{"rendered":"","protected":false},"author":1,"featured_media":0,"parent":0,"menu_order":0,"comment_status":"closed","ping_status":"closed","template":"","meta":[],"_links":{"self":[{"href":"http:\/\/www.dzo.ufv.br\/index.php\/wp-json\/wp\/v2\/pages\/7107"}],"collection":[{"href":"http:\/\/www.dzo.ufv.br\/index.php\/wp-json\/wp\/v2\/pages"}],"about":[{"href":"http:\/\/www.dzo.ufv.br\/index.php\/wp-json\/wp\/v2\/types\/page"}],"author":[{"embeddable":true,"href":"http:\/\/www.dzo.ufv.br\/index.php\/wp-json\/wp\/v2\/users\/1"}],"replies":[{"embeddable":true,"href":"http:\/\/www.dzo.ufv.br\/index.php\/wp-json\/wp\/v2\/comments?post=7107"}],"version-history":[{"count":5,"href":"http:\/\/www.dzo.ufv.br\/index.php\/wp-json\/wp\/v2\/pages\/7107\/revisions"}],"predecessor-version":[{"id":8431,"href":"http:\/\/www.dzo.ufv.br\/index.php\/wp-json\/wp\/v2\/pages\/7107\/revisions\/8431"}],"wp:attachment":[{"href":"http:\/\/www.dzo.ufv.br\/index.php\/wp-json\/wp\/v2\/media?parent=7107"}],"curies":[{"name":"wp","href":"https:\/\/api.w.org\/{rel}","templated":true}]}}