{"id":708,"date":"2017-05-08T08:37:07","date_gmt":"2017-05-08T11:37:07","guid":{"rendered":"http:\/\/www.dzo.ufv.br\/sitenovo\/?page_id=708"},"modified":"2023-04-11T11:54:54","modified_gmt":"2023-04-11T14:54:54","slug":"uepe-equideocultura","status":"publish","type":"page","link":"http:\/\/www.dzo.ufv.br\/index.php\/uepe-equideocultura\/","title":{"rendered":"Unidade de Ensino, Pesquisa e Extens\u00e3o em Equideocultura"},"content":{"rendered":"<\/div><\/div><\/div><!-- close content main div --><\/div><\/div><div id='full_slider_1' class='avia-fullwidth-slider main_color avia-shadow  container_wrap sidebar_right'   ><div  data-size='no scaling'  data-lightbox_size='large'  data-animation='slide'  data-ids='2383'  data-video_counter='0'  data-autoplay='false'  data-bg_slider='false'  data-slide_height=''  data-handle='av_slideshow_full'  data-interval='5'  data-class=' '  data-css_id=''  data-scroll_down=''  data-control_layout='av-control-default'  data-custom_markup=''  data-perma_caption=''  data-autoplay_stopper=''  data-image_attachment=''  data-min_height='0px'  data-src=''  data-position='top left'  data-repeat='no-repeat'  data-attach='scroll'  data-stretch=''  class='avia-slideshow avia-slideshow-1  av-control-default av-default-height-applied avia-slideshow-no scaling av_slideshow_full   avia-slide-slider '  itemscope=\"itemscope\" itemtype=\"https:\/\/schema.org\/ImageObject\" ><ul class='avia-slideshow-inner' style='padding-bottom: 35.714285714286%;'><li  class=' av-single-slide slide-1 ' ><div data-rel='slideshow-1' class='avia-slide-wrap'  ><img src='http:\/\/www.dzo.ufv.br\/wp-content\/uploads\/2017\/05\/Abertura-5.jpg' width='1400' height='500' title='Abertura-5' alt=''  itemprop=\"thumbnailUrl\"   \/><\/div><\/li><\/ul><\/div><\/div>\n<div class=\"flex_column av_one_half  flex_column_div av-zero-column-padding first  \" style='border-radius:0px; '><section class=\"av_textblock_section\"  itemscope=\"itemscope\" itemtype=\"https:\/\/schema.org\/CreativeWork\" ><div class='avia_textblock '  style='font-size:17px; '  itemprop=\"text\" ><p><strong>Unidade de Ensino, Pesquisa e Extens\u00e3o em Equ\u00eddeos<\/strong><\/p>\n<p><strong>Respons\u00e1vel:\u00a0<\/strong>Yam\u00ea Fabres Robaina Sancler da Silva<\/p>\n<p><strong>Interesses em Pesquisa:<\/strong><br \/>\nNutri\u00e7\u00e3o, Fisiologia da digest\u00e3o e do exerc\u00edcio, Reprodu\u00e7\u00e3o de macho e f\u00eamea, Melhoramento Gen\u00e9tico, Exterior de equ\u00eddeos, Doma, Aprumos e Andamentos, Biomec\u00e2nica, Fisioterapia,\u00a0 Podologia, Bioclimatologia, Cria\u00e7\u00e3o e Manejo.<\/p>\n<p><strong>Equipe Permanente:<\/strong><br \/>\nCristian Silva Teixeira<br \/>\nBernardo Sena dos Santos<br \/>\nEdelson Rosa de Freitas<\/p>\n<p><strong>Contatos:<br \/>\n<\/strong>Email: yame@ufv.br\u00a0\/ yamefabres@gmail.com<br \/>\nTel:\u00a0 +55 031 3612-4632<\/p>\n<\/div><\/section><\/div><div class=\"flex_column av_one_half  flex_column_div av-zero-column-padding   \" style='border-radius:0px; '><div class='avia-gallery avia-gallery-1 avia_lazyload avia_animate_when_visible '  itemscope=\"itemscope\" itemtype=\"https:\/\/schema.org\/ImageObject\" ><a class='avia-gallery-big fakeLightbox lightbox avia-gallery-big-crop-thumb ' href='http:\/\/www.dzo.ufv.br\/wp-content\/uploads\/2017\/05\/Equidocultura_01-1.jpg'  data-onclick='1' title='' ><span class='avia-gallery-big-inner'  itemprop=\"thumbnailUrl\" >\t<img width='495' height='400' src='http:\/\/www.dzo.ufv.br\/wp-content\/uploads\/2017\/05\/Equidocultura_01-1-495x400.jpg' title='Equidocultura_01' alt='' \/><\/span><\/a><div class='avia-gallery-thumb'> <a href='http:\/\/www.dzo.ufv.br\/wp-content\/uploads\/2017\/05\/Equidocultura_01-1.jpg' data-rel='gallery-1' data-prev-img='http:\/\/www.dzo.ufv.br\/wp-content\/uploads\/2017\/05\/Equidocultura_01-1-495x400.jpg' class='first_thumb lightbox ' data-onclick='1' title=''  itemprop=\"thumbnailUrl\" ><img  src='http:\/\/www.dzo.ufv.br\/wp-content\/uploads\/2017\/05\/Equidocultura_01-1-495x400.jpg' width='495' height='400'  title='Equidocultura_01' alt='' \/><\/a> <a href='http:\/\/www.dzo.ufv.br\/wp-content\/uploads\/2017\/05\/Equidocultura_02-1.jpg' data-rel='gallery-1' data-prev-img='http:\/\/www.dzo.ufv.br\/wp-content\/uploads\/2017\/05\/Equidocultura_02-1-495x400.jpg' class='lightbox ' data-onclick='2' title=''  itemprop=\"thumbnailUrl\" ><img  src='http:\/\/www.dzo.ufv.br\/wp-content\/uploads\/2017\/05\/Equidocultura_02-1-495x400.jpg' width='495' height='400'  title='Equidocultura_02' alt='' \/><\/a> <a href='http:\/\/www.dzo.ufv.br\/wp-content\/uploads\/2017\/05\/Equidocultura_03-1.jpg' data-rel='gallery-1' data-prev-img='http:\/\/www.dzo.ufv.br\/wp-content\/uploads\/2017\/05\/Equidocultura_03-1-495x400.jpg' class='lightbox ' data-onclick='3' title=''  itemprop=\"thumbnailUrl\" ><img  src='http:\/\/www.dzo.ufv.br\/wp-content\/uploads\/2017\/05\/Equidocultura_03-1-495x400.jpg' width='495' height='400'  title='Equidocultura_03' alt='' \/><\/a> <a href='http:\/\/www.dzo.ufv.br\/wp-content\/uploads\/2017\/05\/Equidocultura_04-1.jpg' data-rel='gallery-1' data-prev-img='http:\/\/www.dzo.ufv.br\/wp-content\/uploads\/2017\/05\/Equidocultura_04-1-495x400.jpg' class='first_thumb lightbox ' data-onclick='4' title=''  itemprop=\"thumbnailUrl\" ><img  src='http:\/\/www.dzo.ufv.br\/wp-content\/uploads\/2017\/05\/Equidocultura_04-1-495x400.jpg' width='495' height='400'  title='Equidocultura_04' alt='' \/><\/a> <a href='http:\/\/www.dzo.ufv.br\/wp-content\/uploads\/2017\/05\/Equidocultura_05-1.jpg' data-rel='gallery-1' data-prev-img='http:\/\/www.dzo.ufv.br\/wp-content\/uploads\/2017\/05\/Equidocultura_05-1-495x400.jpg' class='lightbox ' data-onclick='5' title=''  itemprop=\"thumbnailUrl\" ><img  src='http:\/\/www.dzo.ufv.br\/wp-content\/uploads\/2017\/05\/Equidocultura_05-1-495x400.jpg' width='495' height='400'  title='Equidocultura_05' alt='' \/><\/a> <a href='http:\/\/www.dzo.ufv.br\/wp-content\/uploads\/2017\/05\/Equidocultura_06-1.jpg' data-rel='gallery-1' data-prev-img='http:\/\/www.dzo.ufv.br\/wp-content\/uploads\/2017\/05\/Equidocultura_06-1-495x400.jpg' class='lightbox ' data-onclick='6' title=''  itemprop=\"thumbnailUrl\" ><img  src='http:\/\/www.dzo.ufv.br\/wp-content\/uploads\/2017\/05\/Equidocultura_06-1-495x400.jpg' width='495' height='400'  title='Equidocultura_06' alt='' \/><\/a> <a href='http:\/\/www.dzo.ufv.br\/wp-content\/uploads\/2017\/05\/Equidocultura_07-1.jpg' data-rel='gallery-1' data-prev-img='http:\/\/www.dzo.ufv.br\/wp-content\/uploads\/2017\/05\/Equidocultura_07-1-495x400.jpg' class='first_thumb lightbox ' data-onclick='7' title=''  itemprop=\"thumbnailUrl\" ><img  src='http:\/\/www.dzo.ufv.br\/wp-content\/uploads\/2017\/05\/Equidocultura_07-1-495x400.jpg' width='495' height='400'  title='Equidocultura_07' alt='' \/><\/a> <a href='http:\/\/www.dzo.ufv.br\/wp-content\/uploads\/2017\/05\/Equidocultura_08-1.jpg' data-rel='gallery-1' data-prev-img='http:\/\/www.dzo.ufv.br\/wp-content\/uploads\/2017\/05\/Equidocultura_08-1-495x400.jpg' class='lightbox ' data-onclick='8' title=''  itemprop=\"thumbnailUrl\" ><img  src='http:\/\/www.dzo.ufv.br\/wp-content\/uploads\/2017\/05\/Equidocultura_08-1-495x400.jpg' width='495' height='400'  title='Equidocultura_08' alt='' \/><\/a> <a href='http:\/\/www.dzo.ufv.br\/wp-content\/uploads\/2017\/05\/Equidocultura_09-1.jpg' data-rel='gallery-1' data-prev-img='http:\/\/www.dzo.ufv.br\/wp-content\/uploads\/2017\/05\/Equidocultura_09-1-495x400.jpg' class='lightbox ' data-onclick='9' title=''  itemprop=\"thumbnailUrl\" ><img  src='http:\/\/www.dzo.ufv.br\/wp-content\/uploads\/2017\/05\/Equidocultura_09-1-495x400.jpg' width='495' height='400'  title='Equidocultura_09' alt='' \/><\/a> <a href='http:\/\/www.dzo.ufv.br\/wp-content\/uploads\/2017\/05\/Equidocultura_10-1.jpg' data-rel='gallery-1' data-prev-img='http:\/\/www.dzo.ufv.br\/wp-content\/uploads\/2017\/05\/Equidocultura_10-1-495x400.jpg' class='first_thumb lightbox ' data-onclick='10' title=''  itemprop=\"thumbnailUrl\" ><img  src='http:\/\/www.dzo.ufv.br\/wp-content\/uploads\/2017\/05\/Equidocultura_10-1-495x400.jpg' width='495' height='400'  title='Equidocultura_10' alt='' \/><\/a><\/div><\/div><\/div><\/p>\n","protected":false},"excerpt":{"rendered":"","protected":false},"author":1,"featured_media":0,"parent":0,"menu_order":0,"comment_status":"closed","ping_status":"closed","template":"","meta":[],"_links":{"self":[{"href":"http:\/\/www.dzo.ufv.br\/index.php\/wp-json\/wp\/v2\/pages\/708"}],"collection":[{"href":"http:\/\/www.dzo.ufv.br\/index.php\/wp-json\/wp\/v2\/pages"}],"about":[{"href":"http:\/\/www.dzo.ufv.br\/index.php\/wp-json\/wp\/v2\/types\/page"}],"author":[{"embeddable":true,"href":"http:\/\/www.dzo.ufv.br\/index.php\/wp-json\/wp\/v2\/users\/1"}],"replies":[{"embeddable":true,"href":"http:\/\/www.dzo.ufv.br\/index.php\/wp-json\/wp\/v2\/comments?post=708"}],"version-history":[{"count":17,"href":"http:\/\/www.dzo.ufv.br\/index.php\/wp-json\/wp\/v2\/pages\/708\/revisions"}],"predecessor-version":[{"id":8240,"href":"http:\/\/www.dzo.ufv.br\/index.php\/wp-json\/wp\/v2\/pages\/708\/revisions\/8240"}],"wp:attachment":[{"href":"http:\/\/www.dzo.ufv.br\/index.php\/wp-json\/wp\/v2\/media?parent=708"}],"curies":[{"name":"wp","href":"https:\/\/api.w.org\/{rel}","templated":true}]}}