{"id":69,"date":"2017-03-28T22:42:50","date_gmt":"2017-03-28T22:42:50","guid":{"rendered":"http:\/\/www.dzo.ufv.br\/sitenovo\/?page_id=69"},"modified":"2023-08-16T10:02:39","modified_gmt":"2023-08-16T13:02:39","slug":"pessoal-administrativo","status":"publish","type":"page","link":"http:\/\/www.dzo.ufv.br\/index.php\/pessoal-administrativo\/","title":{"rendered":"Administra\u00e7\u00e3o"},"content":{"rendered":"<div class=\"flex_column av_one_third  flex_column_div av-zero-column-padding first  \" style='border-radius:0px; '><p><div class='avia-image-container  av-styling-   avia-align-center '  itemscope=\"itemscope\" itemtype=\"https:\/\/schema.org\/ImageObject\"  ><div class='avia-image-container-inner'><img class='avia_image ' src='http:\/\/www.dzo.ufv.br\/wp-content\/uploads\/2018\/03\/Luciana-Navajas-Renn\u00f3.jpg' alt='' title='Luciana-Navajas-Renn\u00f3'   itemprop=\"thumbnailUrl\"  \/><\/div><\/div><br \/>\n<\/p><\/div>\n<div class=\"flex_column av_two_third  flex_column_div av-zero-column-padding   \" style='border-radius:0px; '><p><div style='padding-bottom:10px;' class='av-special-heading av-special-heading-h3    '><h3 class='av-special-heading-tag'  itemprop=\"headline\"  >Chefe do Departamento<\/h3><div class='special-heading-border'><div class='special-heading-inner-border' ><\/div><\/div><\/div><br \/>\n<section class=\"av_textblock_section\"  itemscope=\"itemscope\" itemtype=\"https:\/\/schema.org\/CreativeWork\" ><div class='avia_textblock '  style='font-size:17px; '  itemprop=\"text\" ><p><strong>Luciana Renno<\/strong><\/p>\n<p><strong>Telefone:\u00a0<\/strong>3612-4626 \/ 3612-4604<br \/>\n<strong>Email:\u00a0<\/strong><a href=\"mailto:lucianarenno@ufv.br\">lucianarenno@ufv.br<\/a><\/p>\n<\/div><\/section><\/p><\/div>\n<div class=\"flex_column av_one_full  flex_column_div av-zero-column-padding first  \" style='border-radius:0px; '><p><div style='padding-bottom:10px;' class='av-special-heading av-special-heading-h3    '><h3 class='av-special-heading-tag'  itemprop=\"headline\"  >Secretaria de Chefia<\/h3><div class='special-heading-border'><div class='special-heading-inner-border' ><\/div><\/div><\/div><br \/>\n<section class=\"av_textblock_section\"  itemscope=\"itemscope\" itemtype=\"https:\/\/schema.org\/CreativeWork\" ><div class='avia_textblock '  style='font-size:17px; '  itemprop=\"text\" ><div id=\"Lateral\">\n<div id=\"Busca\"><\/div>\n<div id=\"Endereco\">\n<p><strong>Vin\u00edcius Silva Parreira<\/strong><\/p>\n<p><strong>Telefone:\u00a0<\/strong>3612-4603<strong><br \/>\nE-mail: <\/strong><a href=\"mailto:dzo@ufv.br\">dzo@ufv.br<\/a><strong><br \/>\n<\/strong><\/p>\n<\/div>\n<p><strong>Rosana Teresa Cardoso Barbosa<\/strong><\/p>\n<p><strong>Telefone:<\/strong> 3612-4616<br \/>\n<strong>E-mail:<\/strong>\u00a0<a href=\"mailto:apoio.dzo@ufv.br\" target=\"_blank\" rel=\"noopener noreferrer\">apoio.dzo@ufv.br<\/a><\/p>\n<\/div>\n<\/div><\/section><br \/>\n<div style='padding-bottom:10px;' class='av-special-heading av-special-heading-h3    '><h3 class='av-special-heading-tag'  itemprop=\"headline\"  >Coordena\u00e7\u00e3o de Gradua\u00e7\u00e3o<\/h3><div class='special-heading-border'><div class='special-heading-inner-border' ><\/div><\/div><\/div><br \/>\n<section class=\"av_textblock_section\"  itemscope=\"itemscope\" itemtype=\"https:\/\/schema.org\/CreativeWork\" ><div class='avia_textblock '  style='font-size:17px; '  itemprop=\"text\" ><p><strong>Rodrigo Fortes da Silva<\/strong><\/p>\n<p><strong>Telefone:<\/strong>+55\u00a031 3612 4655<strong><br \/>\nEmail:<\/strong> <a href=\"mailto:fortes-silva@ufv.br\">fortes-silva@ufv.br<\/a><\/p>\n<\/div><\/section><br \/>\n<div  class='hr hr-short hr-left '><span class='hr-inner ' ><span class='hr-inner-style'><\/span><\/span><\/div><br \/>\n<section class=\"av_textblock_section\"  itemscope=\"itemscope\" itemtype=\"https:\/\/schema.org\/CreativeWork\" ><div class='avia_textblock '  style='font-size:17px; '  itemprop=\"text\" ><p><strong>Secretaria da Gradua\u00e7\u00e3o<\/strong><\/p>\n<p><strong>M\u00e1rio de Souza Silva Filho<\/strong><\/p>\n<p><strong>Telefone:\u00a0<\/strong>3612-4621<strong><br \/>\nE-mail:<\/strong> <a href=\"mailto:msfilho@ufv.br\">msfilho@ufv.br<\/a><\/p>\n<\/div><\/section><br \/>\n<div style='padding-bottom:10px;' class='av-special-heading av-special-heading-h3    '><h3 class='av-special-heading-tag'  itemprop=\"headline\"  >Coordena\u00e7\u00e3o de P\u00f3s-Gradua\u00e7\u00e3o<\/h3><div class='special-heading-border'><div class='special-heading-inner-border' ><\/div><\/div><\/div><br \/>\n<section class=\"av_textblock_section\"  itemscope=\"itemscope\" itemtype=\"https:\/\/schema.org\/CreativeWork\" ><div class='avia_textblock '  style='font-size:17px; '  itemprop=\"text\" ><p><strong>Coordenador<\/strong><\/p>\n<p><strong>Simone Eliza Facioni Guimar\u00e3es<\/strong><\/p>\n<p><strong>Telefone<\/strong>: 3612-4671<\/p>\n<p><strong>Email<\/strong>:\u00a0sfacioni@ufv.br<\/p>\n<\/div><\/section><br \/>\n<div  class='hr hr-short hr-left '><span class='hr-inner ' ><span class='hr-inner-style'><\/span><\/span><\/div><br \/>\n<section class=\"av_textblock_section\"  itemscope=\"itemscope\" itemtype=\"https:\/\/schema.org\/CreativeWork\" ><div class='avia_textblock '  style='font-size:17px; '  itemprop=\"text\" ><p><strong>Secretaria da P\u00f3s-Gradua\u00e7\u00e3o<\/strong><\/p>\n<p><strong>Fernanda Cristina Vieira e Silva<\/strong><\/p>\n<p><strong>Telefone:\u00a0<\/strong>3612-4622<strong><br \/>\nE-mail:<\/strong>\u00a0<a href=\"mailto:ztc@ufv.br\">ztc@ufv.br<\/a><\/p>\n<\/div><\/section><br \/>\n<div style='padding-bottom:10px;' class='av-special-heading av-special-heading-h3    '><h3 class='av-special-heading-tag'  itemprop=\"headline\"  >Comiss\u00f5es<\/h3><div class='special-heading-border'><div class='special-heading-inner-border' ><\/div><\/div><\/div><br \/>\n<section class=\"av_textblock_section\"  itemscope=\"itemscope\" itemtype=\"https:\/\/schema.org\/CreativeWork\" ><div class='avia_textblock '  style='font-size:17px; '  itemprop=\"text\" ><p><strong>COMISS\u00c3O DE ENSINO<\/strong><br \/>\nCRISTINA MATTOS VELOSO <strong>(PRESIDENTE)<\/strong><br \/>\nCLA\u00daDIA BATISTA SAMPAIO<br \/>\nMELISSA IZABEL HANNAS<br \/>\nSIMONE ELIZA FACIONI GUIMAR\u00c3ES<\/p>\n<p><strong>COMISS\u00c3O DE PESQUISA<\/strong><br \/>\nALYSSON SARAIVA\u00a0 <strong>(PRESIDENTE)<\/strong><br \/>\nLUCIANA NAVAJAS RENN\u00d3<br \/>\nDELVAN ALVES DA SILVA<br \/>\nSIMONE ELIZA FACIONI GUIMAR\u00c3ES<\/p>\n<p><strong>COMISS\u00c3O DE EXTENS\u00c3O<\/strong><br \/>\nFERNANDA HELENA MARTINS CHIZZOTTI<strong> (PRESIDENTE)<\/strong><br \/>\nKARINA COSTA BUSATO<br \/>\nLUCIANA NAVAJAS RENN\u00d3<br \/>\nPOLYANA PIZZI ROTTA<\/p>\n<p><strong>COMISS\u00c3O DE AVALIA\u00c7\u00c3O E DESEMPENHO DOCENTE<\/strong><br \/>\nCRISTINA MATTOS VELOSO <strong>(PRESIDENTE)<\/strong><br \/>\nKARINA GUIMAR\u00c3ES RIBEIRO<br \/>\nRODRIGO FORTES DA SILVA<\/p>\n<p><strong>COMISS\u00c3O COORDENADORA DO CURSO DE ZOOTECNIA<\/strong><\/p>\n<p style=\"font-weight: 400;\">RODRIGO FORTES SILVA\u00a0&#8211;\u00a0DZO\u00a0<strong>(COORDENADOR)<br \/>\n<\/strong>LEANDRO SANTOS COSTA &#8211;\u00a0DZO<br \/>\nCRISTINA MATTOS VELOSO\u00a0&#8211;\u00a0DZO<br \/>\nS\u00c9RGIO LUIZ DE TOLEDO BARRETO\u00a0&#8211;\u00a0DZO<br \/>\nANA L\u00daCIA SALARO\u00a0&#8211; DBA<br \/>\nARTUR KANADANI CAMPOS\u00a0&#8211; DVT<br \/>\nANT\u00d4NIO POLICARPO SOUZA CARNEIRO\u00a0&#8211; DET<strong><br \/>\n<\/strong>ELISA OLIVEIRA FRANCK<strong> &#8211;\u00a0<strong>REPRESENTANTE DISCENTE<\/strong><\/strong><\/p>\n<p><strong>COMISS\u00c3O COORDENADORA DO PROGRAMA DE P\u00d3S-GRADUA\u00c7\u00c3O<\/strong><br \/>\nSIMONE ELIZA FACIONI GUIMAR\u00c3ES<strong> (PRESIDENTE)<\/strong><br \/>\nARELE ARLINDO CALDERANO<br \/>\nFERNANDA HELENA MARTINS CHIZZOTTI<\/p>\n<p><strong>COMISS\u00c3O COORDENADORA DO MESTRADO PROFISSIONAL EM ZOOTECNIA<\/strong><br \/>\nLUCIANA NAVAJAS RENN\u00d3 <strong>(PRESIDENTE)<\/strong><br \/>\nODILON GOMES PEREIRA<br \/>\nMELISSA IZABEL HANNAS<\/p>\n<p><strong>REPRESENTANTE DO DZO NO PROGRAMA DE P\u00d3S-GRADUA\u00c7\u00c3O EM AGROECOLOGIA<\/strong><br \/>\nROG\u00c9RIO DE PAULA LANA<\/p>\n<p><strong>MEMBRO DA COMISS\u00c3O COORDENADORA DO CURSO DE VETERIN\u00c1RIA<\/strong><br \/>\nLUCIANA NAVAJAS RENN\u00d3 &#8211; Representante do DZO<\/p>\n<p><strong>SUPERVISOR DA EMPRESA J\u00daNIOR DE ZOOTECNIA<\/strong><\/p>\n<p>LEANDRO SANTOS COSTA<\/p>\n<\/div><\/section><br \/>\n<div style='height:20px' class='hr hr-invisible '><span class='hr-inner ' ><span class='hr-inner-style'><\/span><\/span><\/div><br \/>\n<div style='padding-bottom:10px;' class='av-special-heading av-special-heading-h3    '><h3 class='av-special-heading-tag'  itemprop=\"headline\"  >Chefes dos setores do DZO<\/h3><div class='special-heading-border'><div class='special-heading-inner-border' ><\/div><\/div><\/div><br \/>\n<div class='avia-table main_color avia-pricing-table-container  avia_pricing_default avia-table-1 '  itemscope=\"itemscope\" itemtype=\"https:\/\/schema.org\/Table\" ><div class='pricing-table-wrap'><ul class='pricing-table '><li class='avia-heading-row'><div class='first-table-item'>SETOR<\/div><span class='pricing-extra'><\/span><\/li><li class=''>F\u00c1BRICA DE RA\u00c7\u00c3O<\/li><li class=''>UEPE EM PRODU\u00c7\u00c3O ANIMAL A PASTO<\/li><li class=''>UEPE EM NUTRI\u00c7\u00c3O GESTACIONAL E PROGRAMA\u00c7\u00c3O FETAL<\/li><li class=''>UEPE EM MELHORAMENTO DE SU\u00cdNOS<\/li><li class=''>UEPE EM AQUICULTURA<\/li><li class=''>UEPE EM NUTRI\u00c7\u00c3O E PRODU\u00c7\u00c3O DE AVES<\/li><li class=''>UEPE EM CAPRINOCULTURA<\/li><li class=''>UEPE EM CUNICULTURA<\/li><li class=''>UEPE EM EQUIDEOCULTURA<\/li><li class=''>UEPE EM FORRAGICULTURA<\/li><li class=''>UEPE EM BOVINOS DE CORTE<\/li><li class=''>UEPE EM GADO DE LEITE<\/li><li class=''>UEPE EM OVINOCULTURA<\/li><li class=''>UEPE EM SUINOCULTURA<\/li><li class=''>UEPE FRIGOR\u00cdFICO ESCOLA<\/li><li class=''>UEPE EM NUTRI\u00c7\u00c3O E PRODU\u00c7\u00c3O DE RUMINANTES<\/li><\/ul><\/div><div class='pricing-table-wrap'><ul class='pricing-table '><li class='avia-heading-row'><div class='first-table-item'>CHEFE<\/div><span class='pricing-extra'><\/span><\/li><li class=''>LEANDRO SANTOS COSTA<\/li><li class=''>ROG\u00c9RIO DE PAULA LANA<\/li><li class=''>CL\u00c1UDIA BATISTA SAMPAIO<\/li><li class=''>DANIELE BOTELHO DINIZ MARQUES<\/li><li class=''>RODRIGO FORTES DA SILVA<\/li><li class=''>ARELE ARLINDO CALDERANO<\/li><li class=''>MARCELO TEIXEIRA RODRIGUES<\/li><li class=''>LEANDRO SANTOS COSTA<\/li><li class=''>YAM\u00ca FABRES ROBAINA SANCLER DA SILVA<\/li><li class=''>ODILON GOMES PEREIRA<\/li><li class=''>CL\u00c1UDIA BATISTA SAMPAIO<\/li><li class=''>ALEX LOPES DA SILVA<\/li><li class=''>KARINA COSTA BUSATO<\/li><li class=''>ALYSSON SARAIVA<\/li><li class=''>LUCIANA NAVAJAS RENN\u00d3<\/li><li class=''>SEBASTI\u00c3O DE CAMPOS VALADARES FILHO<\/li><\/ul><\/div><\/div><br \/>\n<div style='padding-bottom:10px;' class='av-special-heading av-special-heading-h3    '><h3 class='av-special-heading-tag'  itemprop=\"headline\"  >T\u00e9cnicos administrativos<\/h3><div class='special-heading-border'><div class='special-heading-inner-border' ><\/div><\/div><\/div><br \/>\n<section class=\"av_textblock_section\"  itemscope=\"itemscope\" itemtype=\"https:\/\/schema.org\/CreativeWork\" ><div class='avia_textblock '   itemprop=\"text\" ><p>Ademar Edson de Freitas<\/p>\n<p>Adriano Barboza Mendes<\/p>\n<p style=\"font-style: inherit; font-weight: inherit;\"><span style=\"font-style: inherit;\">Agostinho Gomes dos Santos<\/span><\/p>\n<p style=\"font-style: inherit; font-weight: inherit;\"><span style=\"font-style: inherit;\">Aline Sales Bernardino<\/span><\/p>\n<p style=\"font-style: inherit; font-weight: inherit;\">Andr\u00e9 Lu\u00eds Fialho<\/p>\n<p style=\"font-style: inherit; font-weight: inherit;\"><span style=\"font-style: inherit;\">Ant\u00f4nio Arlindo da Silva<\/span><\/p>\n<p style=\"font-style: inherit; font-weight: inherit;\"><span style=\"font-style: inherit;\">Ant\u00f4nio Carlos da Silva<\/span><\/p>\n<p style=\"font-style: inherit; font-weight: inherit;\"><span style=\"font-style: inherit;\">Ant\u00f4nio Fernandes Martins<\/span><\/p>\n<p style=\"font-style: inherit; font-weight: inherit;\"><span style=\"font-style: inherit;\">Ant\u00f4nio S\u00e9rgio Gomes<\/span><\/p>\n<p style=\"font-style: inherit; font-weight: inherit;\"><span style=\"font-style: inherit;\">Audair Godofredo Ladeira<\/span><\/p>\n<p style=\"font-style: inherit; font-weight: inherit;\">Bernadete Lopes Rodrigues<\/p>\n<p>Bernardo de Sena Santos<\/p>\n<p style=\"font-style: inherit; font-weight: inherit;\"><span style=\"font-style: inherit;\">Bernardo Magalh\u00e3es Martins<\/span><\/p>\n<p style=\"font-style: inherit; font-weight: inherit;\"><span style=\"font-style: inherit;\">Carlos Teixeira de Faria<\/span><\/p>\n<p style=\"font-style: inherit; font-weight: inherit;\"><span style=\"font-style: inherit;\">Cassio Martins dos Santos<\/span><\/p>\n<p style=\"font-style: inherit; font-weight: inherit;\"><span style=\"font-style: inherit;\">Cl\u00e1udio Ant\u00f4nio de Paula<\/span><\/p>\n<p style=\"font-style: inherit; font-weight: inherit;\"><span style=\"font-style: inherit;\">Cristian Silva Teixeira<\/span><\/p>\n<p style=\"font-style: inherit; font-weight: inherit;\">Daniel da Silveira Toledo<\/p>\n<p style=\"font-style: inherit; font-weight: inherit;\"><span style=\"font-style: inherit;\">Divino Ant\u00f4nio do Carmo<\/span><\/p>\n<p style=\"font-style: inherit; font-weight: inherit;\"><span style=\"font-style: inherit;\">Edson Agostinho Pereira<\/span><\/p>\n<p style=\"font-style: inherit; font-weight: inherit;\"><span style=\"font-style: inherit;\">Elisio Ferreira<\/span><\/p>\n<p style=\"font-style: inherit; font-weight: inherit;\">Fab\u00edola Suelen dos Santos<\/p>\n<p style=\"font-style: inherit; font-weight: inherit;\"><span style=\"font-style: inherit;\">Fernanda Cristina dos Santos Vieira e Silva<\/span><\/p>\n<p style=\"font-style: inherit; font-weight: inherit;\"><span style=\"font-style: inherit;\">Fernando Cotta de Almeida<\/span><\/p>\n<p style=\"font-style: inherit; font-weight: inherit;\"><span style=\"font-style: inherit;\">Francisco Reinaldo da Silva<\/span><\/p>\n<p style=\"font-style: inherit; font-weight: inherit;\"><span style=\"font-style: inherit;\">Gabriel Gon\u00e7alves Assun\u00e7\u00e3o<\/span><\/p>\n<p style=\"font-style: inherit; font-weight: inherit;\"><span style=\"font-style: inherit;\">Gilberto de Souza Silva<\/span><\/p>\n<p style=\"font-style: inherit; font-weight: inherit;\">Gledston da Silva Rezende<\/p>\n<p style=\"font-style: inherit; font-weight: inherit;\"><span style=\"font-style: inherit;\">Helmut Gon\u00e7alves Lehner<\/span><\/p>\n<p style=\"font-style: inherit; font-weight: inherit;\">Hudson Fernando da Paix\u00e3o<\/p>\n<p style=\"font-style: inherit; font-weight: inherit;\"><span style=\"font-style: inherit;\">Jo\u00e3o Francisco de Queiroz<\/span><\/p>\n<p style=\"font-style: inherit; font-weight: inherit;\"><span style=\"font-style: inherit;\">Jorge Ant\u00f4nio de Paula<\/span><\/p>\n<p style=\"font-style: inherit; font-weight: inherit;\">Jorge Cunha Lima Muniz<\/p>\n<p style=\"font-style: inherit; font-weight: inherit;\"><span style=\"font-style: inherit;\">Jos\u00e9 Alberto Barbosa Mendes<\/span><\/p>\n<p style=\"font-style: inherit; font-weight: inherit;\">Jos\u00e9 Fl\u00e1vio Moreira<\/p>\n<p style=\"font-style: inherit; font-weight: inherit;\">Jos\u00e9 Geraldo da Silva<\/p>\n<p style=\"font-style: inherit; font-weight: inherit;\"><span style=\"font-style: inherit;\">Jos\u00e9 Mauro Ladeira<\/span><\/p>\n<p style=\"font-style: inherit; font-weight: inherit;\"><span style=\"font-style: inherit;\">Jos\u00e9 Ven\u00e2ncio dos Santos<\/span><\/p>\n<p style=\"font-style: inherit; font-weight: inherit;\"><span style=\"font-style: inherit;\">Joselino Ferreira<\/span><\/p>\n<p style=\"font-style: inherit; font-weight: inherit;\"><span style=\"font-style: inherit;\">Juliana Chaves da Silva<\/span><\/p>\n<p>Marcelo de Barros Abreu<\/p>\n<p>Marcelo Souza Lima<\/p>\n<p>Maria das Gra\u00e7as de Paula Souza<\/p>\n<p style=\"font-style: inherit; font-weight: inherit;\"><span style=\"font-style: inherit;\">Mariana Priscila Oliveira Silva<\/span><\/p>\n<p style=\"font-style: inherit; font-weight: inherit;\"><span style=\"font-style: inherit;\">M\u00e1rio de Souza e Silva Filho<\/span><\/p>\n<p style=\"font-style: inherit; font-weight: inherit;\"><span style=\"font-style: inherit;\">M\u00e1rio Pires de Freitas<\/span><\/p>\n<p style=\"font-style: inherit; font-weight: inherit;\"><span style=\"font-style: inherit;\">M\u00e1rio S\u00e9rgio Pereira<\/span><\/p>\n<p style=\"font-style: inherit; font-weight: inherit;\">Nelson Clemente Machado<\/p>\n<p>Odair Ant\u00f4nio da Silva Duarte<\/p>\n<p style=\"font-style: inherit; font-weight: inherit;\"><span style=\"font-style: inherit;\">Paulo Cesar Gon\u00e7alves<\/span><\/p>\n<p style=\"font-style: inherit; font-weight: inherit;\">Paulo Henrique Cardoso dos Santos<\/p>\n<p style=\"font-style: inherit; font-weight: inherit;\"><span style=\"font-style: inherit;\">Ricardo Martin da Silva Bernardo<\/span><\/p>\n<p style=\"font-style: inherit; font-weight: inherit;\"><span style=\"font-style: inherit;\">Rosana Teresa Cardoso Barbosa<\/span><\/p>\n<p style=\"font-style: inherit; font-weight: inherit;\">Silvio Ant\u00f4nio de Castro<\/p>\n<p style=\"font-style: inherit; font-weight: inherit;\"><span style=\"font-style: inherit;\">Valdeir Cl\u00e1udio Silvestre<\/span><\/p>\n<p style=\"font-style: inherit; font-weight: inherit;\">Vanessa Paula Silva<\/p>\n<p style=\"font-style: inherit; font-weight: inherit;\"><span style=\"font-style: inherit;\">Vanor Cl\u00e1udio de Andrade<\/span><\/p>\n<p style=\"font-style: inherit; font-weight: inherit;\">Vicente Daniel de Souza<\/p>\n<p style=\"font-style: inherit; font-weight: inherit;\"><span style=\"font-style: inherit;\">Vinicius Silva Parreira<\/span><\/p>\n<p style=\"font-style: inherit; font-weight: inherit;\"><span style=\"font-style: inherit;\">Walmir da Silva<\/span><\/p>\n<\/div><\/section><br \/>\n<div style='height:30px' class='hr hr-invisible '><span class='hr-inner ' ><span class='hr-inner-style'><\/span><\/span><\/div><br \/>\n<div style='padding-bottom:10px;' class='av-special-heading av-special-heading-h3    '><h3 class='av-special-heading-tag'  itemprop=\"headline\"  >Professores aposentados<\/h3><div class='special-heading-border'><div class='special-heading-inner-border' ><\/div><\/div><\/div><br \/>\n<section class=\"av_textblock_section\"  itemscope=\"itemscope\" itemtype=\"https:\/\/schema.org\/CreativeWork\" ><div class='avia_textblock '   itemprop=\"text\" ><p><strong>Alo\u00edzio Soares Ferreira<\/strong><\/p>\n<p>Suinocultura<\/p>\n<p><a href=\"http:\/\/buscatextual.cnpq.br\/buscatextual\/visualizacv.do?id=K4783902J8\">Lattes<\/a><\/p>\n<p><strong>Altair Soares das Gra\u00e7as<\/strong><\/p>\n<p>Avicultura<\/p>\n<p>Lattes<\/p>\n<p><b>Ant\u00f4nio Bento M\u00e2ncio<\/b><\/p>\n<p><span style=\"font-weight: 400;\">Bovinocultura de Corte<\/span><\/p>\n<p><a href=\"http:\/\/lattes.cnpq.br\/2049973151671395\"><span style=\"font-weight: 400;\">Lattes<\/span><\/a><\/p>\n<p><strong>Augusto C\u00e9sar de Queiroz<\/strong><\/p>\n<p>Nutri\u00e7\u00e3o e Alimenta\u00e7\u00e3o Animal<\/p>\n<p><a href=\"http:\/\/buscatextual.cnpq.br\/buscatextual\/visualizacv.do?id=K4783006P5\">Lattes<\/a><\/p>\n<p><b>Ciro Alexandre Alves Torres<\/b><\/p>\n<p><span style=\"font-weight: 400;\">Reprodu\u00e7\u00e3o Animal<\/span><\/p>\n<p><a href=\"http:\/\/lattes.cnpq.br\/9933875438761784\"><span style=\"font-weight: 400;\">Lattes<\/span><\/a><\/p>\n<p><strong>Dilermando Miranda da Fonseca<\/strong><\/p>\n<p>Forragicultura<\/p>\n<p><a href=\"http:\/\/lattes.cnpq.br\/4708497180642633\">Lattes<\/a><\/p>\n<p><b>Darci Clementino Lopes<\/b><\/p>\n<p><span style=\"font-weight: 400;\">Cunicultura<\/span><\/p>\n<p><a href=\"http:\/\/lattes.cnpq.br\/4286231555148237\"><span style=\"font-weight: 400;\">Lattes<\/span><\/a><\/p>\n<p><b>Dom\u00edcio do Nascimento Jr<\/b><\/p>\n<p><span style=\"font-weight: 400;\">Forragicultura<\/span><\/p>\n<p><a href=\"http:\/\/lattes.cnpq.br\/4118720556352236\"><span style=\"font-weight: 400;\">Lattes<\/span><\/a><\/p>\n<p><strong>Eduardo Arruda Teixeira Lanna<\/strong><\/p>\n<p>Nutri\u00e7\u00e3o, Alimenta\u00e7\u00e3o e Produ\u00e7ao Animal<\/p>\n<p><a href=\"http:\/\/buscatextual.cnpq.br\/buscatextual\/visualizacv.do?id=K4788116T3\">Lattes<\/a><\/p>\n<p><strong>Fabyano Fonseca e Silva <\/strong><\/p>\n<p>Melhoramento Animal<\/p>\n<p><a href=\"http:\/\/lattes.cnpq.br\/6661948983681991\">Lattes<\/a><\/p>\n<p><strong>Giovanni Ribeiro de Carvalho<\/strong><\/p>\n<p>Reprodu\u00e7\u00e3o Animal \/ Equideocultura<\/p>\n<p><a href=\"http:\/\/buscatextual.cnpq.br\/buscatextual\/visualizacv.do?id=K4723068Z6\">Lattes<\/a><\/p>\n<p><b>Hor\u00e1cio Santiago Rostagno<\/b><\/p>\n<p><span style=\"font-weight: 400;\">Nutri\u00e7\u00e3o de Monog\u00e1stricos<\/span><\/p>\n<p><a href=\"http:\/\/lattes.cnpq.br\/5405580977577072\"><span style=\"font-weight: 400;\">Lattes<\/span><\/a><\/p>\n<p><b>Jos\u00e9 Alberto Gomide<\/b><\/p>\n<p><span style=\"font-weight: 400;\">Forragicultura<\/span><\/p>\n<p><a href=\"http:\/\/lattes.cnpq.br\/8413073289718443\"><span style=\"font-weight: 400;\">Lattes<\/span><\/a><\/p>\n<p><b>Jos\u00e9 Ant\u00f4nio Obeid<\/b><\/p>\n<p><span style=\"font-weight: 400;\">Forragicultura<\/span><\/p>\n<p><a href=\"http:\/\/lattes.cnpq.br\/3638950599245413\"><span style=\"font-weight: 400;\">Lattes<\/span><\/a><\/p>\n<p><b>Jos\u00e9 Carlos Pereira<\/b><\/p>\n<p><span style=\"font-weight: 400;\">Bovinocultura de Leite<\/span><\/p>\n<p><a href=\"http:\/\/lattes.cnpq.br\/7085426357975745\"><span style=\"font-weight: 400;\">Lattes<\/span><\/a><\/p>\n<p><b>Jos\u00e9 Maur\u00edcio de Souza Campos<\/b><\/p>\n<p><span style=\"font-weight: 400;\">Bovinocultura de Leite<\/span><\/p>\n<p><a href=\"http:\/\/lattes.cnpq.br\/8348604414422828\"><span style=\"font-weight: 400;\">Lattes<\/span><\/a><\/p>\n<p><strong>Juarez Lopes Donzele<\/strong><\/p>\n<p>Nutri\u00e7\u00e3o e Alimenta\u00e7\u00e3o Animal<\/p>\n<p><a href=\"http:\/\/buscatextual.cnpq.br\/buscatextual\/visualizacv.do?id=K4787766D0\">Lattes<\/a><\/p>\n<p><b>Maria Ignez Le\u00e3o<\/b><\/p>\n<p><span style=\"font-weight: 400;\">Fisiologia da Digest\u00e3o<\/span><\/p>\n<p><a href=\"http:\/\/lattes.cnpq.br\/1367907052743581\"><span style=\"font-weight: 400;\">Lattes<\/span><\/a><\/p>\n<p><strong>M\u00e1rio Fonseca Paulino\u00a0<\/strong><\/p>\n<p>Bovinocultura de Corte<\/p>\n<p><a href=\"http:\/\/lattes.cnpq.br\/1112305218967437\">Lattes<\/a><\/p>\n<p><b>Paulo C\u00e9sar Brustolini<\/b><\/p>\n<p><span style=\"font-weight: 400;\">Suinocultura<\/span><\/p>\n<p><a href=\"http:\/\/lattes.cnpq.br\/7918545785155594\"><span style=\"font-weight: 400;\">Lattes<\/span><\/a><\/p>\n<p><b>Paulo C\u00e9zar Gomes<\/b><\/p>\n<p><span style=\"font-weight: 400;\">Avicultura<\/span><\/p>\n<p><a href=\"http:\/\/buscatextual.cnpq.br\/buscatextual\/visualizacv.do?id=K4780386Y6\"><span style=\"font-weight: 400;\">Lattes<\/span><\/a><\/p>\n<p><strong>Paulo S\u00e1vio Lopes<\/strong><\/p>\n<p>Melhoramento animal<\/p>\n<p><a href=\"http:\/\/lattes.cnpq.br\/1804923065266455\">Lattes<\/a><\/p>\n<p><b>Rasmo Garcia<\/b><\/p>\n<p><span style=\"font-weight: 400;\">Forragicultura<\/span><\/p>\n<p><a href=\"http:\/\/lattes.cnpq.br\/1199703075507305\"><span style=\"font-weight: 400;\">Lattes<\/span><\/a><\/p>\n<p><b>Ricardo Frederico Euclydes<\/b><\/p>\n<p><span style=\"font-weight: 400;\">Melhoramento Animal<\/span><\/p>\n<p><a href=\"http:\/\/lattes.cnpq.br\/9256185697748326\"><span style=\"font-weight: 400;\">Lattes<\/span><\/a><\/p>\n<p><strong>Rita Fl\u00e1via Miranda de Oliveira Donzele<\/strong><\/p>\n<p>Bioclimatologia Animal<\/p>\n<p><a href=\"http:\/\/buscatextual.cnpq.br\/buscatextual\/visualizacv.do?id=K4790589T4\">Lattes<\/a><\/p>\n<p><strong>Robledo de Almeida Torres<\/strong><\/p>\n<p>Melhoramento Animal<\/p>\n<p><a href=\"http:\/\/buscatextual.cnpq.br\/buscatextual\/visualizacv.do?id=K4783366H0\">Lattes<\/a><\/p>\n<\/div><\/section><\/p><\/div>\n","protected":false},"excerpt":{"rendered":"","protected":false},"author":1,"featured_media":0,"parent":0,"menu_order":0,"comment_status":"closed","ping_status":"closed","template":"","meta":[],"_links":{"self":[{"href":"http:\/\/www.dzo.ufv.br\/index.php\/wp-json\/wp\/v2\/pages\/69"}],"collection":[{"href":"http:\/\/www.dzo.ufv.br\/index.php\/wp-json\/wp\/v2\/pages"}],"about":[{"href":"http:\/\/www.dzo.ufv.br\/index.php\/wp-json\/wp\/v2\/types\/page"}],"author":[{"embeddable":true,"href":"http:\/\/www.dzo.ufv.br\/index.php\/wp-json\/wp\/v2\/users\/1"}],"replies":[{"embeddable":true,"href":"http:\/\/www.dzo.ufv.br\/index.php\/wp-json\/wp\/v2\/comments?post=69"}],"version-history":[{"count":108,"href":"http:\/\/www.dzo.ufv.br\/index.php\/wp-json\/wp\/v2\/pages\/69\/revisions"}],"predecessor-version":[{"id":8687,"href":"http:\/\/www.dzo.ufv.br\/index.php\/wp-json\/wp\/v2\/pages\/69\/revisions\/8687"}],"wp:attachment":[{"href":"http:\/\/www.dzo.ufv.br\/index.php\/wp-json\/wp\/v2\/media?parent=69"}],"curies":[{"name":"wp","href":"https:\/\/api.w.org\/{rel}","templated":true}]}}