{"id":624,"date":"2017-05-01T16:23:52","date_gmt":"2017-05-01T19:23:52","guid":{"rendered":"http:\/\/www.dzo.ufv.br\/sitenovo\/?page_id=624"},"modified":"2023-04-11T12:14:09","modified_gmt":"2023-04-11T15:14:09","slug":"uepe-melhoramento-de-suinos","status":"publish","type":"page","link":"http:\/\/www.dzo.ufv.br\/index.php\/uepe-melhoramento-de-suinos\/","title":{"rendered":"Unidade de Ensino, Pesquisa e Extens\u00e3o em  Melhoramento de Su\u00ednos"},"content":{"rendered":"<\/div><\/div><\/div><!-- close content main div --><\/div><\/div><div id='full_slider_1' class='avia-fullwidth-slider main_color avia-shadow  container_wrap sidebar_right'   ><div  data-size='featured'  data-lightbox_size='large'  data-animation='slide'  data-ids='2301'  data-video_counter='0'  data-autoplay='false'  data-bg_slider='false'  data-slide_height=''  data-handle='av_slideshow_full'  data-interval='5'  data-class=' '  data-css_id=''  data-scroll_down=''  data-control_layout='av-control-default'  data-custom_markup=''  data-perma_caption=''  data-autoplay_stopper=''  data-image_attachment=''  data-min_height='0px'  data-src=''  data-position='top left'  data-repeat='no-repeat'  data-attach='scroll'  data-stretch=''  data-default-height='28.666666666667'  class='avia-slideshow avia-slideshow-1  av-control-default av-default-height-applied avia-slideshow-featured av_slideshow_full   avia-slide-slider '  itemscope=\"itemscope\" itemtype=\"https:\/\/schema.org\/ImageObject\" ><ul class='avia-slideshow-inner' style='padding-bottom: 30.714285714286%;'><li  class=' av-single-slide slide-1 ' ><div data-rel='slideshow-1' class='avia-slide-wrap'  ><img src='http:\/\/www.dzo.ufv.br\/wp-content\/uploads\/2017\/05\/Melhoramento-Suinocultura-1-1400x430.jpg' width='1400' height='430' title='Melhoramento-Suinocultura' alt=''  itemprop=\"thumbnailUrl\"   \/><\/div><\/li><\/ul><\/div><\/div>\n<div class=\"flex_column av_one_half  flex_column_div av-zero-column-padding first  \" style='border-radius:0px; '><section class=\"av_textblock_section\"  itemscope=\"itemscope\" itemtype=\"https:\/\/schema.org\/CreativeWork\" ><div class='avia_textblock '  style='font-size:17px; '  itemprop=\"text\" ><p><strong>Unidade de Ensino, Pesquisa e Extens\u00e3o em \u00a0Melhoramento de Su\u00ednos<\/strong><\/p>\n<p><strong>Prof. Respons\u00e1vel:<br \/>\n<\/strong>Daniele Botelho Diniz Marques<\/p>\n<p><strong>Interesses de pesquisa:<\/strong><br \/>\nNutrigen\u00f4mica, intera\u00e7\u00e3o gen\u00f3tipo-ambiente, epigen\u00e9tica, desenvolvimento intrauterino, nutri\u00e7\u00e3o, convers\u00e3o alimentar, qualidade da carne e reprodu\u00e7\u00e3o, estudos gen\u00f4micos e gen\u00e9ticos comparativos entre linhas comerciais e a ra\u00e7a Piau e conserva\u00e7\u00e3o da ra\u00e7a local de su\u00ednos Piau.<\/p>\n<p><strong>Corpo t\u00e9cnico permanente:<\/strong><br \/>\nSimone Eliza Facioni Guimar\u00e3es<\/p>\n<p><strong>T\u00e9cnico:<\/strong><br \/>\nRicardo Martins da Silva Bernardo<\/p>\n<p><strong>Contatos:<\/strong><br \/>\nTel: 3612-4685<\/p>\n<\/div><\/section><\/div><div class=\"flex_column av_one_half  flex_column_div av-zero-column-padding   \" style='border-radius:0px; '><div class='avia-gallery avia-gallery-1 avia_lazyload avia_animate_when_visible '  itemscope=\"itemscope\" itemtype=\"https:\/\/schema.org\/ImageObject\" ><a class='avia-gallery-big fakeLightbox lightbox avia-gallery-big-crop-thumb ' href='http:\/\/www.dzo.ufv.br\/wp-content\/uploads\/2017\/05\/Melhoramento-Suinocultura_01.jpg'  data-onclick='1' title='' ><span class='avia-gallery-big-inner'  itemprop=\"thumbnailUrl\" >\t<img width='495' height='400' src='http:\/\/www.dzo.ufv.br\/wp-content\/uploads\/2017\/05\/Melhoramento-Suinocultura_01-495x400.jpg' title='Melhoramento Suinocultura_01' alt='' \/><\/span><\/a><div class='avia-gallery-thumb'> <a href='http:\/\/www.dzo.ufv.br\/wp-content\/uploads\/2017\/05\/Melhoramento-Suinocultura_01.jpg' data-rel='gallery-1' data-prev-img='http:\/\/www.dzo.ufv.br\/wp-content\/uploads\/2017\/05\/Melhoramento-Suinocultura_01-495x400.jpg' class='first_thumb lightbox ' data-onclick='1' title=''  itemprop=\"thumbnailUrl\" ><img  src='http:\/\/www.dzo.ufv.br\/wp-content\/uploads\/2017\/05\/Melhoramento-Suinocultura_01-495x400.jpg' width='495' height='400'  title='Melhoramento Suinocultura_01' alt='' \/><\/a> <a href='http:\/\/www.dzo.ufv.br\/wp-content\/uploads\/2017\/05\/Melhoramento-Suinocultura_02.jpg' data-rel='gallery-1' data-prev-img='http:\/\/www.dzo.ufv.br\/wp-content\/uploads\/2017\/05\/Melhoramento-Suinocultura_02-495x400.jpg' class='lightbox ' data-onclick='2' title=''  itemprop=\"thumbnailUrl\" ><img  src='http:\/\/www.dzo.ufv.br\/wp-content\/uploads\/2017\/05\/Melhoramento-Suinocultura_02-495x400.jpg' width='495' height='400'  title='Melhoramento Suinocultura_02' alt='' \/><\/a> <a href='http:\/\/www.dzo.ufv.br\/wp-content\/uploads\/2017\/05\/Melhoramento-Suinocultura_03.jpg' data-rel='gallery-1' data-prev-img='http:\/\/www.dzo.ufv.br\/wp-content\/uploads\/2017\/05\/Melhoramento-Suinocultura_03-495x400.jpg' class='lightbox ' data-onclick='3' title=''  itemprop=\"thumbnailUrl\" ><img  src='http:\/\/www.dzo.ufv.br\/wp-content\/uploads\/2017\/05\/Melhoramento-Suinocultura_03-495x400.jpg' width='495' height='400'  title='Melhoramento Suinocultura_03' alt='' \/><\/a> <a href='http:\/\/www.dzo.ufv.br\/wp-content\/uploads\/2017\/05\/Melhoramento-Suinocultura_04.jpg' data-rel='gallery-1' data-prev-img='http:\/\/www.dzo.ufv.br\/wp-content\/uploads\/2017\/05\/Melhoramento-Suinocultura_04-495x400.jpg' class='first_thumb lightbox ' data-onclick='4' title=''  itemprop=\"thumbnailUrl\" ><img  src='http:\/\/www.dzo.ufv.br\/wp-content\/uploads\/2017\/05\/Melhoramento-Suinocultura_04-495x400.jpg' width='495' height='400'  title='Melhoramento Suinocultura_04' alt='' \/><\/a> <a href='http:\/\/www.dzo.ufv.br\/wp-content\/uploads\/2017\/05\/Melhoramento-Suinocultura_06.jpg' data-rel='gallery-1' data-prev-img='http:\/\/www.dzo.ufv.br\/wp-content\/uploads\/2017\/05\/Melhoramento-Suinocultura_06-495x400.jpg' class='lightbox ' data-onclick='5' title=''  itemprop=\"thumbnailUrl\" ><img  src='http:\/\/www.dzo.ufv.br\/wp-content\/uploads\/2017\/05\/Melhoramento-Suinocultura_06-495x400.jpg' width='495' height='400'  title='Melhoramento Suinocultura_06' alt='' \/><\/a> <a href='http:\/\/www.dzo.ufv.br\/wp-content\/uploads\/2017\/05\/Melhoramento-Suinocultura_07.jpg' data-rel='gallery-1' data-prev-img='http:\/\/www.dzo.ufv.br\/wp-content\/uploads\/2017\/05\/Melhoramento-Suinocultura_07-495x400.jpg' class='lightbox ' data-onclick='6' title=''  itemprop=\"thumbnailUrl\" ><img  src='http:\/\/www.dzo.ufv.br\/wp-content\/uploads\/2017\/05\/Melhoramento-Suinocultura_07-495x400.jpg' width='495' height='400'  title='Melhoramento Suinocultura_07' alt='' \/><\/a> <a href='http:\/\/www.dzo.ufv.br\/wp-content\/uploads\/2017\/05\/Melhoramento-Suinocultura_09.jpg' data-rel='gallery-1' data-prev-img='http:\/\/www.dzo.ufv.br\/wp-content\/uploads\/2017\/05\/Melhoramento-Suinocultura_09-495x400.jpg' class='first_thumb lightbox ' data-onclick='7' title=''  itemprop=\"thumbnailUrl\" ><img  src='http:\/\/www.dzo.ufv.br\/wp-content\/uploads\/2017\/05\/Melhoramento-Suinocultura_09-495x400.jpg' width='495' height='400'  title='Melhoramento Suinocultura_09' alt='' \/><\/a> <a href='http:\/\/www.dzo.ufv.br\/wp-content\/uploads\/2017\/05\/Melhoramento-Suinocultura_10.jpg' data-rel='gallery-1' data-prev-img='http:\/\/www.dzo.ufv.br\/wp-content\/uploads\/2017\/05\/Melhoramento-Suinocultura_10-495x400.jpg' class='lightbox ' data-onclick='8' title=''  itemprop=\"thumbnailUrl\" ><img  src='http:\/\/www.dzo.ufv.br\/wp-content\/uploads\/2017\/05\/Melhoramento-Suinocultura_10-495x400.jpg' width='495' height='400'  title='Melhoramento Suinocultura_10' alt='' \/><\/a> <a href='http:\/\/www.dzo.ufv.br\/wp-content\/uploads\/2017\/05\/Melhoramento-Suinocultura_11.jpg' data-rel='gallery-1' data-prev-img='http:\/\/www.dzo.ufv.br\/wp-content\/uploads\/2017\/05\/Melhoramento-Suinocultura_11-495x400.jpg' class='lightbox ' data-onclick='9' title=''  itemprop=\"thumbnailUrl\" ><img  src='http:\/\/www.dzo.ufv.br\/wp-content\/uploads\/2017\/05\/Melhoramento-Suinocultura_11-495x400.jpg' width='495' height='400'  title='Melhoramento Suinocultura_11' alt='' \/><\/a> <a href='http:\/\/www.dzo.ufv.br\/wp-content\/uploads\/2017\/05\/Melhoramento-Suinocultura_12.jpg' data-rel='gallery-1' data-prev-img='http:\/\/www.dzo.ufv.br\/wp-content\/uploads\/2017\/05\/Melhoramento-Suinocultura_12-495x400.jpg' class='first_thumb lightbox ' data-onclick='10' title=''  itemprop=\"thumbnailUrl\" ><img  src='http:\/\/www.dzo.ufv.br\/wp-content\/uploads\/2017\/05\/Melhoramento-Suinocultura_12-495x400.jpg' width='495' height='400'  title='Melhoramento Suinocultura_12' alt='' \/><\/a> <a href='http:\/\/www.dzo.ufv.br\/wp-content\/uploads\/2017\/05\/Melhoramento-Suinocultura_13.jpg' data-rel='gallery-1' data-prev-img='http:\/\/www.dzo.ufv.br\/wp-content\/uploads\/2017\/05\/Melhoramento-Suinocultura_13-495x400.jpg' class='lightbox ' data-onclick='11' title=''  itemprop=\"thumbnailUrl\" ><img  src='http:\/\/www.dzo.ufv.br\/wp-content\/uploads\/2017\/05\/Melhoramento-Suinocultura_13-495x400.jpg' width='495' height='400'  title='Melhoramento Suinocultura_13' alt='' \/><\/a> <a href='http:\/\/www.dzo.ufv.br\/wp-content\/uploads\/2017\/05\/Melhoramento-Suinocultura_14.jpg' data-rel='gallery-1' data-prev-img='http:\/\/www.dzo.ufv.br\/wp-content\/uploads\/2017\/05\/Melhoramento-Suinocultura_14-495x400.jpg' class='lightbox ' data-onclick='12' title=''  itemprop=\"thumbnailUrl\" ><img  src='http:\/\/www.dzo.ufv.br\/wp-content\/uploads\/2017\/05\/Melhoramento-Suinocultura_14-495x400.jpg' width='495' height='400'  title='Melhoramento Suinocultura_14' alt='' \/><\/a><\/div><\/div><\/div><\/p>\n","protected":false},"excerpt":{"rendered":"","protected":false},"author":1,"featured_media":0,"parent":0,"menu_order":0,"comment_status":"closed","ping_status":"closed","template":"","meta":[],"_links":{"self":[{"href":"http:\/\/www.dzo.ufv.br\/index.php\/wp-json\/wp\/v2\/pages\/624"}],"collection":[{"href":"http:\/\/www.dzo.ufv.br\/index.php\/wp-json\/wp\/v2\/pages"}],"about":[{"href":"http:\/\/www.dzo.ufv.br\/index.php\/wp-json\/wp\/v2\/types\/page"}],"author":[{"embeddable":true,"href":"http:\/\/www.dzo.ufv.br\/index.php\/wp-json\/wp\/v2\/users\/1"}],"replies":[{"embeddable":true,"href":"http:\/\/www.dzo.ufv.br\/index.php\/wp-json\/wp\/v2\/comments?post=624"}],"version-history":[{"count":14,"href":"http:\/\/www.dzo.ufv.br\/index.php\/wp-json\/wp\/v2\/pages\/624\/revisions"}],"predecessor-version":[{"id":8101,"href":"http:\/\/www.dzo.ufv.br\/index.php\/wp-json\/wp\/v2\/pages\/624\/revisions\/8101"}],"wp:attachment":[{"href":"http:\/\/www.dzo.ufv.br\/index.php\/wp-json\/wp\/v2\/media?parent=624"}],"curies":[{"name":"wp","href":"https:\/\/api.w.org\/{rel}","templated":true}]}}