{"id":611,"date":"2017-05-01T16:10:59","date_gmt":"2017-05-01T19:10:59","guid":{"rendered":"http:\/\/www.dzo.ufv.br\/sitenovo\/?page_id=611"},"modified":"2023-04-11T14:09:36","modified_gmt":"2023-04-11T17:09:36","slug":"laboratorio-de-biotecnologia-animal","status":"publish","type":"page","link":"http:\/\/www.dzo.ufv.br\/index.php\/laboratorio-de-biotecnologia-animal\/","title":{"rendered":"Laborat\u00f3rio de Biotecnologia Animal (LABTEC)"},"content":{"rendered":"<\/div><\/div><\/div><!-- close content main div --><\/div><\/div><div id='full_slider_1' class='avia-fullwidth-slider main_color avia-shadow  container_wrap sidebar_right'   ><div  data-size='no scaling'  data-lightbox_size='large'  data-animation='slide'  data-ids='2751'  data-video_counter='0'  data-autoplay='false'  data-bg_slider='false'  data-slide_height=''  data-handle='av_slideshow_full'  data-interval='5'  data-class=' '  data-css_id=''  data-scroll_down=''  data-control_layout='av-control-default'  data-custom_markup=''  data-perma_caption=''  data-autoplay_stopper=''  data-image_attachment=''  data-min_height='0px'  data-src=''  data-position='top left'  data-repeat='no-repeat'  data-attach='scroll'  data-stretch=''  class='avia-slideshow avia-slideshow-1  av-control-default av-default-height-applied avia-slideshow-no scaling av_slideshow_full   avia-slide-slider '  itemscope=\"itemscope\" itemtype=\"https:\/\/schema.org\/ImageObject\" ><ul class='avia-slideshow-inner' style='padding-bottom: 35.714285714286%;'><li  class=' av-single-slide slide-1 ' ><div data-rel='slideshow-1' class='avia-slide-wrap'  ><img src='http:\/\/www.dzo.ufv.br\/wp-content\/uploads\/2017\/05\/Lab-biotcnologia-1.jpg' width='1400' height='500' title='Lab-biotcnologia' alt=''  itemprop=\"thumbnailUrl\"   \/><\/div><\/li><\/ul><\/div><\/div>\n<div class=\"flex_column av_one_half  flex_column_div av-zero-column-padding first  \" style='border-radius:0px; '><section class=\"av_textblock_section\"  itemscope=\"itemscope\" itemtype=\"https:\/\/schema.org\/CreativeWork\" ><div class='avia_textblock '  style='font-size:17px; '  itemprop=\"text\" ><p><strong>Laborat\u00f3rio de Biotecnologia Animal<\/strong><\/p>\n<p><strong>Prof. Respons\u00e1vel:<br \/>\n<\/strong>Simone Eliza Facioni Guimar\u00e3es<\/p>\n<p><strong>Interesses de pesquisa:<\/strong><br \/>\nAssocia\u00e7\u00e3o gen\u00f4mica ampla, Sele\u00e7\u00e3o Gen\u00f4mica, nutrigen\u00f4mica, Gen\u00f4mica<br \/>\nfuncional, Desenvolvimento intrauterino e gesta\u00e7\u00e3o, gen\u00e9tica e melhoramento animal, Biologia molecular da reprodu\u00e7\u00e3o em f\u00eameas, Miog\u00eanese e Biologia muscular e qualidade da carne<\/p>\n<p><strong>Equipe permanente:<\/strong><br \/>\nProfa. Simone Eliza Facioni Guimar\u00e3es<br \/>\nProfa. Renata Veroneze<br \/>\nProf. Delvan Alves da Silva<br \/>\nProfa. Daniele Botelho Diniz Marques<br \/>\nProf. Paulo S\u00e1vio Lopes<br \/>\nDr. Walmir da Silva<\/p>\n<p><strong>Contatos:<\/strong><br \/>\nTelefone:\u00a03612-4662<br \/>\nEmail: sfacioni@ufv.br<\/p>\n<\/div><\/section><\/div><div class=\"flex_column av_one_half  flex_column_div av-zero-column-padding   \" style='border-radius:0px; '><div class='avia-gallery avia-gallery-1 avia_lazyload avia_animate_when_visible '  itemscope=\"itemscope\" itemtype=\"https:\/\/schema.org\/ImageObject\" ><a class='avia-gallery-big fakeLightbox lightbox avia-gallery-big-crop-thumb ' href='http:\/\/www.dzo.ufv.br\/wp-content\/uploads\/2017\/05\/Lab_Biotecnologia_01-1.jpg'  data-onclick='1' title='' ><span class='avia-gallery-big-inner'  itemprop=\"thumbnailUrl\" >\t<img width='495' height='400' src='http:\/\/www.dzo.ufv.br\/wp-content\/uploads\/2017\/05\/Lab_Biotecnologia_01-1-495x400.jpg' title='Lab_Biotecnologia_01' alt='' \/><\/span><\/a><div class='avia-gallery-thumb'> <a href='http:\/\/www.dzo.ufv.br\/wp-content\/uploads\/2017\/05\/Lab_Biotecnologia_01-1.jpg' data-rel='gallery-1' data-prev-img='http:\/\/www.dzo.ufv.br\/wp-content\/uploads\/2017\/05\/Lab_Biotecnologia_01-1-495x400.jpg' class='first_thumb lightbox ' data-onclick='1' title=''  itemprop=\"thumbnailUrl\" ><img  src='http:\/\/www.dzo.ufv.br\/wp-content\/uploads\/2017\/05\/Lab_Biotecnologia_01-1-495x400.jpg' width='495' height='400'  title='Lab_Biotecnologia_01' alt='' \/><\/a> <a href='http:\/\/www.dzo.ufv.br\/wp-content\/uploads\/2017\/05\/Lab_Biotecnologia_02-1.jpg' data-rel='gallery-1' data-prev-img='http:\/\/www.dzo.ufv.br\/wp-content\/uploads\/2017\/05\/Lab_Biotecnologia_02-1-495x400.jpg' class='lightbox ' data-onclick='2' title=''  itemprop=\"thumbnailUrl\" ><img  src='http:\/\/www.dzo.ufv.br\/wp-content\/uploads\/2017\/05\/Lab_Biotecnologia_02-1-495x400.jpg' width='495' height='400'  title='Lab_Biotecnologia_02' alt='' \/><\/a> <a href='http:\/\/www.dzo.ufv.br\/wp-content\/uploads\/2017\/05\/Lab_Biotecnologia_03-1.jpg' data-rel='gallery-1' data-prev-img='http:\/\/www.dzo.ufv.br\/wp-content\/uploads\/2017\/05\/Lab_Biotecnologia_03-1-495x400.jpg' class='lightbox ' data-onclick='3' title=''  itemprop=\"thumbnailUrl\" ><img  src='http:\/\/www.dzo.ufv.br\/wp-content\/uploads\/2017\/05\/Lab_Biotecnologia_03-1-495x400.jpg' width='495' height='400'  title='Lab_Biotecnologia_03' alt='' \/><\/a> <a href='http:\/\/www.dzo.ufv.br\/wp-content\/uploads\/2017\/05\/Lab_Biotecnologia_04-1.jpg' data-rel='gallery-1' data-prev-img='http:\/\/www.dzo.ufv.br\/wp-content\/uploads\/2017\/05\/Lab_Biotecnologia_04-1-495x400.jpg' class='first_thumb lightbox ' data-onclick='4' title=''  itemprop=\"thumbnailUrl\" ><img  src='http:\/\/www.dzo.ufv.br\/wp-content\/uploads\/2017\/05\/Lab_Biotecnologia_04-1-495x400.jpg' width='495' height='400'  title='Lab_Biotecnologia_04' alt='' \/><\/a> <a href='http:\/\/www.dzo.ufv.br\/wp-content\/uploads\/2017\/05\/Lab_Biotecnologia_05-1.jpg' data-rel='gallery-1' data-prev-img='http:\/\/www.dzo.ufv.br\/wp-content\/uploads\/2017\/05\/Lab_Biotecnologia_05-1-495x400.jpg' class='lightbox ' data-onclick='5' title=''  itemprop=\"thumbnailUrl\" ><img  src='http:\/\/www.dzo.ufv.br\/wp-content\/uploads\/2017\/05\/Lab_Biotecnologia_05-1-495x400.jpg' width='495' height='400'  title='Lab_Biotecnologia_05' alt='' \/><\/a> <a href='http:\/\/www.dzo.ufv.br\/wp-content\/uploads\/2017\/05\/Lab_Biotecnologia_06-1.jpg' data-rel='gallery-1' data-prev-img='http:\/\/www.dzo.ufv.br\/wp-content\/uploads\/2017\/05\/Lab_Biotecnologia_06-1-495x400.jpg' class='lightbox ' data-onclick='6' title=''  itemprop=\"thumbnailUrl\" ><img  src='http:\/\/www.dzo.ufv.br\/wp-content\/uploads\/2017\/05\/Lab_Biotecnologia_06-1-495x400.jpg' width='495' height='400'  title='Lab_Biotecnologia_06' alt='' \/><\/a> <a href='http:\/\/www.dzo.ufv.br\/wp-content\/uploads\/2017\/05\/Lab_Biotecnologia_07-1.jpg' data-rel='gallery-1' data-prev-img='http:\/\/www.dzo.ufv.br\/wp-content\/uploads\/2017\/05\/Lab_Biotecnologia_07-1-495x400.jpg' class='first_thumb lightbox ' data-onclick='7' title=''  itemprop=\"thumbnailUrl\" ><img  src='http:\/\/www.dzo.ufv.br\/wp-content\/uploads\/2017\/05\/Lab_Biotecnologia_07-1-495x400.jpg' width='495' height='400'  title='Lab_Biotecnologia_07' alt='' \/><\/a> <a href='http:\/\/www.dzo.ufv.br\/wp-content\/uploads\/2017\/05\/Lab_Biotecnologia_08-1.jpg' data-rel='gallery-1' data-prev-img='http:\/\/www.dzo.ufv.br\/wp-content\/uploads\/2017\/05\/Lab_Biotecnologia_08-1-495x400.jpg' class='lightbox ' data-onclick='8' title=''  itemprop=\"thumbnailUrl\" ><img  src='http:\/\/www.dzo.ufv.br\/wp-content\/uploads\/2017\/05\/Lab_Biotecnologia_08-1-495x400.jpg' width='495' height='400'  title='Lab_Biotecnologia_08' alt='' \/><\/a> <a href='http:\/\/www.dzo.ufv.br\/wp-content\/uploads\/2017\/05\/Lab_Biotecnologia_09-1.jpg' data-rel='gallery-1' data-prev-img='http:\/\/www.dzo.ufv.br\/wp-content\/uploads\/2017\/05\/Lab_Biotecnologia_09-1-495x400.jpg' class='lightbox ' data-onclick='9' title=''  itemprop=\"thumbnailUrl\" ><img  src='http:\/\/www.dzo.ufv.br\/wp-content\/uploads\/2017\/05\/Lab_Biotecnologia_09-1-495x400.jpg' width='495' height='400'  title='Lab_Biotecnologia_09' alt='' \/><\/a> <a href='http:\/\/www.dzo.ufv.br\/wp-content\/uploads\/2017\/05\/Lab_Biotecnologia_10-1.jpg' data-rel='gallery-1' data-prev-img='http:\/\/www.dzo.ufv.br\/wp-content\/uploads\/2017\/05\/Lab_Biotecnologia_10-1-495x400.jpg' class='first_thumb lightbox ' data-onclick='10' title=''  itemprop=\"thumbnailUrl\" ><img  src='http:\/\/www.dzo.ufv.br\/wp-content\/uploads\/2017\/05\/Lab_Biotecnologia_10-1-495x400.jpg' width='495' height='400'  title='Lab_Biotecnologia_10' alt='' \/><\/a> <a href='http:\/\/www.dzo.ufv.br\/wp-content\/uploads\/2017\/05\/Lab_Biotecnologia_11-1.jpg' data-rel='gallery-1' data-prev-img='http:\/\/www.dzo.ufv.br\/wp-content\/uploads\/2017\/05\/Lab_Biotecnologia_11-1-495x400.jpg' class='lightbox ' data-onclick='11' title=''  itemprop=\"thumbnailUrl\" ><img  src='http:\/\/www.dzo.ufv.br\/wp-content\/uploads\/2017\/05\/Lab_Biotecnologia_11-1-495x400.jpg' width='495' height='400'  title='Lab_Biotecnologia_11' alt='' \/><\/a> <a href='http:\/\/www.dzo.ufv.br\/wp-content\/uploads\/2017\/05\/Lab_Biotecnologia_12-1.jpg' data-rel='gallery-1' data-prev-img='http:\/\/www.dzo.ufv.br\/wp-content\/uploads\/2017\/05\/Lab_Biotecnologia_12-1-495x400.jpg' class='lightbox ' data-onclick='12' title=''  itemprop=\"thumbnailUrl\" ><img  src='http:\/\/www.dzo.ufv.br\/wp-content\/uploads\/2017\/05\/Lab_Biotecnologia_12-1-495x400.jpg' width='495' height='400'  title='Lab_Biotecnologia_12' alt='' \/><\/a> <a href='http:\/\/www.dzo.ufv.br\/wp-content\/uploads\/2017\/05\/Lab_Biotecnologia_13-1.jpg' data-rel='gallery-1' data-prev-img='http:\/\/www.dzo.ufv.br\/wp-content\/uploads\/2017\/05\/Lab_Biotecnologia_13-1-495x400.jpg' class='first_thumb lightbox ' data-onclick='13' title=''  itemprop=\"thumbnailUrl\" ><img  src='http:\/\/www.dzo.ufv.br\/wp-content\/uploads\/2017\/05\/Lab_Biotecnologia_13-1-495x400.jpg' width='495' height='400'  title='Lab_Biotecnologia_13' alt='' \/><\/a> <a href='http:\/\/www.dzo.ufv.br\/wp-content\/uploads\/2017\/05\/Lab_Biotecnologia_14-1.jpg' data-rel='gallery-1' data-prev-img='http:\/\/www.dzo.ufv.br\/wp-content\/uploads\/2017\/05\/Lab_Biotecnologia_14-1-495x400.jpg' class='lightbox ' data-onclick='14' title=''  itemprop=\"thumbnailUrl\" ><img  src='http:\/\/www.dzo.ufv.br\/wp-content\/uploads\/2017\/05\/Lab_Biotecnologia_14-1-495x400.jpg' width='495' height='400'  title='Lab_Biotecnologia_14' alt='' \/><\/a> <a href='http:\/\/www.dzo.ufv.br\/wp-content\/uploads\/2017\/05\/Lab_Biotecnologia_15-1.jpg' data-rel='gallery-1' data-prev-img='http:\/\/www.dzo.ufv.br\/wp-content\/uploads\/2017\/05\/Lab_Biotecnologia_15-1-495x400.jpg' class='lightbox ' data-onclick='15' title=''  itemprop=\"thumbnailUrl\" ><img  src='http:\/\/www.dzo.ufv.br\/wp-content\/uploads\/2017\/05\/Lab_Biotecnologia_15-1-495x400.jpg' width='495' height='400'  title='Lab_Biotecnologia_15' alt='' \/><\/a> <a href='http:\/\/www.dzo.ufv.br\/wp-content\/uploads\/2017\/05\/Lab_Biotecnologia_16-1.jpg' data-rel='gallery-1' data-prev-img='http:\/\/www.dzo.ufv.br\/wp-content\/uploads\/2017\/05\/Lab_Biotecnologia_16-1-495x400.jpg' class='first_thumb lightbox ' data-onclick='16' title=''  itemprop=\"thumbnailUrl\" ><img  src='http:\/\/www.dzo.ufv.br\/wp-content\/uploads\/2017\/05\/Lab_Biotecnologia_16-1-495x400.jpg' width='495' height='400'  title='Lab_Biotecnologia_16' alt='' \/><\/a> <a href='http:\/\/www.dzo.ufv.br\/wp-content\/uploads\/2017\/05\/Lab_Biotecnologia_17-1.jpg' data-rel='gallery-1' data-prev-img='http:\/\/www.dzo.ufv.br\/wp-content\/uploads\/2017\/05\/Lab_Biotecnologia_17-1-495x400.jpg' class='lightbox ' data-onclick='17' title=''  itemprop=\"thumbnailUrl\" ><img  src='http:\/\/www.dzo.ufv.br\/wp-content\/uploads\/2017\/05\/Lab_Biotecnologia_17-1-495x400.jpg' width='495' height='400'  title='Lab_Biotecnologia_17' alt='' \/><\/a> <a href='http:\/\/www.dzo.ufv.br\/wp-content\/uploads\/2017\/05\/Lab_Biotecnologia_18-1.jpg' data-rel='gallery-1' data-prev-img='http:\/\/www.dzo.ufv.br\/wp-content\/uploads\/2017\/05\/Lab_Biotecnologia_18-1-495x400.jpg' class='lightbox ' data-onclick='18' title=''  itemprop=\"thumbnailUrl\" ><img  src='http:\/\/www.dzo.ufv.br\/wp-content\/uploads\/2017\/05\/Lab_Biotecnologia_18-1-495x400.jpg' width='495' height='400'  title='Lab_Biotecnologia_18' alt='' \/><\/a> <a href='http:\/\/www.dzo.ufv.br\/wp-content\/uploads\/2017\/05\/Lab_Biotecnologia_19-1.jpg' data-rel='gallery-1' data-prev-img='http:\/\/www.dzo.ufv.br\/wp-content\/uploads\/2017\/05\/Lab_Biotecnologia_19-1-495x400.jpg' class='first_thumb lightbox ' data-onclick='19' title=''  itemprop=\"thumbnailUrl\" ><img  src='http:\/\/www.dzo.ufv.br\/wp-content\/uploads\/2017\/05\/Lab_Biotecnologia_19-1-495x400.jpg' width='495' height='400'  title='Lab_Biotecnologia_19' alt='' \/><\/a> <a href='http:\/\/www.dzo.ufv.br\/wp-content\/uploads\/2017\/05\/Lab_Biotecnologia_20-1.jpg' data-rel='gallery-1' data-prev-img='http:\/\/www.dzo.ufv.br\/wp-content\/uploads\/2017\/05\/Lab_Biotecnologia_20-1-495x400.jpg' class='lightbox ' data-onclick='20' title=''  itemprop=\"thumbnailUrl\" ><img  src='http:\/\/www.dzo.ufv.br\/wp-content\/uploads\/2017\/05\/Lab_Biotecnologia_20-1-495x400.jpg' width='495' height='400'  title='Lab_Biotecnologia_20' alt='' \/><\/a> <a href='http:\/\/www.dzo.ufv.br\/wp-content\/uploads\/2017\/05\/Lab_Biotecnologia_21-1.jpg' data-rel='gallery-1' data-prev-img='http:\/\/www.dzo.ufv.br\/wp-content\/uploads\/2017\/05\/Lab_Biotecnologia_21-1-495x400.jpg' class='lightbox ' data-onclick='21' title=''  itemprop=\"thumbnailUrl\" ><img  src='http:\/\/www.dzo.ufv.br\/wp-content\/uploads\/2017\/05\/Lab_Biotecnologia_21-1-495x400.jpg' width='495' height='400'  title='Lab_Biotecnologia_21' alt='' \/><\/a><\/div><\/div><\/div><\/p>\n","protected":false},"excerpt":{"rendered":"","protected":false},"author":1,"featured_media":0,"parent":0,"menu_order":0,"comment_status":"closed","ping_status":"closed","template":"","meta":[],"_links":{"self":[{"href":"http:\/\/www.dzo.ufv.br\/index.php\/wp-json\/wp\/v2\/pages\/611"}],"collection":[{"href":"http:\/\/www.dzo.ufv.br\/index.php\/wp-json\/wp\/v2\/pages"}],"about":[{"href":"http:\/\/www.dzo.ufv.br\/index.php\/wp-json\/wp\/v2\/types\/page"}],"author":[{"embeddable":true,"href":"http:\/\/www.dzo.ufv.br\/index.php\/wp-json\/wp\/v2\/users\/1"}],"replies":[{"embeddable":true,"href":"http:\/\/www.dzo.ufv.br\/index.php\/wp-json\/wp\/v2\/comments?post=611"}],"version-history":[{"count":15,"href":"http:\/\/www.dzo.ufv.br\/index.php\/wp-json\/wp\/v2\/pages\/611\/revisions"}],"predecessor-version":[{"id":8514,"href":"http:\/\/www.dzo.ufv.br\/index.php\/wp-json\/wp\/v2\/pages\/611\/revisions\/8514"}],"wp:attachment":[{"href":"http:\/\/www.dzo.ufv.br\/index.php\/wp-json\/wp\/v2\/media?parent=611"}],"curies":[{"name":"wp","href":"https:\/\/api.w.org\/{rel}","templated":true}]}}