{"id":593,"date":"2017-05-01T15:46:38","date_gmt":"2017-05-01T18:46:38","guid":{"rendered":"http:\/\/www.dzo.ufv.br\/sitenovo\/?page_id=593"},"modified":"2022-07-22T10:25:59","modified_gmt":"2022-07-22T13:25:59","slug":"rogerio-de-paula-lanna","status":"publish","type":"page","link":"http:\/\/www.dzo.ufv.br\/index.php\/rogerio-de-paula-lanna\/","title":{"rendered":"Rog\u00e9rio de Paula Lana"},"content":{"rendered":"<div class=\"flex_column av_one_fifth  flex_column_div av-zero-column-padding first  \" style='border-radius:0px; '><div class='avia-image-container  av-styling-   avia-align-center '  itemscope=\"itemscope\" itemtype=\"https:\/\/schema.org\/ImageObject\"  ><div class='avia-image-container-inner'><img class='avia_image ' src='http:\/\/www.dzo.ufv.br\/wp-content\/uploads\/2017\/03\/Rog\u00e9rio.jpg' alt='' title='Rog\u00e9rio'   itemprop=\"thumbnailUrl\"  \/><\/div><\/div><\/div>\n<div class=\"flex_column av_three_fourth  flex_column_div av-zero-column-padding   \" style='border-radius:0px; '><p><div style='padding-bottom:10px;' class='av-special-heading av-special-heading-h3    '><h3 class='av-special-heading-tag'  itemprop=\"headline\"  >Rog\u00e9rio de Paula Lana<\/h3><div class='special-heading-border'><div class='special-heading-inner-border' ><\/div><\/div><\/div><br \/>\n<section class=\"av_textblock_section\"  itemscope=\"itemscope\" itemtype=\"https:\/\/schema.org\/CreativeWork\" ><div class='avia_textblock '  style='font-size:17px; '  itemprop=\"text\" ><p>Prof.\u00a0Titular<br \/>\nBolsista 1B do CNPq<\/p>\n<p><strong>Forma\u00e7\u00e3o Acad\u00eamica:<\/strong><br \/>\nPh.D. em Animal Science, Cornell University, NY, EUA (1997)<br \/>\nMSc. em Nutri\u00e7\u00e3o e Produ\u00e7\u00e3o de Ruminantes, UFV (1991)<br \/>\nZootecnia, UFV (1987)<\/p>\n<p><strong>\u00c1reas de atua\u00e7\u00e3o:<br \/>\n<\/strong>Zootecnia \/\u00a0Nutri\u00e7\u00e3o de Ruminantes<\/p>\n<p><strong>Publica\u00e7\u00f5es:\u00a0<\/strong><a href=\"http:\/\/lattes.cnpq.br\/4114396917531479\">Lattes<\/a>\u00a0\/ <a href=\"https:\/\/www.researchgate.net\/profile\/Rogerio_Lana\">ResearchGate<\/a><\/p>\n<p><strong>Setor:<\/strong><br \/>\nFazenda Boa Vista, Distrito de Cachoeirinha, Vi\u00e7osa-MG.<\/p>\n<p><strong>Disciplinas da gradua\u00e7\u00e3o:<\/strong><br \/>\nZOO\u00a0210 &#8211; Zootecnia Geral<br \/>\nZOO 481 &#8211; Administra\u00e7\u00e3o em Nutri\u00e7\u00e3o de Ruminantes<\/p>\n<p><strong>Disciplinas da P\u00f3s-gradua\u00e7\u00e3o:<\/strong><br \/>\nZOO 641 &#8211; Nutri\u00e7\u00e3o de Ruminantes<br \/>\nZOO 720 &#8211; Sustentabilidade na Produ\u00e7\u00e3o de Ruminantes<\/p>\n<p><strong>Contatos:<\/strong><br \/>\nTel: +55 31 3612-4646\/ 9 9695-7430<br \/>\nEmail: rlana@ufv.br<\/p>\n<p><strong>Publica\u00e7\u00f5es Recentes<\/strong><\/p>\n<p>1) <strong>LANA, R.P<\/strong>. Nutri\u00e7\u00e3o e alimenta\u00e7\u00e3o animal: mitos e realidades &#8211; 3a ed. Vi\u00e7osa-MG:<br \/>\nUFV, DZO, 2020. v.1. 344p.<\/p>\n<p>2)<strong> LANA, R.P<\/strong>. Sistema Vi\u00e7osa de formula\u00e7\u00e3o de ra\u00e7\u00f5es, 5a ed. Vi\u00e7osa-MG: UFV,<br \/>\nDZO, 2020. v.1. 123p.<\/p>\n<p>3) GUTIERREZ, G.S.;\u00a0<strong>LANA, R.P<\/strong>.\u00a0; TEIXEIRA, C.R.V.; VELOSO, C.M.; RENN\u00d3,<br \/>\nL.N. <strong>Performance of crossbred lactating cows at grazing in response to nitrogen<\/strong><br \/>\n<strong> supplementation and different levels of concentrate feed<\/strong>. ARQUIVO BRASILEIRO DE<br \/>\nMEDICINA VETERIN\u00c1RIA E ZOOTECNIA (ONLINE), v.71, p.1005-1014, 2019.<\/p>\n<p>4) LANA, R.P. <strong>Popula\u00e7\u00e3o humana, popula\u00e7\u00e3o bovina e o futuro de nosso planeta<\/strong>. In:<br \/>\nLana, RP; Guimar\u00e3es, G.; Sim\u00e3o, GL et al. (Org.). IX Simp\u00f3sio Brasileiro de<br \/>\nAgropecu\u00e1ria Sustent\u00e1vel &#8211; Anais de palestras. 1ed. Vi\u00e7osa-MG: SIMBRAS, 2018, v.1,<br \/>\np.85-101.<\/p>\n<p>5) GUTIERREZ, G.S.;<strong>\u00a0LANA, R.P<\/strong>.; TEIXEIRA, C.R.V.; RENN\u00d3, L.N.; VELOSO,<br \/>\nC.M. <strong>Nitrogen compounds balance and microbial protein synthesis in supplemented<\/strong><br \/>\n<strong> crossbred dairy cows in pasture<\/strong>. ACTA SCIENTIARUM. ANIMAL SCIENCES, v.40,<br \/>\np.42556, 2018.<\/p>\n<p>6) FERREIRA, D.J.\u00a0; ZANINE, A.M.;<strong>\u00a0LANA, R.P<\/strong>.;\u00a0SOUZA, A.L.; NEGRAO, F.M.;<br \/>\nGERON, L.J.V.;\u00a0PARENTE, H.N.; PARENTE, M.O.M. <strong>Carbohydrate and protein<\/strong><br \/>\n<strong> fractioning of grass silages with added dehydrated brewery residue<\/strong>. CIENCIA E<br \/>\nINVESTIGACI\u00d3N AGRARIA (EN L\u00cdNEA. ENGLISH ED.), v.45, p.93-98, 2018.<\/p>\n<p>7) FERREIRA, D.J.; ZANINE, A.M.;<strong> LANA, R.P<\/strong>.; SOUZA, A.L.; NEGR\u00c3O, F.M.;<br \/>\nGERON, L.J.V.; PARENTE, H.N.; PARENTE, M.O.M.; PINHO, R.M.A. <strong>Fermentation<\/strong><br \/>\n<strong> and chemical composition of Marandu grass ensiled with dehydrated brewery residue<\/strong>.<br \/>\nGRASSLAND SCIENCE, v.1, p.1-4, 2018.<\/p>\n<\/div><\/section><\/p><\/div>\n","protected":false},"excerpt":{"rendered":"","protected":false},"author":1,"featured_media":0,"parent":0,"menu_order":0,"comment_status":"closed","ping_status":"closed","template":"","meta":[],"_links":{"self":[{"href":"http:\/\/www.dzo.ufv.br\/index.php\/wp-json\/wp\/v2\/pages\/593"}],"collection":[{"href":"http:\/\/www.dzo.ufv.br\/index.php\/wp-json\/wp\/v2\/pages"}],"about":[{"href":"http:\/\/www.dzo.ufv.br\/index.php\/wp-json\/wp\/v2\/types\/page"}],"author":[{"embeddable":true,"href":"http:\/\/www.dzo.ufv.br\/index.php\/wp-json\/wp\/v2\/users\/1"}],"replies":[{"embeddable":true,"href":"http:\/\/www.dzo.ufv.br\/index.php\/wp-json\/wp\/v2\/comments?post=593"}],"version-history":[{"count":14,"href":"http:\/\/www.dzo.ufv.br\/index.php\/wp-json\/wp\/v2\/pages\/593\/revisions"}],"predecessor-version":[{"id":7942,"href":"http:\/\/www.dzo.ufv.br\/index.php\/wp-json\/wp\/v2\/pages\/593\/revisions\/7942"}],"wp:attachment":[{"href":"http:\/\/www.dzo.ufv.br\/index.php\/wp-json\/wp\/v2\/media?parent=593"}],"curies":[{"name":"wp","href":"https:\/\/api.w.org\/{rel}","templated":true}]}}