{"id":5810,"date":"2019-06-25T15:58:54","date_gmt":"2019-06-25T18:58:54","guid":{"rendered":"http:\/\/www.dzo.ufv.br\/?page_id=5810"},"modified":"2023-04-18T11:12:10","modified_gmt":"2023-04-18T14:12:10","slug":"leandro-santos-da-costa-2","status":"publish","type":"page","link":"http:\/\/www.dzo.ufv.br\/index.php\/leandro-santos-da-costa-2\/","title":{"rendered":"Leandro Santos da Costa"},"content":{"rendered":"<div class=\"flex_column av_one_fifth  flex_column_div av-zero-column-padding first  \" style='border-radius:0px; '><div class='avia-image-container  av-styling-   avia-align-center '  itemscope=\"itemscope\" itemtype=\"https:\/\/schema.org\/ImageObject\"  ><div class='avia-image-container-inner'><img class='avia_image ' src='http:\/\/www.dzo.ufv.br\/wp-content\/uploads\/2017\/03\/leandro-1.png' alt='' title='leandro'   itemprop=\"thumbnailUrl\"  \/><\/div><\/div><\/div>\n<div class=\"flex_column av_three_fourth  flex_column_div av-zero-column-padding   \" style='border-radius:0px; '><p><div style='padding-bottom:10px;' class='av-special-heading av-special-heading-h3    '><h3 class='av-special-heading-tag'  itemprop=\"headline\"  >Leandro Santos Costa<\/h3><div class='special-heading-border'><div class='special-heading-inner-border' ><\/div><\/div><\/div><br \/>\n<section class=\"av_textblock_section\"  itemscope=\"itemscope\" itemtype=\"https:\/\/schema.org\/CreativeWork\" ><div class='avia_textblock '  style='font-size:17px; '  itemprop=\"text\" ><p>Professor Adjunto<\/p>\n<p><strong>Forma\u00e7\u00e3o Acad\u00eamica<\/strong><br \/>\nP\u00f3s Doutorado,\u00a0UFMG (2015-2018)<br \/>\nDoutorado Sandu\u00edche em Nutri\u00e7\u00e3o e Produ\u00e7\u00e3o de N\u00e3o Ruminantes com enfase em Aquicultura, UFLA (2011\/2015) com desenvolvimento de parte das atividades acad\u00eamicas na Univeridad de Murcia &#8211; Espanha (2013\/2014)<br \/>\nMestrado em Nutri\u00e7\u00e3o e Produ\u00e7\u00e3o de n\u00e3o ruminantes com enfase em Aquicultura, UFLA\u00a0(2010\/2011)<br \/>\nGradua\u00e7\u00e3o em Zootecnia, UFLA (2010).<\/p>\n<p><strong>\u00c1reas de atua\u00e7\u00e3o<\/strong><br \/>\nProdu\u00e7\u00e3o, Nutri\u00e7\u00e3o, Fisiologia e Metabolismo de peixes de \u00e1gua doce<\/p>\n<p><strong>Publica\u00e7\u00f5es<\/strong><br \/>\n<a href=\"http:\/\/buscatextual.cnpq.br\/buscatextual\/visualizacv.do?id=K4487351A8&amp;tokenCaptchar=03AOLTBLR-cBSRuvETzgCuexZUaK24FSPD2iVgxh5qt1KknzVLDaC0rkHK2Kqm_AL91nKutF7cfjrrZevVRmJCRqY9bPf6EFXxf2ThQdtkYHCKwBEjUEAApewychJL3N8aEeajkyVPMCe12XEnbdgjwSRplwPkNXZnIxPce2ZfTjjUUETd3QTGBY5fwLNuhbdY_n2EdJfJVWUSRmp6IjlPonYPak64pGJu2qG35qmgHeLSzZAqjwXlaay0-Pd-zLnPJh3RlVTxAVp-fwOH6s_WtYFpZ9zR9aogJXYXN_wJf7SNeOqotoYg-9ThGV2ibZoILKMTRaHCQeQXnCdBG-2Lm5ek7iGyKUDVZQ\">Lattes<\/a><\/p>\n<p><strong>Laborat\u00f3rio<\/strong><\/p>\n<p><strong>Disciplinas<\/strong><\/p>\n<p><strong>Contatos<\/strong><br \/>\nTel: 31 3621-4652<br \/>\nE-mail:\u00a0leandro.s.costa@ufv.br<\/p>\n<p><strong>Publica\u00e7\u00f5es recentes<\/strong><\/p>\n<\/div><\/section><\/p><\/div>\n","protected":false},"excerpt":{"rendered":"","protected":false},"author":1,"featured_media":0,"parent":0,"menu_order":0,"comment_status":"closed","ping_status":"closed","template":"","meta":[],"_links":{"self":[{"href":"http:\/\/www.dzo.ufv.br\/index.php\/wp-json\/wp\/v2\/pages\/5810"}],"collection":[{"href":"http:\/\/www.dzo.ufv.br\/index.php\/wp-json\/wp\/v2\/pages"}],"about":[{"href":"http:\/\/www.dzo.ufv.br\/index.php\/wp-json\/wp\/v2\/types\/page"}],"author":[{"embeddable":true,"href":"http:\/\/www.dzo.ufv.br\/index.php\/wp-json\/wp\/v2\/users\/1"}],"replies":[{"embeddable":true,"href":"http:\/\/www.dzo.ufv.br\/index.php\/wp-json\/wp\/v2\/comments?post=5810"}],"version-history":[{"count":10,"href":"http:\/\/www.dzo.ufv.br\/index.php\/wp-json\/wp\/v2\/pages\/5810\/revisions"}],"predecessor-version":[{"id":8476,"href":"http:\/\/www.dzo.ufv.br\/index.php\/wp-json\/wp\/v2\/pages\/5810\/revisions\/8476"}],"wp:attachment":[{"href":"http:\/\/www.dzo.ufv.br\/index.php\/wp-json\/wp\/v2\/media?parent=5810"}],"curies":[{"name":"wp","href":"https:\/\/api.w.org\/{rel}","templated":true}]}}