{"id":537,"date":"2017-04-19T09:25:16","date_gmt":"2017-04-19T12:25:16","guid":{"rendered":"http:\/\/www.dzo.ufv.br\/sitenovo\/?page_id=537"},"modified":"2019-06-24T17:31:16","modified_gmt":"2019-06-24T20:31:16","slug":"karina-costa-busato","status":"publish","type":"page","link":"http:\/\/www.dzo.ufv.br\/index.php\/karina-costa-busato\/","title":{"rendered":"Karina Costa Busato"},"content":{"rendered":"<div class=\"flex_column av_one_fifth  flex_column_div av-zero-column-padding first  \" style='border-radius:0px; '><div class='avia-image-container  av-styling-   avia-align-center '  itemscope=\"itemscope\" itemtype=\"https:\/\/schema.org\/ImageObject\"  ><div class='avia-image-container-inner'><img class='avia_image ' src='http:\/\/www.dzo.ufv.br\/wp-content\/uploads\/2017\/03\/Karina.jpg' alt='' title='Karina'   itemprop=\"thumbnailUrl\"  \/><\/div><\/div><\/div>\n<div class=\"flex_column av_three_fifth  flex_column_div av-zero-column-padding   \" style='border-radius:0px; '><p><div style='padding-bottom:10px;' class='av-special-heading av-special-heading-h3    '><h3 class='av-special-heading-tag'  itemprop=\"headline\"  >Karina Costa Busato<\/h3><div class='special-heading-border'><div class='special-heading-inner-border' ><\/div><\/div><\/div><br \/>\n<section class=\"av_textblock_section\"  itemscope=\"itemscope\" itemtype=\"https:\/\/schema.org\/CreativeWork\" ><div class='avia_textblock '  style='font-size:17px; '  itemprop=\"text\" ><p>Profa. Adjunta<\/p>\n<p><strong>Forma\u00e7\u00e3o Acad\u00eamica:<\/strong><br \/>\nDsc. em Zootecnia, UFLA (2015)<br \/>\nMsc. em Ci\u00eancia Animal, UNIVASF (2010)<br \/>\nMedicina Veterin\u00e1ria, UVV (2007)<\/p>\n<p><strong>\u00c1reas de atua\u00e7\u00e3o:<br \/>\n<\/strong>Ovinocultura\/ Produ\u00e7\u00e3o e Nutri\u00e7\u00e3o de Ruminantes<\/p>\n<p><strong>Publica\u00e7\u00f5es:\u00a0<\/strong><a href=\"http:\/\/buscatextual.cnpq.br\/buscatextual\/visualizacv.do?id=K4202816J7\">Lattes<\/a><\/p>\n<p><strong>Laborat\u00f3rio: <\/strong><br \/>\n<a href=\"http:\/\/www.dzo.ufv.br\/index.php\/laboratorio-granja-de-melhoramento-de-aves\/\">&gt;&gt; UEPE Melhoramento e Produ\u00e7\u00e3o de Aves<\/a><br \/>\n<a href=\"http:\/\/www.dzo.ufv.br\/index.php\/unidade-de-ensino-pesquisa-e-extensao-ovinos\/\">&gt;&gt; UEPE Ovinocultura<\/a><\/p>\n<p><strong>Disciplinas da Gradua\u00e7\u00e3o:<\/strong><br \/>\nZOO 417 &#8211; Ovinocultura<br \/>\nZOO 419 &#8211; Bubalinocultura<br \/>\nZOO 494 &#8211; Cria\u00e7\u00e3o Comercial da fauna Silvestre<\/p>\n<p><strong>Contatos:<\/strong><br \/>\nTel: +55 31 3612-4624<br \/>\nEmail:\u00a0karina.busato@ufv.br<\/p>\n<p><strong>Publica\u00e7\u00f5es Recentes:<\/strong><\/p>\n<div class=\"artigo-completo\">\n<div class=\"layout-cell layout-cell-1 text-align-right\">\n<div class=\"layout-cell-pad-5 text-align-right\"><b>1. <\/b><\/div>\n<\/div>\n<div class=\"layout-cell layout-cell-11\">\n<div class=\"layout-cell-pad-5\">\n<p>RODRIGUES, RAFAEL TORRES DE SOUZA ; CHIZZOTTI, MARIO LUIZ ; VITAL, CAMILO ELBER ; BARACAT-PEREIRA, MARIA CRISTINA ; BARROS, EDVALDO ; <b>BUSATO, KARINA COSTA<\/b> ; GOMES, RAFAEL APARECIDO ; LADEIRA, M\u00c1RCIO MACHADO ; MARTINS, TAIANE DA SILVA . Differences in Beef Quality between Angus (Bos taurus taurus) and Nellore (Bos taurus indicus) Cattle through a Proteomic and Phosphoproteomic Approach. PLoS One, v. 12, p. e0170294, 2017.<\/p>\n<div class=\"citado\"><\/div>\n<\/div>\n<\/div>\n<\/div>\n<div class=\"artigo-completo\">\n<div class=\"layout-cell layout-cell-1 text-align-right\">\n<div class=\"layout-cell-pad-5 text-align-right\"><b>2. <\/b><\/div>\n<\/div>\n<div class=\"layout-cell layout-cell-11\">\n<div class=\"layout-cell-pad-5\">GOMES, R. A. ; <b>BUSATO, K. C.<\/b> ; LADEIRA, M. M. ; JOHNSON, K. A. ; GALV\u00c3O, M. C. ; RODRIGUES, A. C. ; LOUREN\u00c7ONI, D. ; CHIZZOTTI, M. L. . Technical note: Relationship between infrared thermography and heat production in young bulls. Journal of Animal Science, v. 94, p. jas.2015-0004, 2016.<\/div>\n<\/div>\n<\/div>\n<div class=\"artigo-completo\">\n<div class=\"layout-cell layout-cell-1 text-align-right\">\n<div class=\"layout-cell-pad-5 text-align-right\"><b>3. <\/b><\/div>\n<\/div>\n<div class=\"layout-cell layout-cell-11\">\n<div class=\"layout-cell-pad-5\">\n<p><b>BUSATO, K. C.<\/b>; GOMES, R. A. ; LADEIRA, M. M. ; DUARTE, M. S. ; FREITAS, N. C. ; RODRIGUES, A. C. ; CHALFUN-JUNIOR, A. ; PAIVA, L. V. ; CHIZZOTTI, M. L. . Expression of genes related to the regulation of muscle protein turnover in Angus and Nellore bulls. Journal of Animal Science, v. 94, p. 1472-1481, 2016.<\/p>\n<div class=\"citado\"><\/div>\n<\/div>\n<\/div>\n<\/div>\n<div class=\"artigo-completo\">\n<div class=\"layout-cell layout-cell-1 text-align-right\">\n<div class=\"layout-cell-pad-5 text-align-right\"><b>4. <\/b><\/div>\n<\/div>\n<div class=\"layout-cell layout-cell-11\">\n<div class=\"layout-cell-pad-5\">\n<p>DA SILVA, IVONETE FERREIRA ; DE SOUZA RODRIGUES, RAFAEL TORRES ; QUEIROZ, M\u00c1RIO ADRIANO \u00c1VILA ; CHIZZOTTI, MARIO LUIZ ; ZANETTI, MARCUS ANTONIO ; DA CUNHA, JOS\u00c9 APARECIDO ; <b>BUSATO, KARINA COSTA<\/b> . Net requirements of calcium, phosphorus, magnesium, and sulphur for growth of non-descript breed hair lambs of different sex classes in the Brazilian semiarid conditions. Tropical Animal Health and Production, v. 48, p. 817-822, 2016.<\/p>\n<div class=\"citado\"><\/div>\n<\/div>\n<\/div>\n<\/div>\n<div class=\"artigo-completo\">\n<div class=\"layout-cell layout-cell-1 text-align-right\">\n<div class=\"layout-cell-pad-5 text-align-right\"><b>5. <\/b><\/div>\n<\/div>\n<div class=\"layout-cell layout-cell-11\">\n<div class=\"layout-cell-pad-5\">\n<p>GOMES, R. A. ; MONTEIRO, G. R. ; ASSIS, G. J. F. ; <b>BUSATO, K. C.<\/b> ; LADEIRA, M. M. ; CHIZZOTTI, M. L. . Technical note: Estimating body weight and body composition of beef cattle trough digital image analysis. Journal of Animal Science, v. 94, p. jas2016-0797, 2016.<\/p>\n<div class=\"citado\"><\/div>\n<\/div>\n<\/div>\n<\/div>\n<div class=\"artigo-completo\">\n<div class=\"layout-cell layout-cell-1 text-align-right\">\n<div class=\"layout-cell-pad-5 text-align-right\"><b>6. <\/b><\/div>\n<\/div>\n<div class=\"layout-cell layout-cell-11\">\n<div class=\"layout-cell-pad-5\">MENEZES, D.R. ; BARBOSA, A. L. ; RODRIGUES, R. T. S. ; LISTA, F. N. ; NASCIMENTO, T. V. C. ; MORAES, S. A. ; QUEIROZ, M. A. A. ; <b>BUSATO, K. C.<\/b> . In vitro gas production and degradation kinetics of elephant grass silage with dried tamarind residue. Journal of Animal and Feed Sciences, v. 25, p. 259-265, 2016.<\/div>\n<\/div>\n<\/div>\n<div class=\"artigo-completo\">\n<div class=\"layout-cell layout-cell-1 text-align-right\">\n<div class=\"layout-cell-pad-5 text-align-right\"><b>7. <\/b><\/div>\n<\/div>\n<div class=\"layout-cell layout-cell-11\">\n<div class=\"layout-cell-pad-5\">SILVA, TIAGO SANTOS ; CHIZZOTTI, MARIO LUIZ ; <b>BUSATO, KARINA COSTA<\/b> ; RODRIGUES, RAFAEL TORRES DE SOUZA ; DA SILVA, IVONETE FERREIRA ; QUEIROZ, M\u00c1RIO ADRIANO \u00c1VILA . Indirect methods for predicting body composition of Boer crossbreds and indigenous goats from the Brazilian semiarid. Tropical Animal Health and Production, v. 47, p. 1217-1220, 2015.<\/div>\n<\/div>\n<\/div>\n<div class=\"artigo-completo\">\n<div class=\"layout-cell layout-cell-1 text-align-right\">\n<div class=\"layout-cell-pad-5 text-align-right\"><b>8. <\/b><\/div>\n<\/div>\n<div class=\"layout-cell layout-cell-11\">\n<div class=\"layout-cell-pad-5\">RODRIGUES, RAFAEL TORRES DE SOUZA ; CHIZZOTTI, MARIO LUIZ ; MARTINS, SAMARA RODRIGUES ; DA SILVA, IVONETE FERREIRA ; QUEIROZ, M\u00c1RIO ADRIANO \u00c1VILA ; SILVA, TIAGO SANTOS ; <b>BUSATO, KARINA COSTA<\/b> ; SILVA, ADERBAL MARCOS DE AZEV\u00caDO . Energy and protein requirements of non-descript breed hair lambs of different sex classes in the semiarid region of Brazil. Tropical Animal Health and Production, v. 48, p. 87-94, 2015.<\/div>\n<\/div>\n<\/div>\n<div class=\"artigo-completo\">\n<div class=\"layout-cell layout-cell-1 text-align-right\">\n<div class=\"layout-cell-pad-5 text-align-right\"><b>9. <\/b><\/div>\n<\/div>\n<div class=\"layout-cell layout-cell-11\">\n<div class=\"layout-cell-pad-5\">MENEZES, DANIEL RIBEIRO ; COSTA, ROBERTO GERMANO ; DE ARA\u00daJO, GHERMAN GARCIA LEAL ; PEREIRA, LUIZ GUSTAVO RIBEIRO ; DE MEDEIROS, GEOVERGUE RODRIGUES ; OLIVEIRA, JULIANA SILVA ; NASCIMENTO, THIAGO VINICIUS COSTA ; DE SOUZA RODRIGUES, RAFAEL TORRES ; FILHO, JOS\u00c9 MORAIS PEREIRA ; <b>BUSATO, KARINA COSTA<\/b> . Detoxified castor meal in substitution of soybean meal in sheep diet: growth performance, carcass characteristics and meat yield. Tropical Animal Health and Production, v. 48, p. 297-302, 2015.<\/div>\n<\/div>\n<\/div>\n<div class=\"artigo-completo\">\n<div class=\"layout-cell layout-cell-1 text-align-right\">\n<div class=\"layout-cell-pad-5 text-align-right\"><b>10. <\/b><\/div>\n<\/div>\n<div class=\"layout-cell layout-cell-11\">\n<div class=\"layout-cell-pad-5\">LOPES, L.S. ; MARTINS, S.R. ; CHIZZOTTI, M.L. ; <b>BUSATO, K.C.<\/b> ; OLIVEIRA, I.M. ; MACHADO NETO, O.R. ; PAULINO, P.V.R. ; LANNA, D.P.D. ; LADEIRA, M.M. . Meat quality and fatty acid profile of Brazilian goats subjected to different nutritional treatments. Meat Science, v. 97, p. 602-608, 2014.<\/div>\n<\/div>\n<\/div>\n<\/div><\/section><\/p><\/div>\n","protected":false},"excerpt":{"rendered":"","protected":false},"author":1,"featured_media":0,"parent":0,"menu_order":0,"comment_status":"closed","ping_status":"closed","template":"","meta":[],"_links":{"self":[{"href":"http:\/\/www.dzo.ufv.br\/index.php\/wp-json\/wp\/v2\/pages\/537"}],"collection":[{"href":"http:\/\/www.dzo.ufv.br\/index.php\/wp-json\/wp\/v2\/pages"}],"about":[{"href":"http:\/\/www.dzo.ufv.br\/index.php\/wp-json\/wp\/v2\/types\/page"}],"author":[{"embeddable":true,"href":"http:\/\/www.dzo.ufv.br\/index.php\/wp-json\/wp\/v2\/users\/1"}],"replies":[{"embeddable":true,"href":"http:\/\/www.dzo.ufv.br\/index.php\/wp-json\/wp\/v2\/comments?post=537"}],"version-history":[{"count":10,"href":"http:\/\/www.dzo.ufv.br\/index.php\/wp-json\/wp\/v2\/pages\/537\/revisions"}],"predecessor-version":[{"id":8474,"href":"http:\/\/www.dzo.ufv.br\/index.php\/wp-json\/wp\/v2\/pages\/537\/revisions\/8474"}],"wp:attachment":[{"href":"http:\/\/www.dzo.ufv.br\/index.php\/wp-json\/wp\/v2\/media?parent=537"}],"curies":[{"name":"wp","href":"https:\/\/api.w.org\/{rel}","templated":true}]}}