{"id":508,"date":"2017-04-13T11:33:27","date_gmt":"2017-04-13T14:33:27","guid":{"rendered":"http:\/\/www.dzo.ufv.br\/sitenovo\/?page_id=508"},"modified":"2023-04-11T13:12:49","modified_gmt":"2023-04-11T16:12:49","slug":"laboratorio-de-nutricao-animal","status":"publish","type":"page","link":"http:\/\/www.dzo.ufv.br\/index.php\/laboratorio-de-nutricao-animal\/","title":{"rendered":"Laborat\u00f3rio de Nutri\u00e7\u00e3o Animal (LNA)"},"content":{"rendered":"<\/div><\/div><\/div><!-- close content main div --><\/div><\/div><div id='full_slider_1' class='avia-fullwidth-slider main_color avia-shadow  container_wrap sidebar_right'   ><div  data-size='no scaling'  data-lightbox_size='large'  data-animation='slide'  data-ids='2637'  data-video_counter='0'  data-autoplay='false'  data-bg_slider='false'  data-slide_height=''  data-handle='av_slideshow_full'  data-interval='5'  data-class=' '  data-css_id=''  data-scroll_down=''  data-control_layout='av-control-default'  data-custom_markup=''  data-perma_caption=''  data-autoplay_stopper=''  data-image_attachment=''  data-min_height='0px'  data-src=''  data-position='top left'  data-repeat='no-repeat'  data-attach='scroll'  data-stretch=''  class='avia-slideshow avia-slideshow-1  av-control-default av-default-height-applied avia-slideshow-no scaling av_slideshow_full   avia-slide-slider '  itemscope=\"itemscope\" itemtype=\"https:\/\/schema.org\/ImageObject\" ><ul class='avia-slideshow-inner' style='padding-bottom: 35.714285714286%;'><li  class=' av-single-slide slide-1 ' ><div data-rel='slideshow-1' class='avia-slide-wrap'  ><img src='http:\/\/www.dzo.ufv.br\/wp-content\/uploads\/2017\/04\/Nutri\u00e7\u00e3o-Animal-1.jpg' width='1400' height='500' title='Nutri\u00e7\u00e3o-Animal' alt=''  itemprop=\"thumbnailUrl\"   \/><\/div><\/li><\/ul><\/div><\/div>\n<div class=\"flex_column av_one_half  flex_column_div av-zero-column-padding first  \" style='border-radius:0px; '><section class=\"av_textblock_section\"  itemscope=\"itemscope\" itemtype=\"https:\/\/schema.org\/CreativeWork\" ><div class='avia_textblock '  style='font-size:17px; '  itemprop=\"text\" ><p><strong>Laborat\u00f3rio de Nutri\u00e7\u00e3o Animal<\/strong><\/p>\n<p><strong>Professor Respons\u00e1vel:<br \/>\n<\/strong>Prof. Edenio Detmann<\/p>\n<p><strong>Interesses de pesquisa:<\/strong><br \/>\nAn\u00e1lises f\u00edsicas, qu\u00edmicas e biol\u00f3gicas de alimentos para animais.<\/p>\n<p><strong>Corpo t\u00e9cnico permanente:<\/strong><br \/>\nAline Sales Bernardino<br \/>\nBernadete Lopes Rodrigues<br \/>\nFab\u00edola Suelen dos Santos<br \/>\nMarcelo Souza Lima<br \/>\n<strong><br \/>\nContato:<\/strong><\/p>\n<p>Tel: 3612-4666<\/p>\n<\/div><\/section><\/div><div class=\"flex_column av_one_half  flex_column_div av-zero-column-padding   \" style='border-radius:0px; '><div class='avia-gallery avia-gallery-1 avia_lazyload avia_animate_when_visible '  itemscope=\"itemscope\" itemtype=\"https:\/\/schema.org\/ImageObject\" ><a class='avia-gallery-big fakeLightbox lightbox avia-gallery-big-crop-thumb ' href='http:\/\/www.dzo.ufv.br\/wp-content\/uploads\/2017\/04\/Nutri\u00e7\u00e3o-Animal_01-1.jpg'  data-onclick='1' title='' ><span class='avia-gallery-big-inner'  itemprop=\"thumbnailUrl\" >\t<img width='495' height='400' src='http:\/\/www.dzo.ufv.br\/wp-content\/uploads\/2017\/04\/Nutri\u00e7\u00e3o-Animal_01-1-495x400.jpg' title='Nutri\u00e7\u00e3o-Animal_01' alt='' \/><\/span><\/a><div class='avia-gallery-thumb'> <a href='http:\/\/www.dzo.ufv.br\/wp-content\/uploads\/2017\/04\/Nutri\u00e7\u00e3o-Animal_01-1.jpg' data-rel='gallery-1' data-prev-img='http:\/\/www.dzo.ufv.br\/wp-content\/uploads\/2017\/04\/Nutri\u00e7\u00e3o-Animal_01-1-495x400.jpg' class='first_thumb lightbox ' data-onclick='1' title=''  itemprop=\"thumbnailUrl\" ><img  src='http:\/\/www.dzo.ufv.br\/wp-content\/uploads\/2017\/04\/Nutri\u00e7\u00e3o-Animal_01-1-495x400.jpg' width='495' height='400'  title='Nutri\u00e7\u00e3o-Animal_01' alt='' \/><\/a> <a href='http:\/\/www.dzo.ufv.br\/wp-content\/uploads\/2017\/04\/Nutri\u00e7\u00e3o-Animal_02-1.jpg' data-rel='gallery-1' data-prev-img='http:\/\/www.dzo.ufv.br\/wp-content\/uploads\/2017\/04\/Nutri\u00e7\u00e3o-Animal_02-1-495x400.jpg' class='lightbox ' data-onclick='2' title=''  itemprop=\"thumbnailUrl\" ><img  src='http:\/\/www.dzo.ufv.br\/wp-content\/uploads\/2017\/04\/Nutri\u00e7\u00e3o-Animal_02-1-495x400.jpg' width='495' height='400'  title='Nutri\u00e7\u00e3o-Animal_02' alt='' \/><\/a> <a href='http:\/\/www.dzo.ufv.br\/wp-content\/uploads\/2017\/04\/Nutri\u00e7\u00e3o-Animal_03-1.jpg' data-rel='gallery-1' data-prev-img='http:\/\/www.dzo.ufv.br\/wp-content\/uploads\/2017\/04\/Nutri\u00e7\u00e3o-Animal_03-1-495x400.jpg' class='lightbox ' data-onclick='3' title=''  itemprop=\"thumbnailUrl\" ><img  src='http:\/\/www.dzo.ufv.br\/wp-content\/uploads\/2017\/04\/Nutri\u00e7\u00e3o-Animal_03-1-495x400.jpg' width='495' height='400'  title='Nutri\u00e7\u00e3o-Animal_03' alt='' \/><\/a> <a href='http:\/\/www.dzo.ufv.br\/wp-content\/uploads\/2017\/04\/Nutri\u00e7\u00e3o-Animal_04-1.jpg' data-rel='gallery-1' data-prev-img='http:\/\/www.dzo.ufv.br\/wp-content\/uploads\/2017\/04\/Nutri\u00e7\u00e3o-Animal_04-1-495x400.jpg' class='lightbox ' data-onclick='4' title=''  itemprop=\"thumbnailUrl\" ><img  src='http:\/\/www.dzo.ufv.br\/wp-content\/uploads\/2017\/04\/Nutri\u00e7\u00e3o-Animal_04-1-495x400.jpg' width='495' height='400'  title='Nutri\u00e7\u00e3o-Animal_04' alt='' \/><\/a> <a href='http:\/\/www.dzo.ufv.br\/wp-content\/uploads\/2017\/04\/Nutri\u00e7\u00e3o-Animal_05-1.jpg' data-rel='gallery-1' data-prev-img='http:\/\/www.dzo.ufv.br\/wp-content\/uploads\/2017\/04\/Nutri\u00e7\u00e3o-Animal_05-1-495x400.jpg' class='lightbox ' data-onclick='5' title=''  itemprop=\"thumbnailUrl\" ><img  src='http:\/\/www.dzo.ufv.br\/wp-content\/uploads\/2017\/04\/Nutri\u00e7\u00e3o-Animal_05-1-495x400.jpg' width='495' height='400'  title='Nutri\u00e7\u00e3o-Animal_05' alt='' \/><\/a> <a href='http:\/\/www.dzo.ufv.br\/wp-content\/uploads\/2017\/04\/Nutri\u00e7\u00e3o-Animal_06-1.jpg' data-rel='gallery-1' data-prev-img='http:\/\/www.dzo.ufv.br\/wp-content\/uploads\/2017\/04\/Nutri\u00e7\u00e3o-Animal_06-1-495x400.jpg' class='first_thumb lightbox ' data-onclick='6' title=''  itemprop=\"thumbnailUrl\" ><img  src='http:\/\/www.dzo.ufv.br\/wp-content\/uploads\/2017\/04\/Nutri\u00e7\u00e3o-Animal_06-1-495x400.jpg' width='495' height='400'  title='Nutri\u00e7\u00e3o-Animal_06' alt='' \/><\/a> <a href='http:\/\/www.dzo.ufv.br\/wp-content\/uploads\/2017\/04\/Nutri\u00e7\u00e3o-Animal_07-1.jpg' data-rel='gallery-1' data-prev-img='http:\/\/www.dzo.ufv.br\/wp-content\/uploads\/2017\/04\/Nutri\u00e7\u00e3o-Animal_07-1-495x400.jpg' class='lightbox ' data-onclick='7' title=''  itemprop=\"thumbnailUrl\" ><img  src='http:\/\/www.dzo.ufv.br\/wp-content\/uploads\/2017\/04\/Nutri\u00e7\u00e3o-Animal_07-1-495x400.jpg' width='495' height='400'  title='Nutri\u00e7\u00e3o-Animal_07' alt='' \/><\/a><\/div><\/div><\/div><\/p>\n","protected":false},"excerpt":{"rendered":"","protected":false},"author":1,"featured_media":0,"parent":0,"menu_order":0,"comment_status":"closed","ping_status":"closed","template":"","meta":[],"_links":{"self":[{"href":"http:\/\/www.dzo.ufv.br\/index.php\/wp-json\/wp\/v2\/pages\/508"}],"collection":[{"href":"http:\/\/www.dzo.ufv.br\/index.php\/wp-json\/wp\/v2\/pages"}],"about":[{"href":"http:\/\/www.dzo.ufv.br\/index.php\/wp-json\/wp\/v2\/types\/page"}],"author":[{"embeddable":true,"href":"http:\/\/www.dzo.ufv.br\/index.php\/wp-json\/wp\/v2\/users\/1"}],"replies":[{"embeddable":true,"href":"http:\/\/www.dzo.ufv.br\/index.php\/wp-json\/wp\/v2\/comments?post=508"}],"version-history":[{"count":15,"href":"http:\/\/www.dzo.ufv.br\/index.php\/wp-json\/wp\/v2\/pages\/508\/revisions"}],"predecessor-version":[{"id":8130,"href":"http:\/\/www.dzo.ufv.br\/index.php\/wp-json\/wp\/v2\/pages\/508\/revisions\/8130"}],"wp:attachment":[{"href":"http:\/\/www.dzo.ufv.br\/index.php\/wp-json\/wp\/v2\/media?parent=508"}],"curies":[{"name":"wp","href":"https:\/\/api.w.org\/{rel}","templated":true}]}}