{"id":484,"date":"2017-04-13T10:18:16","date_gmt":"2017-04-13T13:18:16","guid":{"rendered":"http:\/\/www.dzo.ufv.br\/sitenovo\/?page_id=484"},"modified":"2019-06-24T17:26:49","modified_gmt":"2019-06-24T20:26:49","slug":"mario-luiz-chizzotti","status":"publish","type":"page","link":"http:\/\/www.dzo.ufv.br\/index.php\/mario-luiz-chizzotti\/","title":{"rendered":"Mario Luiz Chizzotti"},"content":{"rendered":"<div class=\"flex_column av_one_fifth  flex_column_div av-zero-column-padding first  \" style='border-radius:0px; '><div class='avia-image-container  av-styling-   avia-align-center '  itemscope=\"itemscope\" itemtype=\"https:\/\/schema.org\/ImageObject\"  ><div class='avia-image-container-inner'><img class='avia_image ' src='http:\/\/www.dzo.ufv.br\/wp-content\/uploads\/2017\/03\/Mario.jpg' alt='' title='Mario'   itemprop=\"thumbnailUrl\"  \/><\/div><\/div><\/div>\n<div class=\"flex_column av_three_fourth  flex_column_div av-zero-column-padding   \" style='border-radius:0px; '><p><div style='padding-bottom:10px;' class='av-special-heading av-special-heading-h3    '><h3 class='av-special-heading-tag'  itemprop=\"headline\"  >Mario Luiz Chizzotti<\/h3><div class='special-heading-border'><div class='special-heading-inner-border' ><\/div><\/div><\/div><br \/>\n<section class=\"av_textblock_section\"  itemscope=\"itemscope\" itemtype=\"https:\/\/schema.org\/CreativeWork\" ><div class='avia_textblock '  style='font-size:17px; '  itemprop=\"text\" ><p>Prof. Adjunto<br \/>\nBolsista 1A CNPq<\/p>\n<p><strong>Forma\u00e7\u00e3o Acad\u00eamica:<\/strong><br \/>\nDrs. em\u00a0 Produ\u00e7\u00e3o de Ruminantes, UFV (2007)<br \/>\nMSc. em Produ\u00e7\u00e3o de Ruminantes, UFV (2004)<br \/>\nZootecnia, UFV (2002)<\/p>\n<p><strong>\u00c1reas de atua\u00e7\u00e3o:<\/strong><br \/>\nZootecnia \/ Produ\u00e7\u00e3o Animal<br \/>\nZootecnia \/ Pecu\u00e1ria de Precis\u00e3o<br \/>\nZootecnia \/ Fisiologia do Crescimento e Qualidade da carne<\/p>\n<p><strong>Publica\u00e7\u00f5es:<\/strong> <a href=\"http:\/\/buscatextual.cnpq.br\/buscatextual\/visualizacv.do?id=K4702813P0\">Lattes<\/a>\u00a0\/ <a href=\"https:\/\/www.researchgate.net\/profile\/Mario_Chizzotti\">ResearchGate<\/a><\/p>\n<p><strong>Laborat\u00f3rio:<\/strong><br \/>\n<a href=\"http:\/\/www.dzo.ufv.br\/index.php\/laboratorio-de-ciencia-da-carne-uepe-lcc\/\">&gt;&gt;Laborat\u00f3rio de Ci\u00eancia da Carne (UEPE-LCC)<\/a><br \/>\n&gt;&gt;Unidade de Ensino Pesquisa e Extens\u00e3o em Zootecnia de Precis\u00e3o (UEPE-ZP)<\/p>\n<p><strong>Disciplinas da gradua\u00e7\u00e3o:<\/strong><br \/>\nZOO 429 \u2013 Cadeia produtiva da Carne, Pele e Couros<\/p>\n<p><strong>Disciplinas da P\u00f3s-gradua\u00e7\u00e3o:<\/strong><br \/>\nZOO 729 \u2013 Fisiologia do Crescimento Animal e Qualidade da Carne<\/p>\n<p><strong>Contatos:<\/strong><br \/>\nTel: +55 31 3612-4641<br \/>\nEmail:\u00a0mariochizzotti@ufv.br<\/p>\n<p><strong>Publica\u00e7\u00f5es Recentes:<\/strong><\/p>\n<div class=\"artigo-completo\">\n<div class=\"layout-cell layout-cell-1 text-align-right\">\n<div class=\"layout-cell-pad-5 text-align-right\"><b>1. <\/b><\/div>\n<\/div>\n<div class=\"layout-cell layout-cell-11\">\n<div class=\"layout-cell-pad-5\">\n<p>SILVA, LUIZ H.P. ; PAULINO, PEDRO V.R. ; ASSIS, GUTIERREZ J.F. ; ASSIS, DEBORA E.F. ; ESTRADA, MAURICIO M. ; SILVA, MATHEUS C. ; SILVA, JAQUELINE C. ; MARTINS, TAIANE S. ; VALADARES FILHO, SEBASTI\u00c3O C. ; PAULINO, M\u00c1RIO F. ; <b>CHIZZOTTI, MARIO L.<\/b> . Effect of post-weaning growth rate on carcass traits and meat quality of Nellore cattle. Meat Science, v. 123, p. 192-197, 2017.<\/p>\n<div class=\"citado\"><\/div>\n<\/div>\n<\/div>\n<\/div>\n<div class=\"artigo-completo\">\n<div class=\"layout-cell layout-cell-1 text-align-right\">\n<div class=\"layout-cell-pad-5 text-align-right\"><b>2. <\/b><\/div>\n<\/div>\n<div class=\"layout-cell layout-cell-11\">\n<div class=\"layout-cell-pad-5\">\n<p>GOMES, RAFAEL APARECIDO ; BUSATO, KARINA COSTA ; Ladeira, Marcio Machado ; JOHNSON, KRISTEN A. ; GALV\u00c3O, MATHEUS CASTILHO ; RODRIGUES, ALINE CASTRO ; <b>Chizzotti, Mario Luiz<\/b> . Energy and protein requirements for Angus and Nellore young bulls. Livestock Science (Print), v. 195, p. 67-73, 2017.<\/p>\n<div class=\"citado\"><\/div>\n<\/div>\n<\/div>\n<\/div>\n<div class=\"artigo-completo\">\n<div class=\"layout-cell layout-cell-1 text-align-right\">\n<div class=\"layout-cell-pad-5 text-align-right\"><b>3. <\/b><\/div>\n<\/div>\n<div class=\"layout-cell layout-cell-11\">\n<div class=\"layout-cell-pad-5\">\n<p>RODRIGUES, R. T. S. ; <b>CHIZZOTTI, M. L.<\/b> ; VITAL, CAMILO ELBER ; BARACAT-PEREIRA, MARIA CRISTINA ; BARROS, EDVALDO ; BUSATO, KARINA COSTA ; GOMES, RAFAEL APARECIDO ; LADEIRA, M\u00c1RCIO MACHADO ; MARTINS, TAIANE DA SILVA . Differences in Beef Quality between Angus (Bos taurus taurus) and Nellore (Bos taurus indicus) Cattle through a Proteomic and Phosphoproteomic Approach. Plos One, v. 12, p. e0170294, 2017.<\/p>\n<div class=\"citado\"><\/div>\n<\/div>\n<\/div>\n<\/div>\n<div class=\"artigo-completo\">\n<div class=\"layout-cell layout-cell-1 text-align-right\">\n<div class=\"layout-cell-pad-5 text-align-right\"><b>4. <\/b><\/div>\n<\/div>\n<div class=\"layout-cell layout-cell-11\">\n<div class=\"layout-cell-pad-5\">\n<p>CARVALHO, V.V. ; PAULINO, M.F. ; DETMANN, E. ; <b>Chizzotti, M.L.<\/b> ; MARTINS, L.S. ; SILVA, A.G. ; LOPES, S.A. ; MOURA, F.H. . Effects of supplements containing different additives on nutritional and productive performance of beef cattle grazing tropical grass. Tropical Animal Health and Production, v. 50, p. 1, 2017.<\/p>\n<div class=\"citado\"><\/div>\n<\/div>\n<\/div>\n<\/div>\n<div class=\"artigo-completo\">\n<div class=\"layout-cell layout-cell-1 text-align-right\">\n<div class=\"layout-cell-pad-5 text-align-right\"><b>5. <\/b><\/div>\n<\/div>\n<div class=\"layout-cell layout-cell-11\">\n<div class=\"layout-cell-pad-5\">GOMES, R. A. ; BUSATO, K. C. ; LADEIRA, M. M. ; JOHNSON, K. A. ; GALV\u00c3O, M. C. ; RODRIGUES, A. C. ; LOUREN\u00c7ONI, D. ; <b>CHIZZOTTI, M. L.<\/b> . Technical note: Relationship between infrared thermography and heat production in young bulls. Journal of Animal Science, v. 94, p. jas.2015-0004, 2016.<\/div>\n<\/div>\n<\/div>\n<div class=\"artigo-completo\">\n<div class=\"layout-cell layout-cell-1 text-align-right\">\n<div class=\"layout-cell-pad-5 text-align-right\"><b>6. <\/b><\/div>\n<\/div>\n<div class=\"layout-cell layout-cell-11\">\n<div class=\"layout-cell-pad-5\">CHAY-CANUL, A. ; MAGA\u00d1A-MONFORTE, JUAN G. ; Chizzotti, M. L. ; PINEIRO-VAZQUEZ, A. T. ; CANUL-SOLIS, J. R. ; AYALA-BURGOS, A. J. ; KU-VERA, J. ; TEDESCHI, L.O. . Energy requirements of hair sheep in the tropical regions of Latin America. Review. REV MEX CIENC PECU, v. 7, p. 105-125, 2016.<\/div>\n<\/div>\n<\/div>\n<div class=\"artigo-completo\">\n<div class=\"layout-cell layout-cell-1 text-align-right\">\n<div class=\"layout-cell-pad-5 text-align-right\"><b>7. <\/b><\/div>\n<\/div>\n<div class=\"layout-cell layout-cell-11\">\n<div class=\"layout-cell-pad-5\">OSS, DANIELA B. ; MARCONDES, MARCOS I. ; MACHADO, FERNANDA S. ; PEREIRA, LUIZ GUSTAVO R. ; TOMICH, THIERRY R. ; RIBEIRO, GABRIEL O. ; <b>Chizzotti, Mario Luiz<\/b> ; FERREIRA, ALEXANDRE L. ; CAMPOS, MARIANA M. ; MAURICIO, ROG\u00c9RIO M. ; CHAVES, ALEX V. ; MCALLISTER, TIMOTHY A. . An evaluation of the face mask system based on short-term measurements compared with the sulfur hexafluoride (SF6) tracer, and respiration chamber techniques for measuring CH4 emissions. Animal Feed Science and Technology (Print)<sup><img decoding=\"async\" id=\"03778401_7\" class=\"ajaxJCR jcrTip\" style=\"background-image: none; background-attachment: scroll; background-color: transparent; border: 0px none; font-size: 11px; margin: 0px; padding: 0px; outline: none 0px; vertical-align: baseline; text-align: left; background-position: 0px 0px; background-repeat: repeat repeat;\" src=\"http:\/\/buscatextual.cnpq.br\/buscatextual\/images\/curriculo\/jcr.gif\" data-issn=\"03778401\" \/><\/sup>, v. 215, p. 1, 2016.<\/div>\n<\/div>\n<\/div>\n<div class=\"artigo-completo\">\n<div class=\"layout-cell layout-cell-1 text-align-right\">\n<div class=\"layout-cell-pad-5 text-align-right\"><b>8. <\/b><\/div>\n<\/div>\n<div class=\"layout-cell layout-cell-11\">\n<div class=\"layout-cell-pad-5\">\n<p>DA SILVA, IVONETE FERREIRA ; RODRIGUES, R. T. S. ; QUEIROZ, M\u00c1RIO ADRIANO \u00c1VILA ; <b>CHIZZOTTI, M. L.<\/b> ; ZANETTI, MARCUS ANTONIO ; DA CUNHA, JOS\u00c9 APARECIDO ; BUSATO, KARINA COSTA . Net requirements of calcium, phosphorus, magnesium, and sulphur for growth of non-descript breed hair lambs of different sex classes in the Brazilian semiarid conditions. Tropical Animal Health and Production, v. 48, p. 817-822, 2016.<\/p>\n<div class=\"citado\"><\/div>\n<\/div>\n<\/div>\n<\/div>\n<div class=\"artigo-completo\">\n<div class=\"layout-cell layout-cell-1 text-align-right\">\n<div class=\"layout-cell-pad-5 text-align-right\"><b>9. <\/b><\/div>\n<\/div>\n<div class=\"layout-cell layout-cell-11\">\n<div class=\"layout-cell-pad-5\">\n<p>CARVALHO, J. R. R. ; <b>CHIZZOTTI, M. L.<\/b> ; SCHOONMAKER, J. P. ; TEIXEIRA, P. D. ; LOPES, R. C. ; OLIVEIRA, C. V. R. ; LADEIRA, M. M. . Performance, carcass characteristics, and ruminal pH of Nellore and Angus young bulls fed a whole shelled corn diet. Journal of Animal Science, v. 94, p. jas.2015-0162, 2016.<\/p>\n<div class=\"citado\"><\/div>\n<\/div>\n<\/div>\n<\/div>\n<div class=\"artigo-completo\">\n<div class=\"layout-cell layout-cell-1 text-align-right\">\n<div class=\"layout-cell-pad-5 text-align-right\"><b>10. <\/b><\/div>\n<\/div>\n<div class=\"layout-cell layout-cell-11\">\n<div class=\"layout-cell-pad-5\">BUSATO, K. C. ; GOMES, R. A. ; LADEIRA, M. M. ; DUARTE, M. S. ; FREITAS, N. C. ; RODRIGUES, A. C. ; CHALFUN-JUNIOR, A. ; PAIVA, L. V. ; <b>CHIZZOTTI, M. L.<\/b> . Expression of genes related to the regulation of muscle protein turnover in Angus and Nellore bulls. Journal of Animal Science, v. 94, p. 1472-1481, 2016.<\/div>\n<\/div>\n<\/div>\n<\/div><\/section><\/p><\/div>\n","protected":false},"excerpt":{"rendered":"","protected":false},"author":1,"featured_media":0,"parent":0,"menu_order":0,"comment_status":"closed","ping_status":"closed","template":"","meta":[],"_links":{"self":[{"href":"http:\/\/www.dzo.ufv.br\/index.php\/wp-json\/wp\/v2\/pages\/484"}],"collection":[{"href":"http:\/\/www.dzo.ufv.br\/index.php\/wp-json\/wp\/v2\/pages"}],"about":[{"href":"http:\/\/www.dzo.ufv.br\/index.php\/wp-json\/wp\/v2\/types\/page"}],"author":[{"embeddable":true,"href":"http:\/\/www.dzo.ufv.br\/index.php\/wp-json\/wp\/v2\/users\/1"}],"replies":[{"embeddable":true,"href":"http:\/\/www.dzo.ufv.br\/index.php\/wp-json\/wp\/v2\/comments?post=484"}],"version-history":[{"count":15,"href":"http:\/\/www.dzo.ufv.br\/index.php\/wp-json\/wp\/v2\/pages\/484\/revisions"}],"predecessor-version":[{"id":8485,"href":"http:\/\/www.dzo.ufv.br\/index.php\/wp-json\/wp\/v2\/pages\/484\/revisions\/8485"}],"wp:attachment":[{"href":"http:\/\/www.dzo.ufv.br\/index.php\/wp-json\/wp\/v2\/media?parent=484"}],"curies":[{"name":"wp","href":"https:\/\/api.w.org\/{rel}","templated":true}]}}