{"id":442,"date":"2017-04-12T14:58:45","date_gmt":"2017-04-12T17:58:45","guid":{"rendered":"http:\/\/www.dzo.ufv.br\/sitenovo\/?page_id=442"},"modified":"2022-07-26T09:35:43","modified_gmt":"2022-07-26T12:35:43","slug":"polyana-pizzi-rotta-costa-e-silva","status":"publish","type":"page","link":"http:\/\/www.dzo.ufv.br\/index.php\/polyana-pizzi-rotta-costa-e-silva\/","title":{"rendered":"Polyana Pizzi Rotta"},"content":{"rendered":"<div class=\"flex_column av_one_fifth  flex_column_div av-zero-column-padding first  \" style='border-radius:0px; '><div class='avia-image-container  av-styling-   avia-align-center '  itemscope=\"itemscope\" itemtype=\"https:\/\/schema.org\/ImageObject\"  ><div class='avia-image-container-inner'><img class='avia_image ' src='http:\/\/www.dzo.ufv.br\/wp-content\/uploads\/2017\/03\/Fernanda.png' alt='' title='Fernanda'   itemprop=\"thumbnailUrl\"  \/><\/div><\/div><\/div>\n<div class=\"flex_column av_three_fifth  flex_column_div av-zero-column-padding   \" style='border-radius:0px; '><p><div style='padding-bottom:10px;' class='av-special-heading av-special-heading-h3    '><h3 class='av-special-heading-tag'  itemprop=\"headline\"  >Polyana Pizzi Rotta<\/h3><div class='special-heading-border'><div class='special-heading-inner-border' ><\/div><\/div><\/div><br \/>\n<section class=\"av_textblock_section\"  itemscope=\"itemscope\" itemtype=\"https:\/\/schema.org\/CreativeWork\" ><div class='avia_textblock '  style='font-size:17px; '  itemprop=\"text\" ><p><strong>Prof\u00aa. Adjunta<\/strong><\/p>\n<p>Bolsista de Produtividade em Pesquisa do CNPq &#8211; N\u00edvel 2<br \/>\nCoordenadora Geral do Programa Fam\u00edlia do Leite<br \/>\n<strong>Fator H = 19<\/strong><\/p>\n<p><strong>Forma\u00e7\u00e3o Acad\u00eamica:<\/strong><br \/>\nDr. em\u00a0 Produ\u00e7\u00e3o e Nutri\u00e7\u00e3o de Ruminantes, UFV (2015)<br \/>\nMSc. em Produ\u00e7\u00e3o e Nutri\u00e7\u00e3o de Ruminantes, UFV (2012)<br \/>\nZootecnia, UEM (2009)<\/p>\n<p><strong>\u00c1reas de atua\u00e7\u00e3o:<\/strong><br \/>\nZootecnia \/ Nutri\u00e7\u00e3o e Alimenta\u00e7\u00e3o Animal<\/p>\n<p><strong>Publica\u00e7\u00f5es:<\/strong> \u00a0<a href=\"http:\/\/buscatextual.cnpq.br\/buscatextual\/visualizacv.do?id=K4260855J9\">Lattes<\/a>\u00a0\/ <a href=\"https:\/\/www.researchgate.net\/profile\/Polyana_Rotta\">ResearchGate<\/a><\/p>\n<p><strong>Disciplinas da Gradua\u00e7\u00e3o:<\/strong><br \/>\nZOO 426 \u2013 Bovinocultura de Leite<br \/>\nZOO 436 &#8211; Produ\u00e7\u00e3o em Bovinos de Leite<br \/>\nZOO 484 &#8211; Manejo e Administra\u00e7\u00e3o em Bovinos de Leite<\/p>\n<p><strong>Disciplinas da P\u00f3s-gradua\u00e7\u00e3o:<\/strong><br \/>\nDZO 627 \u2013 T\u00f3picos em Gado de Leite<\/p>\n<p><strong>Contatos:<\/strong><br \/>\npolyana.rotta@ufv.br<br \/>\n+55 (31)\u00a03612-4651 \/ 994491703<\/p>\n<p><strong>Publica\u00e7\u00f5es Recentes:<\/strong><\/p>\n<div class=\"artigo-completo\">\n<div class=\"layout-cell layout-cell-11\">\n<p>ROCHA, L. G. ; PINHEIRO, J. S. ; ANDRADE, D. ;<strong> ROTTA, P. P<\/strong>. ; REZENDE, J. ; PIRES, A. ; MARCONDES, M. I. .<strong> Unveiling unstable non-acid incidence in Holstein cows fed with corn silage or sugarcane<\/strong>. JOURNAL OF DAIRY SCIENCE, 2022.<\/p>\n<p>VILLANOVA, D. F. Q. ; MARCONDES, M. I. ; RENNO, L. N. ; CORREA, P. V. F. ; MORAIS, V. C. ; CUNHA, C. S. ; SILVA, T. D. A. ; SILVA, A. L. ; MILLER-CUSHON, E. ; <strong>ROTTA, P. P<\/strong>. .<strong> Intake, performance, and feeding behavior of Holstein and Holstein x Gyr heifers grazing intensively managed tropical grasses during the rainy season<\/strong>. Animal, 2022.<\/p>\n<\/div>\n<div class=\"layout-cell layout-cell-11\">\n<p>ABREU, MARCELO B. ; CUNHA, CAMILA S. ; COSTA, JO\u00c3O H. C. ; MILLER-CUSHON, EMILY K. ; <strong>ROTTA, POLYANA P<\/strong>. ; MACHADO, ANDREIA F. ; MORAIS, VALBER C. L. ; CHIZZOTTI, FERNANDA H. M. ; MARCONDES, MARCOS I. . <strong>Performance and feeding behavior of Holstein and Holstein-\u00d7-Gyr crossbred heifers grazing temperate forages.<\/strong> TROPICAL ANIMAL HEALTH AND PRODUCTION, v. 54, p. 10, 2022.<\/p>\n<p>SILVA, J. S. ; LOPES, D. R. G. ; MOREIRA, S. M. ; VELOSO, T. G. R. ; BENTO, C. B. P. ; <strong>ROTTA, P. P<\/strong>. ; <strong>MANTOVANI, H. C. . Influence of Parity on the Colostrum Bacterial Community Composition in Holstein Cows<\/strong>. INDIAN JOURNAL OF MICROBIOLOGY, v. x, p. x, 2022.<\/p>\n<p>SILVA, R. R. ; Silva, Fabiano Ferreira ; PRADO, Ivanor Nunes Do ;<strong> ROTTA, P. P<\/strong>. ; RODRIGUES, L. B. O. ; PRADO, R. M. ; CARVALHO, B. M. A. ; ALBA, H. D. R. ; CARVALHO, G. G. P. . <strong>Fatty acid profile and chemical composition of meat from Nellore steers finished on pasture with different amounts of supplementation<\/strong>. CANADIAN JOURNAL OF ANIMAL SCIENCE, v. 101, p. xx, 2021.<\/p>\n<p>SGUIZZATO, A. L. L. ; MARCONDES, M. I. ; VALADARES FILHO, S. C. ; CATON, J. ; NEVILLE, T. ; MACHADO, F. S. ; PACHECO, M. V. ; <strong>ROTTA, P.P<\/strong>. . <strong>Body composition changes of crossbred Holstein \u00d7 Gyr cows and conceptus during pregnancy<\/strong>. JOURNAL OF DAIRY SCIENCE, v. 103, p. 2773-2783, 2020.<\/p>\n<p>CASTRO, M. M. D. ; ALBINO, R. L. ; RODRIGUES, J. P. P. ; SGUIZZATO, A. L. L. ; SANTOS, M. M. F. ; <strong>ROTTA, P. P.<\/strong> ; CATON, J. S. ; MORAES, L. E. F. D. ; SILVA, F. F. ; MARCONDES, M. I. . <strong>Energy and protein requirements of Holstein \u00d7 Gyr crossbred heifers<\/strong>. Animal, v. xx, p. 1-10, 2020.<\/p>\n<\/div>\n<\/div>\n<\/div><\/section><\/p><\/div>\n","protected":false},"excerpt":{"rendered":"","protected":false},"author":1,"featured_media":0,"parent":0,"menu_order":0,"comment_status":"closed","ping_status":"closed","template":"","meta":[],"_links":{"self":[{"href":"http:\/\/www.dzo.ufv.br\/index.php\/wp-json\/wp\/v2\/pages\/442"}],"collection":[{"href":"http:\/\/www.dzo.ufv.br\/index.php\/wp-json\/wp\/v2\/pages"}],"about":[{"href":"http:\/\/www.dzo.ufv.br\/index.php\/wp-json\/wp\/v2\/types\/page"}],"author":[{"embeddable":true,"href":"http:\/\/www.dzo.ufv.br\/index.php\/wp-json\/wp\/v2\/users\/1"}],"replies":[{"embeddable":true,"href":"http:\/\/www.dzo.ufv.br\/index.php\/wp-json\/wp\/v2\/comments?post=442"}],"version-history":[{"count":14,"href":"http:\/\/www.dzo.ufv.br\/index.php\/wp-json\/wp\/v2\/pages\/442\/revisions"}],"predecessor-version":[{"id":7949,"href":"http:\/\/www.dzo.ufv.br\/index.php\/wp-json\/wp\/v2\/pages\/442\/revisions\/7949"}],"wp:attachment":[{"href":"http:\/\/www.dzo.ufv.br\/index.php\/wp-json\/wp\/v2\/media?parent=442"}],"curies":[{"name":"wp","href":"https:\/\/api.w.org\/{rel}","templated":true}]}}