{"id":381,"date":"2017-04-12T11:15:38","date_gmt":"2017-04-12T14:15:38","guid":{"rendered":"http:\/\/www.dzo.ufv.br\/sitenovo\/?page_id=381"},"modified":"2021-03-16T12:11:46","modified_gmt":"2021-03-16T15:11:46","slug":"marcio-de-souza-duarte","status":"publish","type":"page","link":"http:\/\/www.dzo.ufv.br\/index.php\/marcio-de-souza-duarte\/","title":{"rendered":"Marcio de Souza Duarte"},"content":{"rendered":"<div class=\"flex_column av_one_fifth  flex_column_div av-zero-column-padding first  \" style='border-radius:0px; '><div class='avia-image-container  av-styling-   avia-align-center '  itemscope=\"itemscope\" itemtype=\"https:\/\/schema.org\/ImageObject\"  ><div class='avia-image-container-inner'><img class='avia_image ' src='http:\/\/www.dzo.ufv.br\/wp-content\/uploads\/2017\/04\/Marcio.jpg' alt='' title='Marcio'   itemprop=\"thumbnailUrl\"  \/><\/div><\/div><\/div>\n<div class=\"flex_column av_three_fourth  flex_column_div av-zero-column-padding   \" style='border-radius:0px; '><p><div style='padding-bottom:10px;' class='av-special-heading av-special-heading-h3    '><h3 class='av-special-heading-tag'  itemprop=\"headline\"  >Marcio de Souza Duarte<\/h3><div class='special-heading-border'><div class='special-heading-inner-border' ><\/div><\/div><\/div><br \/>\n<section class=\"av_textblock_section\"  itemscope=\"itemscope\" itemtype=\"https:\/\/schema.org\/CreativeWork\" ><div class='avia_textblock '  style='font-size:17px; '  itemprop=\"text\" ><p>Prof. Adjunto<\/p>\n<p>Bolsista Produtividade do CNPq &#8211; N\u00edvel 2<\/p>\n<p><strong>Forma\u00e7\u00e3o Acad\u00eamica:<\/strong><br \/>\nDSc. em\u00a0 Nutri\u00e7\u00e3o de Ruminantes, UFV (2013)<br \/>\nMSc. em Nutri\u00e7\u00e3o de Ruminantes, UFV (2010)<br \/>\nGradua\u00e7\u00e3o em Zootecnia, UFV (2008)<\/p>\n<p><strong>\u00c1reas de atua\u00e7\u00e3o:<\/strong><br \/>\nProdu\u00e7\u00e3o e Nutri\u00e7\u00e3o de Ruminantes<br \/>\nBiologia Muscular<br \/>\nNutrigen\u00f4mica<br \/>\nNutri\u00e7\u00e3o Gestacional e Programa\u00e7\u00e3o Fetal<\/p>\n<p><strong>Publica\u00e7\u00f5es:<\/strong> \u00a0<a href=\"http:\/\/buscatextual.cnpq.br\/buscatextual\/visualizacv.do?id=K4126026Y7\">Lattes<\/a> \u00a0\/ <a href=\"https:\/\/publons.com\/researcher\/1706221\/marcio-duarte\/\">Plubons<\/a>\u00a0\/ <a href=\"https:\/\/orcid.org\/0000-0002-5795-6420\">Orcid<\/a><\/p>\n<p><strong>Laborat\u00f3rio:<\/strong><br \/>\n&gt;&gt;\u00a0Laborat\u00f3rio Multiusu\u00e1rio de Biologia Muscular e Nutrigen\u00f4mica<\/p>\n<p><strong>Disciplinas da gradua\u00e7\u00e3o:<\/strong><br \/>\nZOO 440 &#8211; Nutri\u00e7\u00e3o Animal I<br \/>\nZOO 449 &#8211; Nutri\u00e7\u00e3o Animal<\/p>\n<p><strong>Disciplinas da P\u00f3s-gradua\u00e7\u00e3o:<\/strong><br \/>\nZOO 795 &#8211; Nutrigen\u00f4mica Aplicada \u00e0 Produ\u00e7\u00e3o Animal<\/p>\n<p><strong>Contatos:<br \/>\n<\/strong>Tel: +55 31 3612-4636<br \/>\nEmail: <span class=\"il\">marcio<\/span>.<span class=\"il\">duarte<\/span>@ufv.br<\/p>\n<p><strong>Orienta\u00e7\u00f5es Conclu\u00eddas<\/strong><\/p>\n<p>Felipe Henrique de Moura &#8211; Mestrado<br \/>\nPosi\u00e7\u00e3o Atual: Doutorando em Animal Science &#8211; University of Nevada\/Reno &#8211; Reno, Nevada &#8211; EUA<\/p>\n<p>Tha\u00eds Correia Costa &#8211; Mestrado<br \/>\nPosi\u00e7\u00e3o Atual: Doutoranda em Zootecnia &#8211; Universidade Federal de Vi\u00e7osa &#8211; Vi\u00e7osa, MG &#8211; Brasil<\/p>\n<p>Marta Maria dos Santos Fontes &#8211; Mestrado<br \/>\nPosi\u00e7\u00e3o Atual: Doutoranda em Zootecnia &#8211; Universidade Federal de Vi\u00e7osa &#8211; Vi\u00e7osa, MG &#8211; Brasil<\/p>\n<p>Mariana Mescouto Lopes &#8211; Mestrado<br \/>\nPosi\u00e7\u00e3o Atual: Doutoranda em Biologia Molecular &#8211; UNICAMP &#8211; Campinas, SP &#8211; Brasil<\/p>\n<p>Let\u00edcia Maria Pereira Sanglard &#8211; Inicia\u00e7\u00e3o Cient\u00edfica (2 anos)<br \/>\nPosi\u00e7\u00e3o Atual: Doutoranda em Animal Science &#8211; Iowa State University &#8211; Ames, Iowa &#8211; EUA<\/p>\n<p>Mariana Mescouto Lopes &#8211; Inicia\u00e7\u00e3o Cient\u00edfica (3 anos)<br \/>\nPosi\u00e7\u00e3o Atual: Doutoranda em Biologia Molecular &#8211; UNICAMP &#8211; Campinas, SP &#8211; Brasil<\/p>\n<p>Ranyeri Oliveira Oliveira de Souza &#8211; Inicia\u00e7\u00e3o Cient\u00edfica (2 anos)<br \/>\nPosi\u00e7\u00e3o Atual: Confinamentos Grupo Mantiqueira<\/p>\n<p>Lorena Carneiro &#8211; Inicia\u00e7\u00e3o Cient\u00edfica (1 ano)<br \/>\nPosi\u00e7\u00e3o Atual: Graduanda em Zootecnia &#8211; Universidade Federal de Vi\u00e7osa &#8211; Vi\u00e7osa, MG &#8211; Brasil<\/p>\n<p><strong>Orienta\u00e7\u00f5es em Andamento<\/strong><\/p>\n<p>Tha\u00eds Correia Costa &#8211; Doutorado<\/p>\n<p>Marta Maria dos Santos Fontes &#8211; Doutorado<\/p>\n<p>Pedro Emanuel da Costa Louren\u00e7o &#8211; Mestrado<\/p>\n<p>Renato Duarte de Ara\u00fajo &#8211; Inicia\u00e7\u00e3o Cient\u00edfica<\/p>\n<p><strong>Publica\u00e7\u00f5es Recentes:<\/strong><\/p>\n<div class=\"artigo-completo\">\n<div class=\"layout-cell layout-cell-1 text-align-right\">\n<div>\n<p>1. Fontes, M. M. S. ; Costa, T. C. ; Lopes, M. M.; Souza, R. O. ; Carneiro, L. S. ; Paulino P. V. R. ; Chizzotti, M.L. ; Silva, F.F. ; Ser\u00e3o, N.V.L.; <strong>Duarte, M. S.<\/strong> Intramuscular collagen characteristics and expression of related genes in skeletal muscle of cull cows receiving a high-energy diet. Meat Science, 2021. DOI: 10.1016\/j.meatsci.2021.108495<\/p>\n<p>2. Campos, C.F.; Costa, T.C.; Rodrigues, R.T.S. ; Guimar\u00e3es, S.E.F.; Moura, F.H.; Silva, W.; Chizzotti, M. L.; Paulino, P.V.R. ; Benedeti, P.D.B. ; Silva, F.F. ; <strong>Duarte, M.S.<\/strong> Proteomic analysis reveals changes in energy metabolism of skeletal muscle in beef cattle supplemented with vitamin A. Journal of the Science of Food and Agriculture, v. 100, p. 3536-3543, 2020. DOI: 10.1002\/jsfa.10401<\/p>\n<p>3. Lopes, R.C.; Sampaio, C.B.; Trece, A. S.; Teixeira, P. D.; Gionbelli, T.R.S. ; Santos, L. R. ; COSTA, T. C.; <strong>Duarte, M. S.<\/strong>; Gionbelli M.P. Impacts of protein supplementation during late gestation of beef cows on maternal skeletal muscle and liver tissues metabolism. Animal, p. 1-9, 2020. DOI: 10.1017\/S1751731120000336<\/p>\n<p>4. Moura, F. H.; Costa, THA\u00cdS C.; Trece, A.S. ; Melo, L.P.; Paulino, M.F. ; Renn\u00f3, L. N.; Fonseca, M.A.; Detmann, E.; Gionbelli M.P. ; <strong>Duarte, M.S.<\/strong> Effects of energy-protein supplementation frequency on performance of primiparous grazing beef cows during pre and postpartum. Animal Biosciences, p. 1-9, 2020. DOI: 10.5713\/ajas.19.0784<\/p>\n<p>5. Costa, T.C ; Moura, F.H.; SOUZA, R.O.; Lopes, M.M; Fontes, M.M.S.; Ser\u00e3o, N.V.L.; Sanglard, L.M.P.; Du, M.; Gionbelli, M.P.; <strong>Duarte, M.S.<\/strong> Effect of maternal feed restriction in dairy goats at different stages of gestation on skeletal muscle development and energy metabolism of kids at the time of births. Animal Reproduction Science, v. 206, p. 46-59, 2019. DOI: 10.1016\/j.anireprosci.2019.05.006<\/p>\n<p>6. Barbosa, E. C.; Gionbelli, M. P. ; Rodrigues, R. T. S. ; Bonilha, S.F.M. ; Newbold, C. J. ; Guimar\u00e3es, S. E. F. ; Silva, W.; Verardo, L. L.; Silva, F.F. ; Detmann, E.; <strong>Duarte, M.S.<\/strong> Differentially expressed mRNAs, proteins and miRNAs associated to energy metabolism in skeletal muscle of beef cattle identified for low and high residual feed intake. BMC Genomics, v. 20, p. 1-12, 2019. DOI: 10.1186\/s12864-019-5890-z<\/p>\n<p>7. Sanglard, LMP ; Nascimento, M. ; Moriel, P. ; Sommer, J. ; Ashwel, M. ; <strong>Duarte, M. S.<\/strong> ; Ser\u00e3o, N.V.L. Impact of energy restriction during late gestation on the muscle and blood transcriptome of beef calves after preconditioning. BMC Genomics, v. 19, p. 1-18, 2018. DOI: 10.1186\/s12864-018-5089-8<\/p>\n<p>8. Benedeti, PDB. ; Detmann, E. ; Mantovani H.C. ; Bonilha, S.F.M. ; Ser\u00e3o, N.V.L. ; Lopes, D.R.G. ; Silva, W. ; Newbold, C.J. ; <strong>Duarte, M.S.<\/strong> Nellore bulls ( Bos taurus indicus ) with high residual feed intake have increased the expression of genes involved in oxidative phosphorylation in rumen epithelium. Animal Feed Science and Technology, v. 235, p. 77-86, 2018. DOI: 10.1016\/j.anifeedsci.2017.11.002<\/p>\n<p>9. Benedeti, PDB.; Silva, B.C.; Pacheco, M.V.C.; Ser\u00e3o N.V.L.; Carvalho Filho, I.; Lopes, M.M.; Marcondes, M.I.M.; Mantovani, H.C.; Valadares Filho, S.C.; Detmann, E.; <strong>Duarte, M.S.<\/strong> Effects of grain processing methods on the expression of genes involved in volatile fatty acid transport and pH regulation, and keratinization in rumen epithelium of beef cattle. PLoS One, v. 13, p. e0198963, 2018. DOI: 10.1371\/journal.pone.0198963<\/p>\n<\/div>\n<div><\/div>\n<\/div>\n<\/div>\n<div class=\"artigo-completo\"><\/div>\n<\/div><\/section><\/p><\/div>\n","protected":false},"excerpt":{"rendered":"","protected":false},"author":1,"featured_media":0,"parent":0,"menu_order":0,"comment_status":"closed","ping_status":"closed","template":"","meta":[],"_links":{"self":[{"href":"http:\/\/www.dzo.ufv.br\/index.php\/wp-json\/wp\/v2\/pages\/381"}],"collection":[{"href":"http:\/\/www.dzo.ufv.br\/index.php\/wp-json\/wp\/v2\/pages"}],"about":[{"href":"http:\/\/www.dzo.ufv.br\/index.php\/wp-json\/wp\/v2\/types\/page"}],"author":[{"embeddable":true,"href":"http:\/\/www.dzo.ufv.br\/index.php\/wp-json\/wp\/v2\/users\/1"}],"replies":[{"embeddable":true,"href":"http:\/\/www.dzo.ufv.br\/index.php\/wp-json\/wp\/v2\/comments?post=381"}],"version-history":[{"count":25,"href":"http:\/\/www.dzo.ufv.br\/index.php\/wp-json\/wp\/v2\/pages\/381\/revisions"}],"predecessor-version":[{"id":8484,"href":"http:\/\/www.dzo.ufv.br\/index.php\/wp-json\/wp\/v2\/pages\/381\/revisions\/8484"}],"wp:attachment":[{"href":"http:\/\/www.dzo.ufv.br\/index.php\/wp-json\/wp\/v2\/media?parent=381"}],"curies":[{"name":"wp","href":"https:\/\/api.w.org\/{rel}","templated":true}]}}