{"id":3541,"date":"2017-10-09T19:56:29","date_gmt":"2017-10-09T22:56:29","guid":{"rendered":"http:\/\/www.dzo.ufv.br\/?page_id=3541"},"modified":"2019-07-02T14:54:47","modified_gmt":"2019-07-02T17:54:47","slug":"odilon-gomes-pereira-2","status":"publish","type":"page","link":"http:\/\/www.dzo.ufv.br\/index.php\/en\/odilon-gomes-pereira-2\/","title":{"rendered":"Odilon Gomes Pereira"},"content":{"rendered":"<div class=\"flex_column av_one_fifth  flex_column_div av-zero-column-padding first  \" style='border-radius:0px; '><div class='avia-image-container  av-styling-   avia-align-center '  itemscope=\"itemscope\" itemtype=\"https:\/\/schema.org\/ImageObject\"  ><div class='avia-image-container-inner'><img class='avia_image ' src='http:\/\/www.dzo.ufv.br\/wp-content\/uploads\/2017\/03\/Odilon.jpg' alt='' title='Odilon'   itemprop=\"thumbnailUrl\"  \/><\/div><\/div><\/div>\n<div class=\"flex_column av_three_fourth  flex_column_div av-zero-column-padding   \" style='border-radius:0px; '><p><div style='padding-bottom:10px;' class='av-special-heading av-special-heading-h3    '><h3 class='av-special-heading-tag'  itemprop=\"headline\"  >Odilon Gomes Pereira<\/h3><div class='special-heading-border'><div class='special-heading-inner-border' ><\/div><\/div><\/div><br \/>\n<section class=\"av_textblock_section\"  itemscope=\"itemscope\" itemtype=\"https:\/\/schema.org\/CreativeWork\" ><div class='avia_textblock '  style='font-size:17px; '  itemprop=\"text\" ><p>Holder Teacher<\/p>\n<p>IB Scholarship.<\/p>\n<p><strong> Academic Training:<\/strong><\/p>\n<p>Postdoctoral PhD, University of Delaware (2008)<br \/>\nPhD in Animal Science, UFV (1994), in the area of \u200b\u200bForage and Pasture<br \/>\nMaster in Animal Science, UFV (1990), in the area of \u200b\u200bForage and Pasture<br \/>\nAgricultural Engineering, 1983<\/p>\n<p><strong> Areas of expertise:<\/strong><br \/>\nAnimal Husbandry \/ Evaluation, Production and Conservation of Forages<\/p>\n<p><strong>Publications:<\/strong><br \/>\n<a href=\"http:\/\/lattes.cnpq.br\/9443577740453273\">Lattes<\/a>\u00a0\/\u00a0<a href=\"https:\/\/www.researchgate.net\/profile\/Odilon_Pereira\">Researtchgate<\/a>\u00a0\/ <a href=\"http:\/\/orcid.org\/0000-0002-1714-2959\">ORCID ID<\/a><\/p>\n<p><img decoding=\"async\" loading=\"lazy\" class=\"alignnone size-thumbnail wp-image-3092\" src=\"http:\/\/www.dzo.ufv.br\/wp-content\/uploads\/2017\/05\/my_orcid_qrcode-1-80x80.png\" alt=\"\" width=\"80\" height=\"80\" srcset=\"http:\/\/www.dzo.ufv.br\/wp-content\/uploads\/2017\/05\/my_orcid_qrcode-1-80x80.png 80w, http:\/\/www.dzo.ufv.br\/wp-content\/uploads\/2017\/05\/my_orcid_qrcode-1-300x300.png 300w, http:\/\/www.dzo.ufv.br\/wp-content\/uploads\/2017\/05\/my_orcid_qrcode-1-36x36.png 36w, http:\/\/www.dzo.ufv.br\/wp-content\/uploads\/2017\/05\/my_orcid_qrcode-1-180x180.png 180w, http:\/\/www.dzo.ufv.br\/wp-content\/uploads\/2017\/05\/my_orcid_qrcode-1-120x120.png 120w, http:\/\/www.dzo.ufv.br\/wp-content\/uploads\/2017\/05\/my_orcid_qrcode-1-450x450.png 450w, http:\/\/www.dzo.ufv.br\/wp-content\/uploads\/2017\/05\/my_orcid_qrcode-1.png 500w\" sizes=\"(max-width: 80px) 100vw, 80px\" \/><\/p>\n<p><strong>Laboratory:<\/strong><br \/>\n<a href=\"http:\/\/www.dzo.ufv.br\/index.php\/en\/laboratory-of-forragicultura-and-microbiology-of-silage\/\">&gt;&gt;Laboratory of Forragicultura and Microbiology of Silage<\/a><\/p>\n<p><strong>Under-graduate courses:<\/strong><br \/>\nZOO 450 &#8211; Foundations of Forragicultura<br \/>\nZOO 451 &#8211; Forage farming<\/p>\n<p><strong>Graduate courses:<\/strong><br \/>\nZOO 850 &#8211; Forage farming<br \/>\nZOO 754- Advanced Topics in Forage Conservation<\/p>\n<p><strong>Contacts:<\/strong><br \/>\n<span class=\"il\">odilon<\/span>@ufv.br<br \/>\n+55 (31)\u00a03612-4649<\/p>\n<p><strong>Recent Publications:<\/strong><\/p>\n<div class=\"artigo-completo\">\n<div class=\"layout-cell layout-cell-1 text-align-right\">\n<div class=\"layout-cell-pad-5 text-align-right\"><b>1. <\/b><\/div>\n<\/div>\n<div class=\"layout-cell layout-cell-11\">\n<div class=\"layout-cell-pad-5\">\n<p>DA SILVA, T. C. ; <b>PEREIRA, O. G.<\/b> ; MARTINS, R. M. ; AGARUSSI, M. C. N. ; DA SILVA, L. D. ; RUFINO, L. D. A. ; FILHO, S. C. VALADARES ; RIBEIRO, K. G. . Stylosanthes cv. Campo Grande silage and concentrate levels in diets for beef cattle. Animal Production Science, v. 57, p. x-xx, 2017.<\/p>\n<div class=\"citado\"><\/div>\n<\/div>\n<\/div>\n<\/div>\n<div class=\"artigo-completo\">\n<div class=\"layout-cell layout-cell-1 text-align-right\">\n<div class=\"layout-cell-pad-5 text-align-right\"><b>2. <\/b><\/div>\n<\/div>\n<div class=\"layout-cell layout-cell-11\">\n<div class=\"layout-cell-pad-5\">MA, Z.X. ; AMARO, F.X. ; ROMERO, J.J. ; <b>PEREIRA, O.G.<\/b> ; JEONG, K.C. ; ADESOGAN, A.T. . The capacity of silage inoculant bacteria to bind aflatoxin B 1 in vitro and in artificially contaminated corn silage. JOURNAL OF DAIRY SCIENCE, v. 100, p. 1-13, 2017.<\/div>\n<\/div>\n<\/div>\n<div class=\"artigo-completo\">\n<div class=\"layout-cell layout-cell-1 text-align-right\">\n<div class=\"layout-cell-pad-5 text-align-right\"><b>3. <\/b><\/div>\n<\/div>\n<div class=\"layout-cell layout-cell-11\">\n<div class=\"layout-cell-pad-5\">Silva, V.P. ; <b>PEREIRA, O.G.<\/b> ; Leandro, E.S. ; DA SILVA, T.C. ; RIBEIRO, K.G. ; MANTOVANI, H.C. ; SANTOS, S.A. . Effects of lactic acid bacteria with bacteriocinogenic potential on the fermentation profile and chemical composition of alfalfa silage in tropical conditions. Journal of Dairy Science, v. 99, p. 1895-1902, 2016.<\/div>\n<\/div>\n<\/div>\n<div class=\"artigo-completo\">\n<div class=\"layout-cell layout-cell-1 text-align-right\">\n<div class=\"layout-cell-pad-5 text-align-right\"><b>4. <\/b><\/div>\n<\/div>\n<div class=\"layout-cell layout-cell-11\">\n<div class=\"layout-cell-pad-5\">\n<p>SILVA, L.D.DA ; <b>PEREIRA, O.G.<\/b> ; SILVA, T.C.DA ; FILHO, S.C.VALADARES ; RIBEIRO, K.G. . Effects of silage crop and dietary crude protein levels on digestibility, ruminal fermentation, nitrogen efficiency, and performance of finishing beef cattle. Animal Feed Science and Technology, v. 220, p. 22-33, 2016.<\/p>\n<div class=\"citado\"><\/div>\n<\/div>\n<\/div>\n<\/div>\n<div class=\"artigo-completo\">\n<div class=\"layout-cell layout-cell-1 text-align-right\">\n<div class=\"layout-cell-pad-5 text-align-right\"><b>5. <\/b><\/div>\n<\/div>\n<div class=\"layout-cell layout-cell-11\">\n<div class=\"layout-cell-pad-5\">\n<p>SOUZA, I. A. ; RIBEIRO, KARINA GUIMAR\u00c3ES ; ROCHA, WELLINGTON WILLIAN ; ARA\u00daJO, SAULO ALBERTO DO CARMO ; <b>PEREIRA, O. G.<\/b> ; CECON, PAULO ROBERTO . Forage mass, chemical composition and leaf chlorophyll index of signal grass and organic matter in soil under increasing levels of nitrogen. Semina. Ci\u00eancias Agr\u00e1rias (Online), v. 37, p. 1505, 2016.<\/p>\n<div class=\"citado\"><\/div>\n<\/div>\n<\/div>\n<\/div>\n<div class=\"artigo-completo\">\n<div class=\"layout-cell layout-cell-1 text-align-right\">\n<div class=\"layout-cell-pad-5 text-align-right\"><b>6. <\/b><\/div>\n<\/div>\n<div class=\"layout-cell layout-cell-11\">\n<div class=\"layout-cell-pad-5\">SILVA, JANAINA DE LIMA ; RIBEIRO, Karina Guimar\u00e3es ; HERCULANO, BRUNA NOGUEIRA ; <b>PEREIRA, ODILON GOMES<\/b> ; PEREIRA, ROSANA CRISTINA ; SOARES, LUCIANA FELIZARDO PEREIRA . MASSA DE FORRAGEM E CARACTER\u00cdSTICAS ESTRUTURAIS E BROMATOL\u00d3GICAS DE CULTIVARES DE Brachiaria E Panicum. Ci\u00eancia Animal Brasileira, v. 17, p. 342-348, 2016.<\/div>\n<\/div>\n<\/div>\n<div class=\"artigo-completo\">\n<div class=\"layout-cell layout-cell-1 text-align-right\">\n<div class=\"layout-cell-pad-5 text-align-right\"><b>7. <\/b><\/div>\n<\/div>\n<div class=\"layout-cell layout-cell-11\">\n<div class=\"layout-cell-pad-5\">RIGUEIRA, J.P.S. ; <b>PEREIRA, O.G.<\/b> ; VALADARES FILHO, S. C. ; RIBEIRO, Karina Guimar\u00e3es ; GARCIA, Rasmo ; CEZ\u00c1RIO, Andr\u00e9ia Santos . <b>Soybean silage in the diet for beef cattle<\/b>. Acta Scientiarum. Animal Sciences, v. 37, p. 61, 2015.<\/div>\n<\/div>\n<\/div>\n<div class=\"artigo-completo\">\n<div class=\"layout-cell layout-cell-1 text-align-right\">\n<div class=\"layout-cell-pad-5 text-align-right\"><b>8. <\/b><\/div>\n<\/div>\n<div class=\"layout-cell layout-cell-11\">\n<div class=\"layout-cell-pad-5\">Chizzotti, F.H.M. ; <b>PEREIRA, O.G.<\/b> ; FILHO, S.C.VALADARES ; CHIZZOTTI, M.L. ; Rodrigues, R.T.S. ; Tedeschi, L.O. ; Silva, T.C. . Does sugar cane ensiled with calcium oxide affect intake, digestibility, performance, and microbial efficiency in beef cattle?. Animal Feed Science and Technology (Print), v. 203, p. 23-32, 2015.<\/div>\n<\/div>\n<\/div>\n<div class=\"artigo-completo\">\n<div class=\"layout-cell layout-cell-1 text-align-right\">\n<div class=\"layout-cell-pad-5 text-align-right\"><b>9. <\/b><\/div>\n<\/div>\n<div class=\"layout-cell layout-cell-11\">\n<div class=\"layout-cell-pad-5\">DA SILVA, T.C. ; <b>PEREIRA, O.G.<\/b> ; Agarussi, M.C.N. ; DA SILVA, V.P. ; DA SILVA, L.D. ; Cardoso, L.L. ; RIBEIRO, K.G. ; Valadares Filho, S.C. . Stylosanthes cv. Campo Grande silage with or without concentrate in sheep diets: Nutritional value and ruminal fermentation. Small Ruminant Research, v. 126, p. 34-39, 2015.<\/div>\n<\/div>\n<\/div>\n<div class=\"artigo-completo\">\n<div class=\"layout-cell layout-cell-1 text-align-right\">\n<div class=\"layout-cell-pad-5 text-align-right\"><b>10. <\/b><\/div>\n<\/div>\n<div class=\"layout-cell layout-cell-11\">\n<div class=\"layout-cell-pad-5\">SANTOS, R. S. ; RIBEIRO, K. G. ; VALADARES FILHO, S. C. ; <b>PEREIRA, O. G.<\/b> ; VILLELA, S. D. J. ; RENNO, L. N. ; SILVA, J. de L. . Effects of diets with High and low protein contents and two concentrate levels in Santa Ines x Texel lambs. Livestock Science (Print), p. 79-87, 2015.<\/div>\n<\/div>\n<\/div>\n<\/div><\/section><\/p><\/div>\n","protected":false},"excerpt":{"rendered":"","protected":false},"author":2,"featured_media":0,"parent":0,"menu_order":0,"comment_status":"closed","ping_status":"closed","template":"","meta":[],"_links":{"self":[{"href":"http:\/\/www.dzo.ufv.br\/index.php\/wp-json\/wp\/v2\/pages\/3541"}],"collection":[{"href":"http:\/\/www.dzo.ufv.br\/index.php\/wp-json\/wp\/v2\/pages"}],"about":[{"href":"http:\/\/www.dzo.ufv.br\/index.php\/wp-json\/wp\/v2\/types\/page"}],"author":[{"embeddable":true,"href":"http:\/\/www.dzo.ufv.br\/index.php\/wp-json\/wp\/v2\/users\/2"}],"replies":[{"embeddable":true,"href":"http:\/\/www.dzo.ufv.br\/index.php\/wp-json\/wp\/v2\/comments?post=3541"}],"version-history":[{"count":7,"href":"http:\/\/www.dzo.ufv.br\/index.php\/wp-json\/wp\/v2\/pages\/3541\/revisions"}],"predecessor-version":[{"id":5940,"href":"http:\/\/www.dzo.ufv.br\/index.php\/wp-json\/wp\/v2\/pages\/3541\/revisions\/5940"}],"wp:attachment":[{"href":"http:\/\/www.dzo.ufv.br\/index.php\/wp-json\/wp\/v2\/media?parent=3541"}],"curies":[{"name":"wp","href":"https:\/\/api.w.org\/{rel}","templated":true}]}}