{"id":3540,"date":"2017-10-09T19:58:20","date_gmt":"2017-10-09T22:58:20","guid":{"rendered":"http:\/\/www.dzo.ufv.br\/?page_id=3540"},"modified":"2019-07-02T14:55:58","modified_gmt":"2019-07-02T17:55:58","slug":"paulo-savio-lopes-2","status":"publish","type":"page","link":"http:\/\/www.dzo.ufv.br\/index.php\/en\/paulo-savio-lopes-2\/","title":{"rendered":"Paulo S\u00e1vio Lopes"},"content":{"rendered":"<div class=\"flex_column av_one_fifth  flex_column_div av-zero-column-padding first  \" style='border-radius:0px; '><div class='avia-image-container  av-styling-   avia-align-center '  itemscope=\"itemscope\" itemtype=\"https:\/\/schema.org\/ImageObject\"  ><div class='avia-image-container-inner'><img class='avia_image ' src='http:\/\/www.dzo.ufv.br\/wp-content\/uploads\/2017\/03\/Paulo_savio.jpg' alt='' title='Paulo_savio'   itemprop=\"thumbnailUrl\"  \/><\/div><\/div><\/div>\n<div class=\"flex_column av_three_fourth  flex_column_div av-zero-column-padding   \" style='border-radius:0px; '><p><div style='padding-bottom:10px;' class='av-special-heading av-special-heading-h3    '><h3 class='av-special-heading-tag'  itemprop=\"headline\"  >Paulo S\u00e1vio Lopes<\/h3><div class='special-heading-border'><div class='special-heading-inner-border' ><\/div><\/div><\/div><br \/>\n<section class=\"av_textblock_section\"  itemscope=\"itemscope\" itemtype=\"https:\/\/schema.org\/CreativeWork\" ><div class='avia_textblock '  style='font-size:17px; '  itemprop=\"text\" ><p>Teacher Holder<\/p>\n<p><strong> Academic Background: <\/strong> <strong><br \/>\n<\/strong> PhD in Animal Husbandry, UFV (Animal Breeding)<br \/>\nMaster in Animal Husbandry, UFV (Animal Breeding)<br \/>\nGraduation in Animal Science, UFV<\/p>\n<p><strong> Area of \u200b\u200bPractice:<br \/>\n<\/strong> Animal Breeding<\/p>\n<p><strong>Publications:\u00a0<\/strong><a href=\"http:\/\/lattes.cnpq.br\/1804923065266455\">Lattes<\/a>\u00a0\/\u00a0<a href=\"https:\/\/www.researchgate.net\/profile\/Paulo_Lopes22\">ResearchGate<\/a><\/p>\n<p><strong> Under-graduate courses: <\/strong><br \/>\nZOO 460 &#8211; Animal Breeding Theory<br \/>\nZOO 461 &#8211; Applied Animal Breeding<\/p>\n<p><strong>Graduate courses: <\/strong><br \/>\nZOO 661 &#8211; Animal Breeding II<br \/>\nZOO 760 &#8211; Mixed Models Applied to Genetic Improvement<\/p>\n<p><strong> Contact: <\/strong><br \/>\nTel:\u00a0+55 31\u00a03612-4640<br \/>\nEmail:\u00a0plopes@ufv.br<\/p>\n<p><strong>Recent Publications<\/strong><\/p>\n<div class=\"artigo-completo\">\n<div class=\"layout-cell layout-cell-1 text-align-right\">\n<div class=\"layout-cell-pad-5 text-align-right\"><b>1. <\/b><\/div>\n<\/div>\n<div class=\"layout-cell layout-cell-11\">\n<div class=\"layout-cell-pad-5\">\n<p>SILVEIRA, FERNANDA GOMES DA ; DUARTE, DARLENE ANA SOUZA ; CHAVES, LUCAS MONTEIRO ; Silva, Fabyano Fonseca e ; FILHO, IVAN CARVALHO ; DUARTE, MARCIO DE SOUZA ; <b>Lopes, Paulo S\u00e1vio<\/b> ; GUIMAR\u00c3ES, Simone Eliza Facioni . The optimal number of partial least squares components in genomic selection for pork pH. Ci\u00eancia Rural, v. 47, p. 1, 2017.<\/p>\n<div class=\"citado\"><\/div>\n<\/div>\n<\/div>\n<\/div>\n<div class=\"artigo-completo\">\n<div class=\"layout-cell layout-cell-1 text-align-right\">\n<div class=\"layout-cell-pad-5 text-align-right\"><b>2. <\/b><\/div>\n<\/div>\n<div class=\"layout-cell layout-cell-11\">\n<div class=\"layout-cell-pad-5\">\n<p>Silva, Fabyano Fonseca e ; ZAMBRANO, MARIA FERNANDA BETANCUR ; VARONA, LUIS ; GL\u00d3RIA, LEONARDO SIQUEIRA ; <b>Lopes, Paulo S\u00e1vio<\/b> ; SILVA, MARCOS VIN\u00cdCIUS GUALBERTO BARBOSA ; ARBEX, Wagner ; L\u00c1ZARO, SIRLENE FERNANDES ; RESENDE, MARCOS DEON VILELA DE ; GUIMAR\u00c3ES, Simone Eliza Facioni . Genome association study through nonlinear mixed models revealed new candidate genes for pig growth curves. Scientia Agricola, v. 74, p. 1-7, 2017.<\/p>\n<div class=\"citado\"><\/div>\n<\/div>\n<\/div>\n<\/div>\n<div class=\"artigo-completo\">\n<div class=\"layout-cell layout-cell-1 text-align-right\">\n<div class=\"layout-cell-pad-5 text-align-right\"><b>3. <\/b><\/div>\n<\/div>\n<div class=\"layout-cell layout-cell-11\">\n<div class=\"layout-cell-pad-5\">VERARDO, LUCAS L. ; SILVA, FABYANO F. ; LOPES, MARCOS S. ; MADSEN, OLE ; BASTIAANSEN, JOHN W. M. ; KNOL, EGBERT F. ; KELLY, MATHEW ; VARONA, LUIS ; <b>Lopes, Paulo S.<\/b> ; GUIMAR\u00c3ES, SIMONE E. F. . Revealing new candidate genes for reproductive traits in pigs: combining Bayesian GWAS and functional pathways. Genetics Selection Evolution, v. 48, p. 9, 2016.<\/div>\n<\/div>\n<\/div>\n<div class=\"artigo-completo\">\n<div class=\"layout-cell layout-cell-1 text-align-right\">\n<div class=\"layout-cell-pad-5 text-align-right\"><b>4. <\/b><\/div>\n<\/div>\n<div class=\"layout-cell layout-cell-11\">\n<div class=\"layout-cell-pad-5\">Veroneze, R. ; <b>Lopes, P.S.<\/b> ; LOPES, M.S. ; HIDALGO, A.M. ; Guimar\u00e3es, S.E.F. ; Harlizius, B. ; KNOL, E.F. ; VAN ARENDONK, J.A.M. ; Silva, F.F. ; BASTIAANSEN, J.W.M. . Accounting for genetic architecture in single- and multipopulation genomic prediction using weights from genomewide association studies in pigs. Journal of Animal Breeding and Genetics (1986), v. 133, p. n\/a-n\/a, 2016.<\/div>\n<\/div>\n<\/div>\n<div class=\"artigo-completo\">\n<div class=\"layout-cell layout-cell-1 text-align-right\">\n<div class=\"layout-cell-pad-5 text-align-right\"><b>5. <\/b><\/div>\n<\/div>\n<div class=\"layout-cell layout-cell-11\">\n<div class=\"layout-cell-pad-5\">VERARDO, L. L. ; LOPES, M. S. ; WIJGA, S. ; MADSEN, O. ; SILVA, F. F. ; GROENEN, M. A. M. ; KNOL, E. F. ; <b>LOPES, P. S.<\/b> ; GUIMAR\u00c3ES, S. E. F. . After genome-wide association studies: Gene networks elucidating candidate genes divergences for number of teats across two pig populations. Journal of Animal Science, v. 94, p. 1446-1458, 2016.<\/div>\n<\/div>\n<\/div>\n<div class=\"artigo-completo\">\n<div class=\"layout-cell layout-cell-1 text-align-right\">\n<div class=\"layout-cell-pad-5 text-align-right\"><b>6. <\/b><\/div>\n<\/div>\n<div class=\"layout-cell layout-cell-11\">\n<div class=\"layout-cell-pad-5\">\n<p>CANAZA-CAYO, A.W. ; SILVA, M.V.G.B. ; COBUCI, J.A. ; MARTINS, M.F. ; <b>Lopes, P.S.<\/b> . Effect of inclusion or non-inclusion of short lactations and cow and\/or dam genetic group on genetic evaluation of Girolando dairy cattle. Genetics and Molecular Research, v. 15, p. 15027768, 2016.<\/p>\n<div class=\"citado\"><\/div>\n<\/div>\n<\/div>\n<\/div>\n<div class=\"artigo-completo\">\n<div class=\"layout-cell layout-cell-1 text-align-right\">\n<div class=\"layout-cell-pad-5 text-align-right\"><b>7. <\/b><\/div>\n<\/div>\n<div class=\"layout-cell layout-cell-11\">\n<div class=\"layout-cell-pad-5\">\n<p>MOTA, RODRIGO REIS ; COSTA, EDSON VIN\u00cdCIUS ; <b>Lopes, Paulo S\u00e1vio<\/b> ; NASCIMENTO, MOYSES ; SILVA, LUCIANO PINHEIRO DA ; Silva, Fabyano Fonseca e ; MARQUES, LUIZ FERNANDO AAR\u00c3O . Multi-Trait analysis of growth traits: fitting reduced rank models using principal components for Simmental beef cattle. Ci\u00eancia Rural, v. 46, p. 1656-1661, 2016.<\/p>\n<div class=\"citado\"><\/div>\n<\/div>\n<\/div>\n<\/div>\n<div class=\"artigo-completo\">\n<div class=\"layout-cell layout-cell-1 text-align-right\">\n<div class=\"layout-cell-pad-5 text-align-right\"><b>8. <\/b><\/div>\n<\/div>\n<div class=\"layout-cell layout-cell-11\">\n<div class=\"layout-cell-pad-5\">CANAZA-CAYO, ALI WILLIAM ; COBUCI, JAIME ARA\u00daJO ; <b>Lopes, Paulo S\u00e1vio<\/b> ; DE ALMEIDA TORRES, ROBLEDO ; MARTINS, MARTA FONSECA ; DOS SANTOS DALTRO, DARLENE ; BARBOSA DA SILVA, MARCOS VINICIUS GUALBERTO . Genetic trend estimates for milk yield production and fertility traits of the Girolando cattle in Brazil. Livestock Science, v. 190, p. 113-122, 2016.<\/div>\n<\/div>\n<\/div>\n<div class=\"artigo-completo\">\n<div class=\"layout-cell layout-cell-1 text-align-right\">\n<div class=\"layout-cell-pad-5 text-align-right\"><b>9. <\/b><\/div>\n<\/div>\n<div class=\"layout-cell layout-cell-11\">\n<div class=\"layout-cell-pad-5\">\n<p>TEIXEIRA, F.R.F. ; NASCIMENTO, M. ; NASCIMENTO, A.C.C. ; E SILVA, F.F. ; Cruz, C.D. ; AZEVEDO, C.F. ; PAIX\u00c3O, D.M. ; BARROSO, L.M.A. ; Verardo, L.L. ; DE RESENDE, M.D.V. ; Guimar\u00e3es, S.E.F. ; <b>Lopes, P.S.<\/b> . Factor analysis applied to genome prediction for high-dimensional phenotypes in pigs. Genetics and Molecular Research, v. 15, p. 15028231, 2016.<\/p>\n<div class=\"citado\"><\/div>\n<\/div>\n<\/div>\n<\/div>\n<div class=\"artigo-completo\">\n<div class=\"layout-cell layout-cell-1 text-align-right\">\n<div class=\"layout-cell-pad-5 text-align-right\"><b>10. <\/b><\/div>\n<\/div>\n<div class=\"layout-cell layout-cell-11\">\n<div class=\"layout-cell-pad-5\">SARMENTO, J.L.R. ; Torres, R.A. ; SOUSA, W.H. ; L\u00d4BO, R.N.B. ; ALBUQUERQUE, L.G. ; <b>Lopes, P.S.<\/b> ; SANTOS, N.P.S. ; BIGNARD, A.B. . Random regression models for the estimation of genetic and environmental covariance functions for growth traits in Santa Ines sheep. Genetics and Molecular Research, v. 15, p. 15025749, 2016.<\/div>\n<\/div>\n<\/div>\n<\/div><\/section><\/p><\/div>\n","protected":false},"excerpt":{"rendered":"","protected":false},"author":2,"featured_media":0,"parent":0,"menu_order":0,"comment_status":"closed","ping_status":"closed","template":"","meta":[],"_links":{"self":[{"href":"http:\/\/www.dzo.ufv.br\/index.php\/wp-json\/wp\/v2\/pages\/3540"}],"collection":[{"href":"http:\/\/www.dzo.ufv.br\/index.php\/wp-json\/wp\/v2\/pages"}],"about":[{"href":"http:\/\/www.dzo.ufv.br\/index.php\/wp-json\/wp\/v2\/types\/page"}],"author":[{"embeddable":true,"href":"http:\/\/www.dzo.ufv.br\/index.php\/wp-json\/wp\/v2\/users\/2"}],"replies":[{"embeddable":true,"href":"http:\/\/www.dzo.ufv.br\/index.php\/wp-json\/wp\/v2\/comments?post=3540"}],"version-history":[{"count":4,"href":"http:\/\/www.dzo.ufv.br\/index.php\/wp-json\/wp\/v2\/pages\/3540\/revisions"}],"predecessor-version":[{"id":5942,"href":"http:\/\/www.dzo.ufv.br\/index.php\/wp-json\/wp\/v2\/pages\/3540\/revisions\/5942"}],"wp:attachment":[{"href":"http:\/\/www.dzo.ufv.br\/index.php\/wp-json\/wp\/v2\/media?parent=3540"}],"curies":[{"name":"wp","href":"https:\/\/api.w.org\/{rel}","templated":true}]}}