{"id":3538,"date":"2017-10-09T20:03:16","date_gmt":"2017-10-09T23:03:16","guid":{"rendered":"http:\/\/www.dzo.ufv.br\/?page_id=3538"},"modified":"2019-11-25T09:07:40","modified_gmt":"2019-11-25T12:07:40","slug":"renata-veroneze-2","status":"publish","type":"page","link":"http:\/\/www.dzo.ufv.br\/index.php\/en\/renata-veroneze-2\/","title":{"rendered":"Renata Veroneze"},"content":{"rendered":"<div class=\"flex_column av_one_fifth  flex_column_div av-zero-column-padding first  \" style='border-radius:0px; '><div class='avia-image-container  av-styling-   avia-align-center '  itemscope=\"itemscope\" itemtype=\"https:\/\/schema.org\/ImageObject\"  ><div class='avia-image-container-inner'><img class='avia_image ' src='http:\/\/www.dzo.ufv.br\/wp-content\/uploads\/2017\/03\/Renata-Ver.jpg' alt='' title='Renata-Ver'   itemprop=\"thumbnailUrl\"  \/><\/div><\/div><\/div>\n<div class=\"flex_column av_three_fifth  flex_column_div av-zero-column-padding   \" style='border-radius:0px; '><p><div style='padding-bottom:10px;' class='av-special-heading av-special-heading-h3    '><h3 class='av-special-heading-tag'  itemprop=\"headline\"  >Renata Veroneze<\/h3><div class='special-heading-border'><div class='special-heading-inner-border' ><\/div><\/div><\/div><br \/>\n<section class=\"av_textblock_section\"  itemscope=\"itemscope\" itemtype=\"https:\/\/schema.org\/CreativeWork\" ><div class='avia_textblock '  style='font-size:17px; '  itemprop=\"text\" ><p>Associate Teacher<\/p>\n<p><strong> Academic Background: <\/strong><br \/>\nDs. In Genetics and Improvement by UFV and in Animal Science at Wageningen University (2015)<br \/>\nMSc. in Animal Science, UFV (2011)<br \/>\nAnimal Science, UFV (2004)<\/p>\n<p><strong> Areas of expertise: <\/strong><br \/>\nAnimal Genetics \/ Breeding<\/p>\n<p><strong>Publications:<\/strong> \u00a0<a href=\"http:\/\/lattes.cnpq.br\/7879477446841060\">Lattes<\/a>\u00a0\/ \u00a0<a href=\"https:\/\/www.researchgate.net\/profile\/Renata_Veroneze\">ResearchGate<\/a>\u00a0\/ <a href=\"https:\/\/orcid.org\/0000-0003-2715-7545\">Orcid<\/a><\/p>\n<p><strong>Laboratory:<\/strong><br \/>\n<a href=\"http:\/\/www.dzo.ufv.br\/index.php\/en\/unit-for-teaching-research-and-extension-in-pig-improvement\/\">Unit for Teaching, Research and Extension in Pig Improvement<\/a><\/p>\n<p><strong>Under-graduate courses: <\/strong><br \/>\nZOO 461 &#8211; Applied Animal Breeding<br \/>\nZOO 480 &#8211; Administration in Animal Breeding<\/p>\n<p><strong>Graduate courses: <\/strong><br \/>\nZOO 660 &#8211; Animal Breeding I<br \/>\nZOO 761 &#8211; Data analysis in Animal Genetic Improvement<\/p>\n<p><strong>Contacts:<\/strong><br \/>\nPhone: + 55 031\u00a03612-4634 \/ 99130-9503<br \/>\nEmail:\u00a0renata.veroneze@ufv.br<\/p>\n<p><strong>Recent Publications<\/strong><\/p>\n<div class=\"artigo-completo\">\n<div class=\"layout-cell layout-cell-1 text-align-right\">\n<div class=\"layout-cell-pad-5 text-align-right\"><b>1. <\/b><\/div>\n<\/div>\n<div class=\"layout-cell layout-cell-11\">\n<div class=\"layout-cell-pad-5\">\n<p>DUARTE, D. A. S. ; FORTES, M. R. S. ; DE SOUZA DUARTE, MARCIO ; GUIMAR\u00c3ES, Simone Eliza Facioni ; VERARDO, L. L. ; <b>VERONEZE, R.<\/b> ; RIBEIRO, A. M. F. ; LOPES, P. S. ; RESENDE, M. D. V. ; SILVA, F. F. . Genome-wide association studies, meta-analyses and derived gene network for meat quality and carcass traits in pigs. Animal Production Science (Print), p. NULL, 2017.<\/p>\n<div class=\"citado\"><\/div>\n<\/div>\n<\/div>\n<\/div>\n<div class=\"artigo-completo\">\n<div class=\"layout-cell layout-cell-1 text-align-right\">\n<div class=\"layout-cell-pad-5 text-align-right\"><b>2. <\/b><\/div>\n<\/div>\n<div class=\"layout-cell layout-cell-11\">\n<div class=\"layout-cell-pad-5\">\n<p>BUENO, R. ; CAMPOS, C. F. ; <b>Veroneze, R.<\/b> ; SILVA, W. ; SANGLARD, L. M. P. ; ALCANTARA, L. ; SER\u00c3O, N. V. L. ; HAUSMAN, G. J. ; DODSON, M. V. ; DUARTE, M. S. ; GUIMAR\u00c3ES, Simone Eliza Facioni . Technical Note: A comparison among adipogenic induction protocols for dedifferentiated fat (DFAT) cells obtained from subcutaneous fat of pigs. Livestock Science (Print), v. 199, p. 57-62, 2017.<\/p>\n<div class=\"citado\"><\/div>\n<\/div>\n<\/div>\n<\/div>\n<div class=\"artigo-completo\">\n<div class=\"layout-cell layout-cell-1 text-align-right\">\n<div class=\"layout-cell-pad-5 text-align-right\"><b>3. <\/b><\/div>\n<\/div>\n<div class=\"layout-cell layout-cell-11\">\n<div class=\"layout-cell-pad-5\">\n<p>ROJAS DE OLIVEIRA, HINAYAH ; VENTURA, HENRIQUE TORRES ; COSTA, EDSON VIN&#8217;CIUS ; PEREIRA, MARIANA ALENCAR ; <b>VERONEZE, R.<\/b> ; DUARTE, MARCIO DE SOUZA ; DIAS DE SIQUEIRA, OT&#8217;VIO HENRIQUE GOMES BARBOSA ; SILVA, F. F. . Meta-analysis of genetic-parameter estimates for reproduction, growth and carcass traits in Nellore cattle by using a random-effects model. Animal Production Science, v. 57, p. 1, 2017.<\/p>\n<div class=\"citado\"><\/div>\n<\/div>\n<\/div>\n<\/div>\n<div class=\"artigo-completo\">\n<div class=\"layout-cell layout-cell-1 text-align-right\">\n<div class=\"layout-cell-pad-5 text-align-right\"><b>4. <\/b><\/div>\n<\/div>\n<div class=\"layout-cell layout-cell-11\">\n<div class=\"layout-cell-pad-5\"><b>Veroneze, R.<\/b>; LOPES, P. S. ; LOPES, MARCOS SOARES ; HIDALGO, A. M. ; GUIMARAES, S. E. F. ; HARLIZIUS, B. ; KNOL, E. F. ; ARENDONK, J. A. M. ; SILVA, F. F. ; BASTIAANSEN, J. W. M. . Accounting for genetic architecture in single- and multipopulation genomic prediction using weights from genomewide association studies in pigs. Journal of Animal Breeding and Genetics (1986), v. 2, p. n\/a-n\/a, 2016.<\/div>\n<\/div>\n<\/div>\n<div class=\"artigo-completo\">\n<div class=\"layout-cell layout-cell-1 text-align-right\">\n<div class=\"layout-cell-pad-5 text-align-right\"><b>5. <\/b><\/div>\n<\/div>\n<div class=\"layout-cell layout-cell-11\">\n<div class=\"layout-cell-pad-5\"><b>VERONEZE, R.<\/b>; VENTURA, H. T. ; MARQUES, E. G. ; COSTA, E. V. ; PEREIRA, M. A. ; SILVA, F. F. ; JOSAHKIAN, L. A. . Melhoramento gen\u00e9tico de bovinos de corte. Informe Agropecu\u00e1rio (Belo Horizonte), v. 37, p. 89-96, 2016.<\/div>\n<\/div>\n<\/div>\n<div class=\"artigo-completo\">\n<div class=\"layout-cell layout-cell-1 text-align-right\">\n<div class=\"layout-cell-pad-5 text-align-right\"><b>6. <\/b><\/div>\n<\/div>\n<div class=\"layout-cell layout-cell-11\">\n<div class=\"layout-cell-pad-5\">FERNANDES, L. O. ; SILVA, E. A. ; QUEIROZ, D. S. ; <b>VERONEZE, R.<\/b> . Suplementa\u00e7\u00e3o proteico-energ\u00e9tica de bovinos de corte manejados em pastagens. Informe Agropecu\u00e1rio (Belo Horizonte), v. 37, p. 17-27, 2016.<\/div>\n<\/div>\n<\/div>\n<div class=\"artigo-completo\">\n<div class=\"layout-cell layout-cell-1 text-align-right\">\n<div class=\"layout-cell-pad-5 text-align-right\"><b>7. <\/b><\/div>\n<\/div>\n<div class=\"layout-cell layout-cell-11\">\n<div class=\"layout-cell-pad-5\">MENEZES, G. C. C. ; RUAS, J. R. M. ; SILVA, E. A. ; FERNANDES, L. O. ; QUEIROZ, D. S. ; VIANA, M. C. M. ; <b>VERONEZE, R.<\/b> . Produ\u00e7\u00e3o intensiva de bovinos de corte. Informe Agropecu\u00e1rio (Belo Horizonte), v. 37, p. 48-61, 2016.<\/div>\n<\/div>\n<\/div>\n<div class=\"artigo-completo\">\n<div class=\"layout-cell layout-cell-1 text-align-right\">\n<div class=\"layout-cell-pad-5 text-align-right\"><b>8. <\/b><\/div>\n<\/div>\n<div class=\"layout-cell layout-cell-11\">\n<div class=\"layout-cell-pad-5\">DE CAMPOS, CAROLINA FILARDI ; LOPES, MARCOS SOARES ; E SILVA, FABYANO FONSECA ; <b>VERONEZE, RENATA<\/b> ; KNOL, EGBERT F. ; S\u00c1VIO LOPES, PAULO ; GUIMAR\u00c3ES, SIMONE E.F. . Genomic selection for boar taint compounds and carcass traits in a commercial pig population. Livestock Science (Print), v. 15, p. S1871-1413, 2015.<\/div>\n<\/div>\n<\/div>\n<div class=\"artigo-completo\">\n<div class=\"layout-cell layout-cell-1 text-align-right\">\n<div class=\"layout-cell-pad-5 text-align-right\"><b>9. <\/b><\/div>\n<\/div>\n<div class=\"layout-cell layout-cell-11\">\n<div class=\"layout-cell-pad-5\">COSTA, E. V. ; DINIZ, D. B. ; <b>Veroneze, R.<\/b> ; RESENDE, M. D. V. ; AZEVEDO, C. F. ; GUIMARAES, S. E. F. ; SILVA, F. F. ; LOPES, P. S. . Estimating additive and dominance variances for complex traits in pigs combining genomic and pedigree information. Genetics and Molecular Research, v. 14, p. 6303-6311, 2015.<\/div>\n<\/div>\n<\/div>\n<div class=\"artigo-completo\">\n<div class=\"layout-cell layout-cell-1 text-align-right\">\n<div class=\"layout-cell-pad-5 text-align-right\"><b>10. <\/b><\/div>\n<\/div>\n<div class=\"layout-cell layout-cell-11\">\n<div class=\"layout-cell-pad-5\">HIDALGO, A. M. ; BASTIAANSEN, J. W. M. ; LOPES, M. S. ; <b>Veroneze, R.<\/b> ; GROENEN, M. A. M. ; KONING, D. . Accuracy of genomic prediction using deregressed breeding values estimated from purebred and crossbred offspring phenotypes in pigs. Journal of Animal Science, v. 94, p. 8899, 2015.<\/div>\n<\/div>\n<\/div>\n<\/div><\/section><\/p><\/div>\n","protected":false},"excerpt":{"rendered":"","protected":false},"author":2,"featured_media":0,"parent":0,"menu_order":0,"comment_status":"closed","ping_status":"closed","template":"","meta":[],"_links":{"self":[{"href":"http:\/\/www.dzo.ufv.br\/index.php\/wp-json\/wp\/v2\/pages\/3538"}],"collection":[{"href":"http:\/\/www.dzo.ufv.br\/index.php\/wp-json\/wp\/v2\/pages"}],"about":[{"href":"http:\/\/www.dzo.ufv.br\/index.php\/wp-json\/wp\/v2\/types\/page"}],"author":[{"embeddable":true,"href":"http:\/\/www.dzo.ufv.br\/index.php\/wp-json\/wp\/v2\/users\/2"}],"replies":[{"embeddable":true,"href":"http:\/\/www.dzo.ufv.br\/index.php\/wp-json\/wp\/v2\/comments?post=3538"}],"version-history":[{"count":6,"href":"http:\/\/www.dzo.ufv.br\/index.php\/wp-json\/wp\/v2\/pages\/3538\/revisions"}],"predecessor-version":[{"id":6589,"href":"http:\/\/www.dzo.ufv.br\/index.php\/wp-json\/wp\/v2\/pages\/3538\/revisions\/6589"}],"wp:attachment":[{"href":"http:\/\/www.dzo.ufv.br\/index.php\/wp-json\/wp\/v2\/media?parent=3538"}],"curies":[{"name":"wp","href":"https:\/\/api.w.org\/{rel}","templated":true}]}}