{"id":3527,"date":"2017-10-09T16:13:04","date_gmt":"2017-10-09T19:13:04","guid":{"rendered":"http:\/\/www.dzo.ufv.br\/?page_id=3527"},"modified":"2019-10-14T17:04:01","modified_gmt":"2019-10-14T20:04:01","slug":"simone-eliza-facioni-guimaraes-2","status":"publish","type":"page","link":"http:\/\/www.dzo.ufv.br\/index.php\/en\/simone-eliza-facioni-guimaraes-2\/","title":{"rendered":"Simone Eliza Facioni Guimar\u00e3es"},"content":{"rendered":"<div class=\"flex_column av_one_fifth  flex_column_div av-zero-column-padding first  \" style='border-radius:0px; '><div class='avia-image-container  av-styling-   avia-align-center '  itemscope=\"itemscope\" itemtype=\"https:\/\/schema.org\/ImageObject\"  ><div class='avia-image-container-inner'><img class='avia_image ' src='http:\/\/www.dzo.ufv.br\/wp-content\/uploads\/2017\/06\/IMG-6201.png' alt='' title='IMG-6201'   itemprop=\"thumbnailUrl\"  \/><\/div><\/div><\/div><div class=\"flex_column av_three_fifth  flex_column_div av-zero-column-padding   \" style='border-radius:0px; '><p><div style='padding-bottom:10px;' class='av-special-heading av-special-heading-h3    '><h3 class='av-special-heading-tag'  itemprop=\"headline\"  >Simone Eliza Facioni Guimar\u00e3es<\/h3><div class='special-heading-border'><div class='special-heading-inner-border' ><\/div><\/div><\/div><br \/>\n<section class=\"av_textblock_section\"  itemscope=\"itemscope\" itemtype=\"https:\/\/schema.org\/CreativeWork\" ><div class='avia_textblock '  style='font-size:17px; '  itemprop=\"text\" ><p>Research Scholarship\/CNPq \u2013 1A<br \/>\nAssociate Professor<\/p>\n<p><strong>Academic education:<\/strong><br \/>\nDs. in Animal Science, Animal Breeding and Genetics, UFMG (1994)<br \/>\nMaster. In Veterinary Medicine, Genetics and Reproduction, UFMG (1990)<br \/>\nVeterinary Medicine, UFRA (1986)<\/p>\n<p><strong>Areas of expertise:<\/strong><br \/>\nGenomic Selection, Genomic Selection, Nutrigenomics, Functional Genomics,<br \/>\nIntrauterine Development and Gestation, Genetics and Animal<br \/>\nBreeding,\u00a0Molecular Biology of Female Reproduction, Myogeny and Muscular<br \/>\nBiology<\/p>\n<p><strong>Publications:\u00a0<\/strong><a href=\"http:\/\/lattes.cnpq.br\/7128957396117154\">Lattes<\/a>\u00a0\/ <a href=\"https:\/\/www.researchgate.net\/profile\/Simone_Guimaraes?_sg=9KPzYZcVr1S2auSTRQFKTZfpujFBYkHF9wV_WnWQrkhcUMBCGUEQsSgLi14_ZGx0TbDv6e7czWRmw3aUAhDBbYY-Hd1Ty0bmVkzoBsGdmgmLhm86P4LlGw.0EsefqUmT_Zvrfv9vmnfEUsOIj32oHEqaslnqeiqC_MYv0_9jjBVZ4Qi5W1Eq-B9FcVA9AQvz_TlumFl-AzMAw\">ResearchGate<\/a>\u00a0\/ <a href=\"http:\/\/orcid.org\/0000-0003-3704-8131\">ORCID ID<\/a><\/p>\n<p><strong>Laboratory:\u00a0<\/strong><strong><a href=\"http:\/\/www.dzo.ufv.br\/index.php\/en\/animal-biotechnology-laboratory\/\">&gt;&gt;Animal Biotechnology Laboratory<\/a><\/strong><\/p>\n<p><strong>Under-graduate courses:<\/strong><br \/>\nZOO 463 &#8211; Animal Breeding<br \/>\nZOO 462 &#8211; Molecular Biology Applied to Animal Production<br \/>\nZOO 461 &#8211; Animal Breeding I<\/p>\n<p><strong>Graduate courses:<\/strong><br \/>\nZOO 765 &#8211; Molecular Genetics Applied to Animal Breeding<br \/>\nZOO 766 &#8211; Pathological Heredity in Domestic Animals<\/p>\n<p><strong>Contacts:<\/strong><br \/>\nPhone:<br \/>\nEmail:\u00a0sfacioni@ufv.br<\/p>\n<p><strong>Recent Publications<\/strong><\/p>\n<div class=\"artigo-completo\">\n<div class=\"layout-cell layout-cell-1 text-align-right\">\n<div class=\"layout-cell-pad-5 text-align-right\"><b>1. <\/b><\/div>\n<\/div>\n<div class=\"layout-cell layout-cell-11\">\n<div class=\"layout-cell-pad-5\">\n<p>SILVA, F. F. ; ZAMBRANO, MARIA FERNANDA BETANCUR ; Varona, Luis ; GL\u00d3RIA, LEONARDO SIQUEIRA ; Lopes, Paulo S\u00e1vio ; SILVA, MARCOS VIN\u00cdCIUS GUALBERTO BARBOSA ; ARBEX, WAGNER ; L\u00c1ZARO, SIRLENE FERNANDES ; RESENDE, MARCOS DEON VILELA DE ; <b>GUIMARAES, S. E. F.<\/b> . Genome association study through nonlinear mixed models revealed new candidate genes for pig growth curves. Scientia Agricola, v. 74, p. 1-7, 2017.<\/p>\n<div class=\"citado\"><\/div>\n<\/div>\n<\/div>\n<\/div>\n<div class=\"artigo-completo\">\n<div class=\"layout-cell layout-cell-1 text-align-right\">\n<div class=\"layout-cell-pad-5 text-align-right\"><b>2. <\/b><\/div>\n<\/div>\n<div class=\"layout-cell layout-cell-11\">\n<div class=\"layout-cell-pad-5\">\n<p>Silveira, Fernanda Gomes da ; DUARTE, DARLENE ANA SOUZA ; CHAVES, LUCAS MONTEIRO ; SILVA, F. F. ; FILHO, IVAN CARVALHO ; DUARTE, MARCIO DE SOUZA ; Lopes, Paulo S\u00e1vio ; <b>GUIMARAES, S. E. F.<\/b> . The optimal number of partial least squares components in genomic selection for pork pH. Ci\u00eancia Rural, v. 47, p. 1-1, 2017.<\/p>\n<div class=\"citado\"><\/div>\n<\/div>\n<\/div>\n<\/div>\n<div class=\"artigo-completo\">\n<div class=\"layout-cell layout-cell-1 text-align-right\">\n<div class=\"layout-cell-pad-5 text-align-right\"><b>3. <\/b><\/div>\n<\/div>\n<div class=\"layout-cell layout-cell-11\">\n<div class=\"layout-cell-pad-5\">\n<p>WADDINGTON, B ; PENITENTE-FILHO, JM ; NEVES, JGS ; Pinho, RO ; Chaya, AY ; MAITAN, PP ; SILVEIRA, CO ; NEVES, MG ; <b>GUIMARAES, S. E. F.<\/b> ; DE CARVALHO, GR ; GUIMARAES, J. D. . Testosterone serum profile, semen characteristics and testicular biometry of Mangalarga Marchador stallions in a tropical environment. Reproduction in Domestic Animals (1990)<sup><img decoding=\"async\" id=\"09366768_3\" class=\"ajaxJCR jcrTip\" style=\"background-image: none; background-attachment: scroll; background-color: transparent; border: 0px none; font-size: 11px; margin: 0px; padding: 0px; outline: none 0px; vertical-align: baseline; text-align: left; background-position: 0px 0px; background-repeat: repeat repeat;\" src=\"http:\/\/buscatextual.cnpq.br\/buscatextual\/images\/curriculo\/jcr.gif\" data-issn=\"09366768\" \/><\/sup>, v. XX, p. 1-9, 2017.<\/p>\n<div class=\"citado\"><\/div>\n<\/div>\n<\/div>\n<\/div>\n<div class=\"artigo-completo\">\n<div class=\"layout-cell layout-cell-1 text-align-right\">\n<div class=\"layout-cell-pad-5 text-align-right\"><b>4. <\/b><\/div>\n<\/div>\n<div class=\"layout-cell layout-cell-11\">\n<div class=\"layout-cell-pad-5\">CAMPOS, C. F. ; DUARTE, M. S. ; <b>Guimar\u00e3es, S. E. F.<\/b> ; VERARDO, L. L. ; WEI, S. ; DU, M. ; JIANG, Z. ; BERGEN, W. G. ; HAUSMAN, G. J. ; FERNYHOUGH-CULVER, M. ; ALBRECHT, E. ; DODSON, M. V. . Review: Animal model and the current understanding of molecule dynamics of adipogenesis. Animal (Cambridge. Print), v. xx, p. 1-6, 2016.<\/div>\n<\/div>\n<\/div>\n<div class=\"artigo-completo\">\n<div class=\"layout-cell layout-cell-1 text-align-right\">\n<div class=\"layout-cell-pad-5 text-align-right\"><b>5. <\/b><\/div>\n<\/div>\n<div class=\"layout-cell layout-cell-11\">\n<div class=\"layout-cell-pad-5\">VERONEZE, R. ; LOPES, P.S. ; LOPES, M.S. ; HIDALGO, A.M. ; <b>GUIMARAES, S. E. F.<\/b> ; HARLIZIUS, B. ; KNOL, E.F. ; VAN ARENDONK, J.A.M. ; SILVA, F. F. ; BASTIAANSEN, J.W.M. . Accounting for genetic architecture in single- and multipopulation genomic prediction using weights from genomewide association studies in pigs. Journal of Animal Breeding and Genetics (1986), v. 1, p. n\/a-n\/a, 2016.<\/div>\n<\/div>\n<\/div>\n<div class=\"artigo-completo\">\n<div class=\"layout-cell layout-cell-1 text-align-right\">\n<div class=\"layout-cell-pad-5 text-align-right\"><b>6. <\/b><\/div>\n<\/div>\n<div class=\"layout-cell layout-cell-11\">\n<div class=\"layout-cell-pad-5\">VERARDO, LUCAS L. ; SILVA, F. F. ; LOPES, MARCOS S. ; MADSEN, OLE ; BASTIAANSEN, JOHN W. M. ; KNOL, EGBERT F. ; KELLY, MATHEW ; Varona, Luis ; LOPES, PAULO S. ; <b>GUIMARAES, S. E. F.<\/b> . Revealing new candidate genes for reproductive traits in pigs: combining Bayesian GWAS and functional pathways. Genetics Selection Evolution, v. 48, p. 1, 2016.<\/div>\n<\/div>\n<\/div>\n<div class=\"artigo-completo\">\n<div class=\"layout-cell layout-cell-1 text-align-right\">\n<div class=\"layout-cell-pad-5 text-align-right\"><b>7. <\/b><\/div>\n<\/div>\n<div class=\"layout-cell layout-cell-11\">\n<div class=\"layout-cell-pad-5\">WELLER, M.M.D.C.A. ; FORTES, M.R.S. ; Marcondes, M.I. ; ROTTA, P.P. ; GIONBELI, T.R.S. ; FILHO, S.C. VALADARES ; CAMPOS, M.M. ; Silva, F.F. ; SILVA, W. ; MOORE, S. ; <b>Guimar\u00e3es, S.E.F.<\/b> . Effect of maternal nutrition and days of gestation on pituitary gland and gonadal gene expression in cattle. Journal of Dairy Science, v. 11, p. 111, 2016.<\/div>\n<\/div>\n<\/div>\n<div class=\"artigo-completo\">\n<div class=\"layout-cell layout-cell-1 text-align-right\">\n<div class=\"layout-cell-pad-5 text-align-right\"><b>8. <\/b><\/div>\n<\/div>\n<div class=\"layout-cell layout-cell-11\">\n<div class=\"layout-cell-pad-5\">TEIXEIRA, F.R.F. ; NASCIMENTO, M. ; NASCIMENTO, A.C.C. ; E SILVA, F.F. ; Cruz, C.D. ; AZEVEDO, C. F. ; PAIX\u00c3O, D.M. ; BARROSO, L.M.A. ; VERARDO, L.L. ; DE RESENDE, M.D.V. ; <b>GUIMARAES, S. E. F.<\/b> ; LOPES, P.S. . Factor analysis applied to genome prediction for high-dimensional phenotypes in pigs. Genetics and Molecular Research, v. 15, p. 1, 2016.<\/div>\n<\/div>\n<\/div>\n<div class=\"artigo-completo\">\n<div class=\"layout-cell layout-cell-1 text-align-right\">\n<div class=\"layout-cell-pad-5 text-align-right\"><b>9. <\/b><\/div>\n<\/div>\n<div class=\"layout-cell layout-cell-11\">\n<div class=\"layout-cell-pad-5\">\n<p>OLIVEIRA, F. A. S. A. M. ; PAIX\u00c3O, D. M. ; AMORIM, L. S. ; PEREIRA, D. B. ; <b>GUIMARAES, S. E. F.<\/b> ; GUIMARAES, J. D. . Express\u00e3o g\u00eanica em ov\u00f3citos su\u00ednos de diferentes classifica\u00e7\u00f5es morfol\u00f3gicas. Arquivo Brasileiro de Medicina Veterin\u00e1ria e Zootecnia (Online), v. 68, p. 321-326, 2016.<\/p>\n<div class=\"citado\"><\/div>\n<\/div>\n<\/div>\n<\/div>\n<div class=\"artigo-completo\">\n<div class=\"layout-cell layout-cell-1 text-align-right\">\n<div class=\"layout-cell-pad-5 text-align-right\"><b>10. <\/b><\/div>\n<\/div>\n<div class=\"layout-cell layout-cell-11\">\n<div class=\"layout-cell-pad-5\">VERARDO, L. L. ; LOPES, M. S. ; WIJGA, S. ; MADSEN, O. ; SILVA, F. F. ; GROENEN, M. A. M. ; KNOL, E. F. ; LOPES, P. S. ; <b>GUIMARAES, S. E. F.<\/b> . After genome-wide association studies: Gene networks elucidating candidate genes divergences for number of teats across two pig populations. Journal of Animal Science, v. 94, p. 1, 2016.<\/div>\n<\/div>\n<\/div>\n<\/div><\/section><\/p><\/div><\/p>\n<section class=\"av_textblock_section\"  itemscope=\"itemscope\" itemtype=\"https:\/\/schema.org\/CreativeWork\" ><div class='avia_textblock '   itemprop=\"text\" ><p>Click here to add your own text<\/p>\n<\/div><\/section>\n","protected":false},"excerpt":{"rendered":"","protected":false},"author":2,"featured_media":0,"parent":0,"menu_order":0,"comment_status":"closed","ping_status":"closed","template":"","meta":[],"_links":{"self":[{"href":"http:\/\/www.dzo.ufv.br\/index.php\/wp-json\/wp\/v2\/pages\/3527"}],"collection":[{"href":"http:\/\/www.dzo.ufv.br\/index.php\/wp-json\/wp\/v2\/pages"}],"about":[{"href":"http:\/\/www.dzo.ufv.br\/index.php\/wp-json\/wp\/v2\/types\/page"}],"author":[{"embeddable":true,"href":"http:\/\/www.dzo.ufv.br\/index.php\/wp-json\/wp\/v2\/users\/2"}],"replies":[{"embeddable":true,"href":"http:\/\/www.dzo.ufv.br\/index.php\/wp-json\/wp\/v2\/comments?post=3527"}],"version-history":[{"count":6,"href":"http:\/\/www.dzo.ufv.br\/index.php\/wp-json\/wp\/v2\/pages\/3527\/revisions"}],"predecessor-version":[{"id":6430,"href":"http:\/\/www.dzo.ufv.br\/index.php\/wp-json\/wp\/v2\/pages\/3527\/revisions\/6430"}],"wp:attachment":[{"href":"http:\/\/www.dzo.ufv.br\/index.php\/wp-json\/wp\/v2\/media?parent=3527"}],"curies":[{"name":"wp","href":"https:\/\/api.w.org\/{rel}","templated":true}]}}