{"id":32,"date":"2017-03-28T21:59:43","date_gmt":"2017-03-28T21:59:43","guid":{"rendered":"http:\/\/www.dzo.ufv.br\/sitenovo\/?page_id=32"},"modified":"2017-11-20T16:49:55","modified_gmt":"2017-11-20T18:49:55","slug":"historia","status":"publish","type":"page","link":"http:\/\/www.dzo.ufv.br\/index.php\/historia\/","title":{"rendered":"Hist\u00f3ria"},"content":{"rendered":"<\/div><\/div><\/div><!-- close content main div --><\/div><\/div><div id='full_slider_1' class='avia-fullwidth-slider main_color avia-shadow  container_wrap sidebar_right'   ><div  data-size='no scaling'  data-lightbox_size='large'  data-animation='slide'  data-ids='2887'  data-video_counter='0'  data-autoplay='false'  data-bg_slider='false'  data-slide_height=''  data-handle='av_slideshow_full'  data-interval='5'  data-class=' '  data-css_id=''  data-scroll_down=''  data-control_layout='av-control-default'  data-custom_markup=''  data-perma_caption=''  data-autoplay_stopper=''  data-image_attachment=''  data-min_height='0px'  data-src=''  data-position='top left'  data-repeat='no-repeat'  data-attach='scroll'  data-stretch=''  class='avia-slideshow avia-slideshow-1  av-control-default av-default-height-applied avia-slideshow-no scaling av_slideshow_full   avia-slide-slider '  itemscope=\"itemscope\" itemtype=\"https:\/\/schema.org\/ImageObject\" ><ul class='avia-slideshow-inner' style='padding-bottom: 35.714285714286%;'><li  class=' av-single-slide slide-1 ' ><div data-rel='slideshow-1' class='avia-slide-wrap'  ><img src='http:\/\/www.dzo.ufv.br\/wp-content\/uploads\/2017\/03\/Historia_DZO-1.jpg' width='1400' height='500' title='Historia_DZO' alt=''  itemprop=\"thumbnailUrl\"   \/><\/div><\/li><\/ul><\/div><\/div>\n<div class=\"flex_column av_three_fifth  flex_column_div av-zero-column-padding first  \" style='border-radius:0px; '><p><div style='padding-bottom:10px;color:#b02b2c;' class='av-special-heading av-special-heading-h3 custom-color-heading  '><h3 class='av-special-heading-tag'  itemprop=\"headline\"  >Hist\u00f3ria do Curso e do Departamento de Zootecnia na UFV<\/h3><div class='special-heading-border'><div class='special-heading-inner-border' style='border-color:#b02b2c'><\/div><\/div><\/div><br \/>\n<div  class='hr hr-default '><span class='hr-inner ' ><span class='hr-inner-style'><\/span><\/span><\/div><br \/>\n<section class=\"av_textblock_section\"  itemscope=\"itemscope\" itemtype=\"https:\/\/schema.org\/CreativeWork\" ><div class='avia_textblock '  style='font-size:17px; '  itemprop=\"text\" ><p>Criado em 1976, o Departamento de Zootecnia (DZO) da Universidade Federal de Vi\u00e7osa integra o Centro de Ci\u00eancias Agr\u00e1rias. O curso de Zootecnia da UFV \u00e9 um dos pioneiros no Brasil, tendo suas ra\u00edzes no ensino das ci\u00eancias agr\u00e1rias, de onde surgiram as ferramentas para a cria\u00e7\u00e3o do Curso e do Departamento.<\/p>\n<p>Desde 1927 a UFV, na \u00e9poca Escola Superior de Agricultura e Veterin\u00e1ria (ESAV), se dedica ao ensino das ci\u00eancias agr\u00e1rias formando assim uma base s\u00f3lida para a cria\u00e7\u00e3o do Curso de Zootecnia em 1972, juntamente com o primeiro curso de p\u00f3s-gradua\u00e7\u00e3o de Zootecnia em n\u00edvel de Doutorado da Am\u00e9rica do Sul. A primeira turma de zoot\u00e9cnicos da ent\u00e3o, j\u00e1 chamada UFV, colou grau em dezembro de 1976.<\/p>\n<p>Com a implanta\u00e7\u00e3o do Doutorado, os professores, vendo a necessidade de especializa\u00e7\u00e3o, foram na sua maioria para os EUA obter novos t\u00edtulos de gradua\u00e7\u00e3o. Era mantida uma parceria com a Pardue University, ent\u00e3o n\u00e3o s\u00f3 os docentes da UFV foram para a universidade norte-americana, como os de l\u00e1, beneficiados pelo conv\u00eanio, vieram capacitar e ajudar na instala\u00e7\u00e3o de laborat\u00f3rios e procedimentos de pesquisas aqui no Brasil.<\/p>\n<p>Era consenso geral entre os docentes do curso de Zootecnia, que o estabelecimento dos laborat\u00f3rios e instala\u00e7\u00f5es de pesquisa eram prioridade, em detrimento da sede administrativa, por esse motivo, a sede foi constru\u00edda s\u00f3 mais tarde. Desde suas ra\u00edzes, a Zootecnia &#8211; UFV \u00e9 de muita expressividade e prest\u00edgio n\u00e3o s\u00f3 dentro da universidade, como tamb\u00e9m fora dela, devido as v\u00e1rias parcerias, aos \u00f3rg\u00e3os associados e onde os profissionais aqui formados exercem sua profiss\u00e3o.<\/p>\n<\/div><\/section><br \/>\n<div style='height:10px' class='hr hr-invisible '><span class='hr-inner ' ><span class='hr-inner-style'><\/span><\/span><\/div><br \/>\n<div style='height:10px' class='hr hr-invisible '><span class='hr-inner ' ><span class='hr-inner-style'><\/span><\/span><\/div><\/p><\/div><div class=\"flex_column av_two_fifth  flex_column_div av-zero-column-padding   \" style='border-radius:0px; '><div class='avia-gallery avia-gallery-1 avia_lazyload avia_animate_when_visible '  itemscope=\"itemscope\" itemtype=\"https:\/\/schema.org\/ImageObject\" ><a class='avia-gallery-big fakeLightbox lightbox avia-gallery-big-crop-thumb ' href='http:\/\/www.dzo.ufv.br\/wp-content\/uploads\/2017\/03\/HisDZO-Est\u00e1bulo-p-Bezerros-1.jpg'  data-onclick='1' title='' ><span class='avia-gallery-big-inner'  itemprop=\"thumbnailUrl\" >\t<img width='495' height='400' src='http:\/\/www.dzo.ufv.br\/wp-content\/uploads\/2017\/03\/HisDZO-Est\u00e1bulo-p-Bezerros-1-495x400.jpg' title='HisDZO - Est\u00e1bulo p Bezerros' alt='' \/><\/span><\/a><div class='avia-gallery-thumb'> <a href='http:\/\/www.dzo.ufv.br\/wp-content\/uploads\/2017\/03\/HisDZO-Est\u00e1bulo-p-Bezerros-1.jpg' data-rel='gallery-1' data-prev-img='http:\/\/www.dzo.ufv.br\/wp-content\/uploads\/2017\/03\/HisDZO-Est\u00e1bulo-p-Bezerros-1-495x400.jpg' class='first_thumb lightbox ' data-onclick='1' title=''  itemprop=\"thumbnailUrl\" ><img  src='http:\/\/www.dzo.ufv.br\/wp-content\/uploads\/2017\/03\/HisDZO-Est\u00e1bulo-p-Bezerros-1-495x400.jpg' width='495' height='400'  title='HisDZO - Est\u00e1bulo p Bezerros' alt='' \/><\/a> <a href='http:\/\/www.dzo.ufv.br\/wp-content\/uploads\/2017\/03\/HisDZO-Est\u00e1bulo-1.jpg' data-rel='gallery-1' data-prev-img='http:\/\/www.dzo.ufv.br\/wp-content\/uploads\/2017\/03\/HisDZO-Est\u00e1bulo-1-495x400.jpg' class='lightbox ' data-onclick='2' title=''  itemprop=\"thumbnailUrl\" ><img  src='http:\/\/www.dzo.ufv.br\/wp-content\/uploads\/2017\/03\/HisDZO-Est\u00e1bulo-1-495x400.jpg' width='495' height='400'  title='HisDZO - Est\u00e1bulo' alt='' \/><\/a> <a href='http:\/\/www.dzo.ufv.br\/wp-content\/uploads\/2017\/03\/HisDZO-Forragem-Milho-1.jpg' data-rel='gallery-1' data-prev-img='http:\/\/www.dzo.ufv.br\/wp-content\/uploads\/2017\/03\/HisDZO-Forragem-Milho-1-495x400.jpg' class='lightbox ' data-onclick='3' title=''  itemprop=\"thumbnailUrl\" ><img  src='http:\/\/www.dzo.ufv.br\/wp-content\/uploads\/2017\/03\/HisDZO-Forragem-Milho-1-495x400.jpg' width='495' height='400'  title='HisDZO - Forragem Milho' alt='' \/><\/a> <a href='http:\/\/www.dzo.ufv.br\/wp-content\/uploads\/2017\/03\/HisDZO-Lab-Anatomia-Animal-1.jpg' data-rel='gallery-1' data-prev-img='http:\/\/www.dzo.ufv.br\/wp-content\/uploads\/2017\/03\/HisDZO-Lab-Anatomia-Animal-1-495x400.jpg' class='first_thumb lightbox ' data-onclick='4' title=''  itemprop=\"thumbnailUrl\" ><img  src='http:\/\/www.dzo.ufv.br\/wp-content\/uploads\/2017\/03\/HisDZO-Lab-Anatomia-Animal-1-495x400.jpg' width='495' height='400'  title='HisDZO - Lab Anatomia Animal' alt='' \/><\/a> <a href='http:\/\/www.dzo.ufv.br\/wp-content\/uploads\/2017\/03\/HisDZO-Manejo-com-bovinos-1.jpg' data-rel='gallery-1' data-prev-img='http:\/\/www.dzo.ufv.br\/wp-content\/uploads\/2017\/03\/HisDZO-Manejo-com-bovinos-1-495x400.jpg' class='lightbox ' data-onclick='5' title=''  itemprop=\"thumbnailUrl\" ><img  src='http:\/\/www.dzo.ufv.br\/wp-content\/uploads\/2017\/03\/HisDZO-Manejo-com-bovinos-1-495x400.jpg' width='495' height='400'  title='HisDZO - Manejo com bovinos' alt='' \/><\/a> <a href='http:\/\/www.dzo.ufv.br\/wp-content\/uploads\/2017\/03\/HisDZO-Pr\u00e1tica-Bovinos-1.jpg' data-rel='gallery-1' data-prev-img='http:\/\/www.dzo.ufv.br\/wp-content\/uploads\/2017\/03\/HisDZO-Pr\u00e1tica-Bovinos-1-495x400.jpg' class='lightbox ' data-onclick='6' title=''  itemprop=\"thumbnailUrl\" ><img  src='http:\/\/www.dzo.ufv.br\/wp-content\/uploads\/2017\/03\/HisDZO-Pr\u00e1tica-Bovinos-1-495x400.jpg' width='495' height='400'  title='HisDZO - Pr\u00e1tica Bovinos' alt='' \/><\/a><\/div><\/div><\/div><\/p>\n<div  class='hr hr-default '><span class='hr-inner ' ><span class='hr-inner-style'><\/span><\/span><\/div>\n","protected":false},"excerpt":{"rendered":"","protected":false},"author":1,"featured_media":0,"parent":0,"menu_order":0,"comment_status":"closed","ping_status":"closed","template":"","meta":[],"_links":{"self":[{"href":"http:\/\/www.dzo.ufv.br\/index.php\/wp-json\/wp\/v2\/pages\/32"}],"collection":[{"href":"http:\/\/www.dzo.ufv.br\/index.php\/wp-json\/wp\/v2\/pages"}],"about":[{"href":"http:\/\/www.dzo.ufv.br\/index.php\/wp-json\/wp\/v2\/types\/page"}],"author":[{"embeddable":true,"href":"http:\/\/www.dzo.ufv.br\/index.php\/wp-json\/wp\/v2\/users\/1"}],"replies":[{"embeddable":true,"href":"http:\/\/www.dzo.ufv.br\/index.php\/wp-json\/wp\/v2\/comments?post=32"}],"version-history":[{"count":29,"href":"http:\/\/www.dzo.ufv.br\/index.php\/wp-json\/wp\/v2\/pages\/32\/revisions"}],"predecessor-version":[{"id":6022,"href":"http:\/\/www.dzo.ufv.br\/index.php\/wp-json\/wp\/v2\/pages\/32\/revisions\/6022"}],"wp:attachment":[{"href":"http:\/\/www.dzo.ufv.br\/index.php\/wp-json\/wp\/v2\/media?parent=32"}],"curies":[{"name":"wp","href":"https:\/\/api.w.org\/{rel}","templated":true}]}}