{"id":255,"date":"2017-04-05T16:19:41","date_gmt":"2017-04-05T19:19:41","guid":{"rendered":"http:\/\/www.dzo.ufv.br\/sitenovo\/?page_id=255"},"modified":"2023-04-18T10:05:52","modified_gmt":"2023-04-18T13:05:52","slug":"laboratorios-de-pesquisa","status":"publish","type":"page","link":"http:\/\/www.dzo.ufv.br\/index.php\/laboratorios-de-pesquisa\/","title":{"rendered":"Laborat\u00f3rios de Pesquisa"},"content":{"rendered":"<\/div><\/div><\/div><!-- close content main div --><\/div><\/div><div id='full_slider_1' class='avia-fullwidth-slider main_color avia-shadow  container_wrap sidebar_right'   ><div  data-size='featured'  data-lightbox_size='large'  data-animation='slide'  data-ids='2606'  data-video_counter='0'  data-autoplay='false'  data-bg_slider='false'  data-slide_height=''  data-handle='av_slideshow_full'  data-interval='5'  data-class=' '  data-css_id=''  data-scroll_down=''  data-control_layout='av-control-default'  data-custom_markup=''  data-perma_caption=''  data-autoplay_stopper=''  data-image_attachment=''  data-min_height='0px'  data-src=''  data-position='top left'  data-repeat='no-repeat'  data-attach='scroll'  data-stretch=''  data-default-height='28.666666666667'  class='avia-slideshow avia-slideshow-1  av-control-default av-default-height-applied avia-slideshow-featured av_slideshow_full   avia-slide-slider '  itemscope=\"itemscope\" itemtype=\"https:\/\/schema.org\/ImageObject\" ><ul class='avia-slideshow-inner' style='padding-bottom: 30.714285714286%;'><li  class=' av-single-slide slide-1 ' ><div data-rel='slideshow-1' class='avia-slide-wrap'  ><img src='http:\/\/www.dzo.ufv.br\/wp-content\/uploads\/2017\/04\/Lab-Carne-1-1400x430.jpg' width='1400' height='430' title='Lab-Carne' alt=''  itemprop=\"thumbnailUrl\"   \/><\/div><\/li><\/ul><\/div><\/div>\n<div class=\"flex_column av_three_fourth  flex_column_div av-zero-column-padding first  \" style='border-radius:0px; '><p><div style='padding-bottom:10px;' class='av-special-heading av-special-heading-h3    '><h3 class='av-special-heading-tag'  itemprop=\"headline\"  >Laborat\u00f3rios de Pesquisa<\/h3><div class='special-heading-border'><div class='special-heading-inner-border' ><\/div><\/div><\/div><br \/>\n<section class=\"av_textblock_section\"  itemscope=\"itemscope\" itemtype=\"https:\/\/schema.org\/CreativeWork\" ><div class='avia_textblock '  style='font-size:17px; '  itemprop=\"text\" ><p>O Departamento possui 13 Laborat\u00f3rios de\u00a0Pesquisa coordenados pelos docentes do\u00a0Departamento. A maioria dos laborat\u00f3rios est\u00e1 localizada no Edif\u00edcio Sede do Departamento de Zootecnia.\u00a0Abaixo, os laborat\u00f3rios em lista:<\/p>\n<p><a href=\"http:\/\/www.dzo.ufv.br\/index.php\/laboratorio-de-zootecnia-de-precisao\/\">Laborat\u00f3rio de Zootecnia de Precis\u00e3o<\/a><br \/>\n<a href=\"http:\/\/www.dzo.ufv.br\/index.php\/laboratorio-de-nutricao-animal\/\">Laborat\u00f3rio de Nutri\u00e7\u00e3o Animal (LNA)<\/a><br \/>\n<a href=\"http:\/\/www.dzo.ufv.br\/index.php\/laboratorio-de-nutricao-de-ruminantes-labnur\/\">Laborat\u00f3rio de Nutri\u00e7\u00e3o de Ruminantes (LABNUR)<\/a><br \/>\n<a href=\"http:\/\/www.dzo.ufv.br\/index.php\/laboratorio-de-bioclimatologia-animal\/\">Laborat\u00f3rio de Bioclimatologia Animal<\/a><br \/>\n<a href=\"http:\/\/www.dzo.ufv.br\/index.php\/laboratorio-multiusuario-de-biologia-muscular-e-nutrigenomica\/\">Laborat\u00f3rio Multiusu\u00e1rio de Biologia Muscular e Nutrigen\u00f4mica<\/a><br \/>\n<a href=\"http:\/\/www.dzo.ufv.br\/index.php\/laboratorio-de-biotecnologia-animal\/\">Laborat\u00f3rio de Biotecnologia Animal (LABTEC)<\/a><br \/>\n<a href=\"http:\/\/www.dzo.ufv.br\/index.php\/laboratorio-de-ciencia-da-carne-uepe-lcc\/\">Laborat\u00f3rio de Ci\u00eancia da Carne (LCC)<\/a><br \/>\n<a href=\"http:\/\/www.dzo.ufv.br\/index.php\/laboratorio-de-reproducao\/\">Laborat\u00f3rio de Fisiologia e Reprodu\u00e7\u00e3o Animal<\/a><br \/>\n<a href=\"http:\/\/www.dzo.ufv.br\/index.php\/laboratorio-de-forragem\/\">Laborat\u00f3rio de Forragicultura e Microbiologia da Silagem (Labfor)<\/a><br \/>\n<a href=\"http:\/\/www.dzo.ufv.br\/index.php\/laboratorio-de-informatica-do-melhoramento-animal-2\/\">Laborat\u00f3rio de Inform\u00e1tica do Melhoramento Animal<\/a><br \/>\n<a href=\"http:\/\/www.dzo.ufv.br\/index.php\/laboratorio-de-aquicultura-laqua\/\">Laborat\u00f3rio de Aquicultura (Laqua)<\/a><br \/>\n<a href=\"http:\/\/www.dzo.ufv.br\/index.php\/laboratorio-de-informatica\/\">Laborat\u00f3rio de Inform\u00e1tica<\/a><br \/>\n<a href=\"http:\/\/www.dzo.ufv.br\/index.php\/laboratorio-de-composicao-corporal-e-densitometria\/\">Laborat\u00f3rio de Composi\u00e7\u00e3o Corporal e Densitometria<\/a><\/p>\n<\/div><\/section><\/p><\/div><div class=\"flex_column av_one_fourth  flex_column_div av-zero-column-padding   \" style='border-radius:0px; '><\/div><\/p>\n","protected":false},"excerpt":{"rendered":"","protected":false},"author":1,"featured_media":0,"parent":0,"menu_order":0,"comment_status":"closed","ping_status":"closed","template":"","meta":[],"_links":{"self":[{"href":"http:\/\/www.dzo.ufv.br\/index.php\/wp-json\/wp\/v2\/pages\/255"}],"collection":[{"href":"http:\/\/www.dzo.ufv.br\/index.php\/wp-json\/wp\/v2\/pages"}],"about":[{"href":"http:\/\/www.dzo.ufv.br\/index.php\/wp-json\/wp\/v2\/types\/page"}],"author":[{"embeddable":true,"href":"http:\/\/www.dzo.ufv.br\/index.php\/wp-json\/wp\/v2\/users\/1"}],"replies":[{"embeddable":true,"href":"http:\/\/www.dzo.ufv.br\/index.php\/wp-json\/wp\/v2\/comments?post=255"}],"version-history":[{"count":30,"href":"http:\/\/www.dzo.ufv.br\/index.php\/wp-json\/wp\/v2\/pages\/255\/revisions"}],"predecessor-version":[{"id":8433,"href":"http:\/\/www.dzo.ufv.br\/index.php\/wp-json\/wp\/v2\/pages\/255\/revisions\/8433"}],"wp:attachment":[{"href":"http:\/\/www.dzo.ufv.br\/index.php\/wp-json\/wp\/v2\/media?parent=255"}],"curies":[{"name":"wp","href":"https:\/\/api.w.org\/{rel}","templated":true}]}}