{"id":2185,"date":"2017-06-26T18:34:09","date_gmt":"2017-06-26T21:34:09","guid":{"rendered":"http:\/\/www.dzo.ufv.br\/?page_id=2185"},"modified":"2023-08-16T10:11:38","modified_gmt":"2023-08-16T13:11:38","slug":"management","status":"publish","type":"page","link":"http:\/\/www.dzo.ufv.br\/index.php\/en\/management\/","title":{"rendered":"Administration"},"content":{"rendered":"<div class=\"flex_column av_one_third  flex_column_div av-zero-column-padding first  \" style='border-radius:0px; '><div class='avia-image-container  av-styling-   avia-align-center '  itemscope=\"itemscope\" itemtype=\"https:\/\/schema.org\/ImageObject\"  ><div class='avia-image-container-inner'><img class='avia_image ' src='http:\/\/www.dzo.ufv.br\/wp-content\/uploads\/2017\/06\/Luciana-Navajas-Renn\u00f3.jpg' alt='' title='Luciana-Navajas-Renn\u00f3'   itemprop=\"thumbnailUrl\"  \/><\/div><\/div><\/div>\n<div class=\"flex_column av_two_third  flex_column_div av-zero-column-padding   \" style='border-radius:0px; '><p><div style='padding-bottom:10px;' class='av-special-heading av-special-heading-h3    '><h3 class='av-special-heading-tag'  itemprop=\"headline\"  >Head of the Department<\/h3><div class='special-heading-border'><div class='special-heading-inner-border' ><\/div><\/div><\/div><br \/>\n<section class=\"av_textblock_section\"  itemscope=\"itemscope\" itemtype=\"https:\/\/schema.org\/CreativeWork\" ><div class='avia_textblock '  style='font-size:17px; '  itemprop=\"text\" ><p><strong>Luciana Navajas Renn\u00f3<\/strong><\/p>\n<p><strong>Phone: \u00a0<\/strong>3612-4626 \/ 3612-4604<br \/>\n<strong>Email:\u00a0<\/strong>lucianarenno@ufv.br<\/p>\n<div id=\"gtx-trans\" style=\"position: absolute; left: 2px; top: 0.194447px;\"><\/div>\n<div id=\"gtx-trans\" style=\"position: absolute; left: 2px; top: 0.194447px;\"><\/div>\n<div id=\"gtx-trans\" style=\"position: absolute; left: 2px; top: 0.194447px;\"><\/div>\n<\/div><\/section><\/p><\/div>\n<div class=\"flex_column av_one_full  flex_column_div av-zero-column-padding first  \" style='border-radius:0px; '><p><div style='padding-bottom:10px;' class='av-special-heading av-special-heading-h3    '><h3 class='av-special-heading-tag'  itemprop=\"headline\"  > Department Secretary<\/h3><div class='special-heading-border'><div class='special-heading-inner-border' ><\/div><\/div><\/div><br \/>\n<section class=\"av_textblock_section\"  itemscope=\"itemscope\" itemtype=\"https:\/\/schema.org\/CreativeWork\" ><div class='avia_textblock '  style='font-size:17px; '  itemprop=\"text\" ><div id=\"Lateral\">\n<div id=\"Busca\"><strong>Vin\u00edcius Silva Parreira<\/strong><\/div>\n<div id=\"Endereco\">\n<p><strong>Phone: <\/strong>+55 031\u00a03612-4603<strong><br \/>\nE-mail:\u00a0<\/strong><a href=\"mailto:dzo@ufv.br\">dzo@ufv.br<\/a><\/p>\n<\/div>\n<p><strong>Rosana Teresa Cardoso Barbosa<\/strong><\/p>\n<p><strong>Phone:<\/strong>\u00a03612-4616<br \/>\n<strong>E-mail:<\/strong>\u00a0<a href=\"mailto:apoio.dzo@ufv.br\" target=\"_blank\" rel=\"noopener noreferrer\">apoio.dzo@ufv.br<\/a><\/p>\n<\/div>\n<\/div><\/section><br \/>\n<div style='padding-bottom:10px;' class='av-special-heading av-special-heading-h3    '><h3 class='av-special-heading-tag'  itemprop=\"headline\"  >Undergrad Coordination<\/h3><div class='special-heading-border'><div class='special-heading-inner-border' ><\/div><\/div><\/div><br \/>\n<section class=\"av_textblock_section\"  itemscope=\"itemscope\" itemtype=\"https:\/\/schema.org\/CreativeWork\" ><div class='avia_textblock '  style='font-size:17px; '  itemprop=\"text\" ><p><strong>Rodrigo Fortes da Silva<\/strong><\/p>\n<p><strong>Phone: <\/strong>+55\u00a031 3612 4655<strong><br \/>\nEmail:<\/strong> <a href=\"mailto:fortes-silva@ufv.br\">fortes-silva@ufv.br<\/a><\/p>\n<\/div><\/section><br \/>\n<div  class='hr hr-default '><span class='hr-inner ' ><span class='hr-inner-style'><\/span><\/span><\/div><br \/>\n<section class=\"av_textblock_section\"  itemscope=\"itemscope\" itemtype=\"https:\/\/schema.org\/CreativeWork\" ><div class='avia_textblock '  style='font-size:17px; '  itemprop=\"text\" ><p><strong>\u00a0Undergrad Secretary<\/strong><\/p>\n<p><strong>M\u00e1rio de Souza Silva Filho<\/strong><\/p>\n<p><strong>Phone: <\/strong>+55 031 3612-4621<strong><br \/>\nE-mail:<\/strong>\u00a0<a href=\"mailto:msfilho@ufv.br\">msfilho@ufv.br<\/a><\/p>\n<\/div><\/section><br \/>\n<div style='padding-bottom:10px;' class='av-special-heading av-special-heading-h3    '><h3 class='av-special-heading-tag'  itemprop=\"headline\"  >Graduate Program Coordination<\/h3><div class='special-heading-border'><div class='special-heading-inner-border' ><\/div><\/div><\/div><br \/>\n<section class=\"av_textblock_section\"  itemscope=\"itemscope\" itemtype=\"https:\/\/schema.org\/CreativeWork\" ><div class='avia_textblock '  style='font-size:17px; '  itemprop=\"text\" ><p><strong>Coodenator<\/strong><\/p>\n<p><strong>Simone Eliza Facioni Guimar\u00e3es<\/strong><\/p>\n<p><strong>Phone:<\/strong>\u00a0+55 031 \u00a03612-4671<br \/>\n<strong>Email:\u00a0<\/strong>sfacioni@ufv.br<\/p>\n<\/div><\/section><br \/>\n<div  class='hr hr-default '><span class='hr-inner ' ><span class='hr-inner-style'><\/span><\/span><\/div><br \/>\n<section class=\"av_textblock_section\"  itemscope=\"itemscope\" itemtype=\"https:\/\/schema.org\/CreativeWork\" ><div class='avia_textblock '  style='font-size:17px; '  itemprop=\"text\" ><p><strong>Graduate Program Secretary<\/strong><\/p>\n<p><strong>Fernanda Cristina Vieira e Silva<\/strong><\/p>\n<p><strong>Phone:<\/strong>\u00a0+55 031<strong>\u00a0<\/strong>3612-4622<br \/>\n<strong>Email: <\/strong><a href=\"mailto:ztc@ufv.br\">\u00a0ztc@ufv.br<\/a><\/p>\n<\/div><\/section><br \/>\n<div style='padding-bottom:10px;' class='av-special-heading av-special-heading-h3    '><h3 class='av-special-heading-tag'  itemprop=\"headline\"  >Commissions<\/h3><div class='special-heading-border'><div class='special-heading-inner-border' ><\/div><\/div><\/div><br \/>\n<section class=\"av_textblock_section\"  itemscope=\"itemscope\" itemtype=\"https:\/\/schema.org\/CreativeWork\" ><div class='avia_textblock '  style='font-size:17px; '  itemprop=\"text\" ><p><b>TEACHING COMMITTEE<\/b><br \/>\nCRISTINA MATTOS VELOSO\u00a0<strong>(PRESIDENT)<\/strong><br \/>\nCLA\u00daDIA BATISTA SAMPAIO<br \/>\nMELISSA IZABEL HANNAS<br \/>\nSIMONE ELIZA FACIONI GUIMAR\u00c3ES<\/p>\n<p><b>RESEARCH COMMITTEE<\/b><br \/>\nALYSSON SARAIVA\u00a0\u00a0<strong>(PRESIDENT)<\/strong><br \/>\nLUCIANA NAVAJAS RENN\u00d3<br \/>\nDELVAN ALVES DA SILVA<br \/>\nSIMONE ELIZA FACIONI GUIMAR\u00c3ES<\/p>\n<p><b>EXTENSION COMMITTEE<\/b><br \/>\nFERNANDA HELENA MARTINS CHIZZOTTI<strong>\u00a0(PRESIDENT)<\/strong><br \/>\nKARINA COSTA BUSATO<br \/>\nLUCIANA NAVAJAS RENN\u00d3<br \/>\nPOLYANA PIZZI ROTTA<\/p>\n<p><strong>TEACHING EVALUATION AND PERFORMANCE COMMITTEE<\/strong><br \/>\nCRISTINA MATTOS VELOSO\u00a0<strong>(PRESIDENT)<\/strong><br \/>\nKARINA GUIMAR\u00c3ES RIBEIRO<br \/>\nRODRIGO FORTES DA SILVA<\/p>\n<p><strong>UNDERGRADUATE COMMISSION OF THE ANIMAL SCIENCE DEPARTMENT<br \/>\n<\/strong>SIMONE ELIZA FACIONI GUIMAR\u00c3ES <strong>(PRESIDENT)<\/strong><br \/>\nARELE ARLINDO CALDERANO<br \/>\nFERNANDA HELENA MARTINS CHIZZOTTI<\/p>\n<p><strong>GRADUATE COMMISSION OF THE ANIMAL SCIENCE DEPARTMENT<br \/>\n<\/strong>RODRIGO FORTES SILVA\u00a0\u2013\u00a0DZO\u00a0<strong>(COORDENATOR)<br \/>\n<\/strong>LEANDRO SANTOS COSTA \u2013\u00a0DZO<br \/>\nCRISTINA MATTOS VELOSO\u00a0\u2013\u00a0DZO<br \/>\nS\u00c9RGIO LUIZ DE TOLEDO BARRETO\u00a0\u2013\u00a0DZO<br \/>\nANA L\u00daCIA SALARO\u00a0\u2013 DBA<br \/>\nARTUR KANADANI CAMPOS\u00a0\u2013 DVT<br \/>\nANT\u00d4NIO POLICARPO SOUZA CARNEIRO\u00a0\u2013 DET<strong><br \/>\n<\/strong>ELISA OLIVEIRA FRANCK<strong>\u00a0\u2013 STUDENT REPRESENTATIVE<\/strong><\/p>\n<p><strong>PROFESSIONAL MASTER\u2019S DEGREE COMMISSION OF THE ANIMAL SCIENCE DEPARTMENT<br \/>\n<\/strong>LUCIANA NAVAJAS RENN\u00d3\u00a0<strong>(PRESIDENT)<\/strong><br \/>\nODILON GOMES PEREIRA<br \/>\nMELISSA IZABEL HANNAS<\/p>\n<p><strong>REPRESENTATIVE OF DZO IN THE GRADUATE PROGRAM IN AGROECOLOGY<\/strong><br \/>\nROG\u00c9RIO DE PAULA LANNA<\/p>\n<p><strong>MEMBER OF THE COORDINATING COMMISSION FOR THE VETERINARY COURSE<br \/>\n<\/strong>LUCIANA NAVAJAS RENN\u00d3 &#8211; Representative of DZO<\/p>\n<p><strong>SUPERVISOR OF JUNIOR ENTERPRISE OF ANIMAL SCIENCE\u00a0<\/strong><br \/>\nLEANDRO SANTOS COSTA<\/p>\n<\/div><\/section><br \/>\n<div style='padding-bottom:10px;' class='av-special-heading av-special-heading-h3    '><h3 class='av-special-heading-tag'  itemprop=\"headline\"  >Heads of the DZO sectors<\/h3><div class='special-heading-border'><div class='special-heading-inner-border' ><\/div><\/div><\/div><br \/>\n<section class=\"av_textblock_section\"  itemscope=\"itemscope\" itemtype=\"https:\/\/schema.org\/CreativeWork\" ><div class='avia_textblock '   itemprop=\"text\" ><p>UTRE &#8211;\u00a0UNIT FOR TEACHING, RESEARCH AND EXTENSION<\/p>\n<\/div><\/section><br \/>\n<div class='avia-table main_color avia-pricing-table-container  avia_pricing_default avia-table-1 '  itemscope=\"itemscope\" itemtype=\"https:\/\/schema.org\/Table\" ><div class='pricing-table-wrap'><ul class='pricing-table '><li class='avia-heading-row'><div class='first-table-item'>SECTOR<\/div><span class='pricing-extra'><\/span><\/li><li class=''>FEED MILL<\/li><li class=''>UTRE GRAZING BEEF PRODUCTION<\/li><li class=''>UTRE IN POULTRY IMPROVEMENT<\/li><li class=''>UTRE IN PIG IMPROVEMENT<\/li><li class=''>AQUICULTURE<\/li><li class=''>UTRE IN POULTRY AND LAYING HENS<\/li><li class=''>UNIT FOR TEACHING, RESEARCH AND EXTENSION IN GOAT<\/li><li class=''>UNIT FOR TEACHING, RESEARCH AND EXTENSION IN RABBIT<\/li><li class=''>UNIT FOR TEACHING, RESEARCH AND EXTENSION IN EQUINE<\/li><li class=''>UNIT FOR TEACHING, RESEARCH AND EXTENSION FORRAGE<\/li><li class=''>UTRE IN BEEF CATTLE<\/li><li class=''>UTRE IN DAIRY CATTLE<\/li><li class=''>UNIT FOR TEACHING, RESEARCH AND EXTENSION IN SHEEP<\/li><li class=''>UNIT FOR TEACHING, RESEARCH AND EXTENSION IN PIG<\/li><li class=''>UNIT FOR THE SCHOOL&#8217;S FRIDGE<\/li><li class=''>UTRE IN RUMINANT ANIMALS<\/li><\/ul><\/div><div class='pricing-table-wrap'><ul class='pricing-table '><li class='avia-heading-row'><div class='first-table-item'>HEAD<\/div><span class='pricing-extra'><\/span><\/li><li class=''>LEANDRO SANTOS COSTA<\/li><li class=''>ROG\u00c9RIO DE PAULA LANA<\/p>\n<p><\/li><li class=''>CL\u00c1UDIA BATISTA SAMPAIO<\/li><li class=''>DANIELE BOTELHO DINIZ MARQUES<\/li><li class=''>RODRIGO FORTES DA SILVA<\/li><li class=''>ARELE ARLINDO CALDERANO<\/li><li class=''>MARCELO TEIXEIRA RODRIGUES<\/li><li class=''>LEANDRO SANTOS COSTA<\/li><li class=''>YAM\u00ca FABRES ROBAINA SANCLER DA SILVA<\/li><li class=''>ODILON GOMES PEREIRA<\/li><li class=''>CL\u00c1UDIA BATISTA SAMPAIO<\/li><li class=''>ALEX LOPES DA SILVA<\/li><li class=''>KARINA COSTA BUSATO<\/li><li class=''>ALYSSON SARAIVA<\/li><li class=''>LUCIANA NAVAJAS RENN\u00d3<\/li><li class=''>SEBASTI\u00c3O DE CAMPOS VALADARES FILHO<\/li><\/ul><\/div><\/div><br \/>\n<div style='padding-bottom:10px;' class='av-special-heading av-special-heading-h3    '><h3 class='av-special-heading-tag'  itemprop=\"headline\"  > Administrative Technicians<\/h3><div class='special-heading-border'><div class='special-heading-inner-border' ><\/div><\/div><\/div><br \/>\n<section class=\"av_textblock_section\"  itemscope=\"itemscope\" itemtype=\"https:\/\/schema.org\/CreativeWork\" ><div class='avia_textblock '   itemprop=\"text\" ><p>Ademar Edson de Freitas<\/p>\n<p>Adriano Barboza Mendes<\/p>\n<p>Agostinho Gomes dos Santos<\/p>\n<p>Agostinho Mendes Gon\u00e7alves<\/p>\n<p>Aline Sales Bernardino<\/p>\n<p>Ant\u00f4nio Arlindo da Silva<\/p>\n<p>Ant\u00f4nio Carlos da Silva<\/p>\n<p>Ant\u00f4nio Fernandes Martins<\/p>\n<p>Ant\u00f4nio Maria Clareth Teixeira de Carvalho<\/p>\n<p>Ant\u00f4nio S\u00e9rgio Gomes<\/p>\n<p>Arcinio Jos\u00e9 da Silva<\/p>\n<p>Audair Godofredo Ladeira<\/p>\n<p>Bernardo de Sena Santos<\/p>\n<p>Bernardo Magalh\u00e3es Martins<\/p>\n<p>Carlos Teixeira de Faria<\/p>\n<p>Cassio Martins dos Santos<\/p>\n<p>Cl\u00e1udio Ant\u00f4nio de Paula<\/p>\n<p>Cl\u00e1udio Greg\u00f3rio<\/p>\n<p>Cl\u00e1udio Jos\u00e9 Borela Espeschit<\/p>\n<p>Cleone Das Gra\u00e7as Guerra Andrade<\/p>\n<p>Cristian Silva Teixeira<\/p>\n<p>Daniel da Silveira Toledo<\/p>\n<p>Divino Ant\u00f4nio do Carmo<\/p>\n<p>Edelson Rosa de Freitas<\/p>\n<p>Edson Agostinho Pereira<\/p>\n<p>Elisio Ferreira<\/p>\n<p>Evaldo Paulo Firmino<\/p>\n<p>Fab\u00edola Suelen dos Santos<\/p>\n<p>Faustino Pereira Monteiro<\/p>\n<p>Fernanda Cristina dos Santos Vieira e Silva<\/p>\n<p>Fernando Cotta de Almeida<\/p>\n<p>Francisco Reinaldo da Silva<\/p>\n<p>Gabriel Gon\u00e7alves Assun\u00e7\u00e3o<\/p>\n<p>Geraldo Rosa da Silva<\/p>\n<p>Gilberto de Souza Silva<\/p>\n<p>Helmut Gon\u00e7alves Lehner<\/p>\n<p>Jo\u00e3o Francisco de Queiroz<\/p>\n<p>Jorge Ant\u00f4nio de Paula<\/p>\n<p>Jorge Cunha Lima Muniz<\/p>\n<p>Jos\u00e9 Alberto Barbosa Mendes<\/p>\n<p>Jos\u00e9 de Paula Pedro<\/p>\n<p>Jos\u00e9 Francisco da Silva<\/p>\n<p>Jos\u00e9 Geraldo da Silva<\/p>\n<p>Jos\u00e9 Geraldo da Silva<\/p>\n<p>Jos\u00e9 Maria da Silva<\/p>\n<p>Jos\u00e9 Maria Penitente<\/p>\n<p>Jos\u00e9 Mariz Pinto Coelho Maia<\/p>\n<p>Jos\u00e9 Mauro Ladeira<\/p>\n<p>Jos\u00e9 Ven\u00e2ncio dos Santos<\/p>\n<p>Joselino Ferreira<\/p>\n<p>Juliana Chaves da Silva<\/p>\n<p>Marcelino Alves Mendes<\/p>\n<p>Marcelo de Barros Abreu<\/p>\n<p>Marcelo Souza Lima<\/p>\n<p>Mariana Priscila Oliveira Silva<\/p>\n<p>M\u00e1rio de Souza e Silva Filho<\/p>\n<p>M\u00e1rio Pires de Freitas<\/p>\n<p>M\u00e1rio Rita Juli\u00e3o<\/p>\n<p>M\u00e1rio S\u00e9rgio Pereira<\/p>\n<p>Mauricio Soares de Freitas<\/p>\n<p>Mauro Jarbas de Souza Godoi<\/p>\n<p>Odair Ant\u00f4nio da Silva Duarte<\/p>\n<p>Paulo Cesar Gon\u00e7alves<\/p>\n<p>Ricardo Martin da Silva Bernardo<\/p>\n<p>Rosana Teresa Cardoso Barbosa<\/p>\n<p>Silvio Ant\u00f4nio de Castro<\/p>\n<p>Valdeir Cl\u00e1udio Silvestre<\/p>\n<p>Vanessa Paula Silva<\/p>\n<p>Vanor Cl\u00e1udio de Andrade<\/p>\n<p>Vilmar Barbosa de Lana<\/p>\n<p>Vinicius Silva Parreira<\/p>\n<p>Walmir da Silva<\/p>\n<\/div><\/section><br \/>\n<div style='height:30px' class='hr hr-invisible '><span class='hr-inner ' ><span class='hr-inner-style'><\/span><\/span><\/div><br \/>\n<div style='padding-bottom:10px;' class='av-special-heading av-special-heading-h3    '><h3 class='av-special-heading-tag'  itemprop=\"headline\"  >Retired Faculty<\/h3><div class='special-heading-border'><div class='special-heading-inner-border' ><\/div><\/div><\/div><br \/>\n<section class=\"av_textblock_section\"  itemscope=\"itemscope\" itemtype=\"https:\/\/schema.org\/CreativeWork\" ><div class='avia_textblock '   itemprop=\"text\" ><p><b>Ant\u00f4nio Bento M\u00e2ncio<\/b><\/p>\n<p>Beef Cattle Production<\/p>\n<p><a href=\"http:\/\/lattes.cnpq.br\/2049973151671395\"><span style=\"font-weight: 400;\">Lattes<\/span><\/a><\/p>\n<p><b>Ciro Alexandre Alves Torres<\/b><\/p>\n<p>Animal Reproduction<\/p>\n<p><a href=\"http:\/\/lattes.cnpq.br\/9933875438761784\"><span style=\"font-weight: 400;\">Lattes<\/span><\/a><\/p>\n<p><b>Darci Clementino Lopes<\/b><\/p>\n<p><span style=\"font-weight: 400;\">Cunicultura<\/span><\/p>\n<p><a href=\"http:\/\/lattes.cnpq.br\/4286231555148237\"><span style=\"font-weight: 400;\">Lattes<\/span><\/a><\/p>\n<p><b>Dom\u00edcio do Nascimento Jr<\/b><\/p>\n<p><span style=\"font-weight: 400;\">Forrage<\/span><\/p>\n<p><a href=\"http:\/\/lattes.cnpq.br\/4118720556352236\"><span style=\"font-weight: 400;\">Lattes<\/span><\/a><\/p>\n<p><strong>Fabyano Fonseca e Silva<\/strong><\/p>\n<p>Animal Breeding<\/p>\n<p><a href=\"http:\/\/lattes.cnpq.br\/6661948983681991\">Lattes<\/a><\/p>\n<p><b>Hor\u00e1cio Santiago Rostagno<\/b><\/p>\n<p><span style=\"font-weight: 400;\">Monogastric Nutrition<\/span><\/p>\n<p><a href=\"http:\/\/lattes.cnpq.br\/5405580977577072\"><span style=\"font-weight: 400;\">Lattes<\/span><\/a><\/p>\n<p><b>Jos\u00e9 Alberto Gomide<\/b><\/p>\n<p><span style=\"font-weight: 400;\">Forrage<\/span><\/p>\n<p><a href=\"http:\/\/lattes.cnpq.br\/8413073289718443\"><span style=\"font-weight: 400;\">Lattes<\/span><\/a><\/p>\n<p><b>Jos\u00e9 Ant\u00f4nio Obeid<\/b><\/p>\n<p><span style=\"font-weight: 400;\">Forrage<\/span><\/p>\n<p><a href=\"http:\/\/lattes.cnpq.br\/3638950599245413\"><span style=\"font-weight: 400;\">Lattes<\/span><\/a><\/p>\n<p><b>Jos\u00e9 Carlos Pereira<\/b><\/p>\n<p>Dairy Cattle Nutrition and Production<\/p>\n<p><a href=\"http:\/\/lattes.cnpq.br\/7085426357975745\"><span style=\"font-weight: 400;\">Lattes<\/span><\/a><\/p>\n<p><b>Jos\u00e9 Maur\u00edcio de Souza Campos<\/b><\/p>\n<p>Dairy Cattle Nutrition and Production<\/p>\n<p><a href=\"http:\/\/lattes.cnpq.br\/8348604414422828\"><span style=\"font-weight: 400;\">Lattes<\/span><\/a><\/p>\n<p><b>Maria Ignez Le\u00e3o<\/b><\/p>\n<p><span style=\"font-weight: 400;\">Physiology of Animal Production<\/span><\/p>\n<p><a href=\"http:\/\/lattes.cnpq.br\/1367907052743581\"><span style=\"font-weight: 400;\">Lattes<\/span><\/a><\/p>\n<p><strong>M\u00e1rio Fonseca Paulino\u00a0<\/strong><\/p>\n<p>Beef Cattle Production<\/p>\n<p><a href=\"http:\/\/lattes.cnpq.br\/1112305218967437\">Lattes<\/a><\/p>\n<p><b>Paulo C\u00e9sar Brustolini<\/b><\/p>\n<p>Nutrition and Production of Pigs<\/p>\n<p><a href=\"http:\/\/lattes.cnpq.br\/7918545785155594\"><span style=\"font-weight: 400;\">Lattes<\/span><\/a><\/p>\n<p><b>Paulo C\u00e9zar Gomes<\/b><\/p>\n<p>Poultry Production<\/p>\n<p><span style=\"font-weight: 400;\">Lattes<\/span><\/p>\n<p><strong>Paulo S\u00e1vio Lopes<\/strong><\/p>\n<p>Animal Breeding<\/p>\n<p><a href=\"http:\/\/lattes.cnpq.br\/1804923065266455\">Lattes<\/a><\/p>\n<p><b>Rasmo Garcia<\/b><\/p>\n<p><span style=\"font-weight: 400;\">Forrage<\/span><\/p>\n<p><a href=\"http:\/\/lattes.cnpq.br\/1199703075507305\"><span style=\"font-weight: 400;\">Lattes<\/span><\/a><\/p>\n<p><b>Ricardo Frederico Euclydes<\/b><\/p>\n<p>Animal Breeding<\/p>\n<p><a href=\"http:\/\/lattes.cnpq.br\/9256185697748326\"><span style=\"font-weight: 400;\">Lattes<\/span><\/a><\/p>\n<div id=\"gtx-trans\" style=\"position: absolute; left: -6px; top: 1408px;\"><\/div>\n<\/div><\/section><\/p><\/div>\n","protected":false},"excerpt":{"rendered":"","protected":false},"author":2,"featured_media":0,"parent":0,"menu_order":0,"comment_status":"closed","ping_status":"closed","template":"","meta":[],"_links":{"self":[{"href":"http:\/\/www.dzo.ufv.br\/index.php\/wp-json\/wp\/v2\/pages\/2185"}],"collection":[{"href":"http:\/\/www.dzo.ufv.br\/index.php\/wp-json\/wp\/v2\/pages"}],"about":[{"href":"http:\/\/www.dzo.ufv.br\/index.php\/wp-json\/wp\/v2\/types\/page"}],"author":[{"embeddable":true,"href":"http:\/\/www.dzo.ufv.br\/index.php\/wp-json\/wp\/v2\/users\/2"}],"replies":[{"embeddable":true,"href":"http:\/\/www.dzo.ufv.br\/index.php\/wp-json\/wp\/v2\/comments?post=2185"}],"version-history":[{"count":59,"href":"http:\/\/www.dzo.ufv.br\/index.php\/wp-json\/wp\/v2\/pages\/2185\/revisions"}],"predecessor-version":[{"id":8695,"href":"http:\/\/www.dzo.ufv.br\/index.php\/wp-json\/wp\/v2\/pages\/2185\/revisions\/8695"}],"wp:attachment":[{"href":"http:\/\/www.dzo.ufv.br\/index.php\/wp-json\/wp\/v2\/media?parent=2185"}],"curies":[{"name":"wp","href":"https:\/\/api.w.org\/{rel}","templated":true}]}}