{"id":164,"date":"2017-04-05T11:25:03","date_gmt":"2017-04-05T14:25:03","guid":{"rendered":"http:\/\/www.dzo.ufv.br\/sitenovo\/?page_id=164"},"modified":"2024-09-02T14:19:07","modified_gmt":"2024-09-02T17:19:07","slug":"arele-arlindo-calderano","status":"publish","type":"page","link":"http:\/\/www.dzo.ufv.br\/index.php\/arele-arlindo-calderano\/","title":{"rendered":"Arele Arlindo Calderano"},"content":{"rendered":"<div class=\"flex_column av_one_fifth  flex_column_div av-zero-column-padding first  \" style='border-radius:0px; '><div class='avia-image-container  av-styling-   avia-align-center '  itemscope=\"itemscope\" itemtype=\"https:\/\/schema.org\/ImageObject\"  ><div class='avia-image-container-inner'><img class='avia_image ' src='http:\/\/www.dzo.ufv.br\/wp-content\/uploads\/2017\/03\/Arele-Arlindo-Calderano2.jpg' alt='' title='Arele-Arlindo-Calderano2'   itemprop=\"thumbnailUrl\"  \/><\/div><\/div><\/div>\n<div class=\"flex_column av_three_fourth  flex_column_div av-zero-column-padding   \" style='border-radius:0px; '><p><div style='padding-bottom:10px;color:#b02b2c;' class='av-special-heading av-special-heading-h3 custom-color-heading   '><h3 class='av-special-heading-tag'  itemprop=\"headline\"  >Arele Arlindo Calderano<\/h3><div class='special-heading-border'><div class='special-heading-inner-border' style='border-color:#b02b2c'><\/div><\/div><\/div><br \/>\n<section class=\"av_textblock_section\"  itemscope=\"itemscope\" itemtype=\"https:\/\/schema.org\/CreativeWork\" ><div class='avia_textblock '  style='font-size:17px; '  itemprop=\"text\" ><div class=\"avia_textblock avia_textblock_style\" data-update_with=\"content\">\n<p>Prof.\u00a0Adjunto<\/p>\n<p><strong>Forma\u00e7\u00e3o Acad\u00eamica:<\/strong><br \/>\nDr. em Nutri\u00e7\u00e3o e Produ\u00e7\u00e3o de Monog\u00e1stricos, UFV (2011)<br \/>\nMSc. em Nutri\u00e7\u00e3o e Produ\u00e7\u00e3o de Monog\u00e1stricos, UFV (2008)<br \/>\nZootecnia, UFV (2006)<\/p>\n<p><strong>\u00c1reas de atua\u00e7\u00e3o:<\/strong><br \/>\nNutri\u00e7\u00e3o e produ\u00e7\u00e3o de aves<\/p>\n<\/div>\n<p><strong>Publica\u00e7\u00f5es<\/strong>: <a href=\"http:\/\/lattes.cnpq.br\/7638674217020456\">Lattes<\/a>\u00a0\/ <a href=\"http:\/\/orcid.org\/0000-0002-2282-3580\">ORCID ID<\/a><\/p>\n<p><strong>Laborat\u00f3rio:<\/strong><br \/>\n<a href=\"http:\/\/www.dzo.ufv.br\/index.php\/unidade-de-ensino-pesquisa-e-extensao-nutricao-e-producao-avicola\/\">&gt;&gt; Unidade de Ensino Pesquisa e Extens\u00e3o em Produ\u00e7\u00e3o e Nutri\u00e7\u00e3o de Aves<\/a><\/p>\n<p><strong>Disciplinas da gradua\u00e7\u00e3o:<br \/>\n<\/strong>ZOO 425 &#8211;<strong>\u00a0<\/strong>Manejo de Matrizes e da Incuba\u00e7\u00e3o<br \/>\nZOO 210 &#8211; Zootecnia Geral (M\u00f3dulo: nutri\u00e7\u00e3o de monog\u00e1stricos)<\/p>\n<p><strong>Disciplinas da P\u00f3s-gradua\u00e7\u00e3o:<\/strong><br \/>\nZOO 602 &#8211; Fisiologia de Aves\u00a0<br class=\"m_878069902665905546gmail-m_8222102951004282166gmail-clear\" \/>ZOO 692 &#8211; Produ\u00e7\u00e3o Comercial de Pintos de Um Dia<\/p>\n<p><strong>Contatos:<\/strong><br \/>\nTel: +55 31 3612-4637<br \/>\nEmail: calderano@ufv.br<\/p>\n<div class=\"artigo-completo\"><\/div>\n<div class=\"artigo-completo\">\n<div class=\"layout-cell layout-cell-11\">\n<div class=\"layout-cell-pad-5\">\n<\/div>\n<div class=\"layout-cell-pad-5\"><\/div>\n<\/div>\n<\/div>\n<\/div><\/section><\/p><\/div>\n","protected":false},"excerpt":{"rendered":"","protected":false},"author":1,"featured_media":0,"parent":0,"menu_order":0,"comment_status":"closed","ping_status":"closed","template":"","meta":[],"_links":{"self":[{"href":"http:\/\/www.dzo.ufv.br\/index.php\/wp-json\/wp\/v2\/pages\/164"}],"collection":[{"href":"http:\/\/www.dzo.ufv.br\/index.php\/wp-json\/wp\/v2\/pages"}],"about":[{"href":"http:\/\/www.dzo.ufv.br\/index.php\/wp-json\/wp\/v2\/types\/page"}],"author":[{"embeddable":true,"href":"http:\/\/www.dzo.ufv.br\/index.php\/wp-json\/wp\/v2\/users\/1"}],"replies":[{"embeddable":true,"href":"http:\/\/www.dzo.ufv.br\/index.php\/wp-json\/wp\/v2\/comments?post=164"}],"version-history":[{"count":31,"href":"http:\/\/www.dzo.ufv.br\/index.php\/wp-json\/wp\/v2\/pages\/164\/revisions"}],"predecessor-version":[{"id":8748,"href":"http:\/\/www.dzo.ufv.br\/index.php\/wp-json\/wp\/v2\/pages\/164\/revisions\/8748"}],"wp:attachment":[{"href":"http:\/\/www.dzo.ufv.br\/index.php\/wp-json\/wp\/v2\/media?parent=164"}],"curies":[{"name":"wp","href":"https:\/\/api.w.org\/{rel}","templated":true}]}}