{"id":116,"date":"2017-03-29T12:36:20","date_gmt":"2017-03-29T12:36:20","guid":{"rendered":"http:\/\/www.dzo.ufv.br\/sitenovo\/?page_id=116"},"modified":"2023-10-11T09:46:48","modified_gmt":"2023-10-11T12:46:48","slug":"disciplinas-de-graduacao","status":"publish","type":"page","link":"http:\/\/www.dzo.ufv.br\/index.php\/disciplinas-de-graduacao\/","title":{"rendered":"Projeto Pedag\u00f3gico e Disciplinas da gradua\u00e7\u00e3o"},"content":{"rendered":"<div class=\"flex_column av_one_full  flex_column_div av-zero-column-padding first  \" style='border-radius:0px; '><p><div style='padding-bottom:10px;' class='av-special-heading av-special-heading-h3    '><h3 class='av-special-heading-tag'  itemprop=\"headline\"  >Projeto Pedag\u00f3gico<\/h3><div class='special-heading-border'><div class='special-heading-inner-border' ><\/div><\/div><\/div><br \/>\n<section class=\"av_textblock_section\"  itemscope=\"itemscope\" itemtype=\"https:\/\/schema.org\/CreativeWork\" ><div class='avia_textblock '  style='font-size:17px; '  itemprop=\"text\" ><p>O Zootecnista \u00e9 um profissional com s\u00f3lida base de conhecimentos cient\u00edficos e tecnol\u00f3gicos e est\u00e1 preparado para: planejar e gerenciar diferentes sistemas de produ\u00e7\u00e3o animal, otimizando a utiliza\u00e7\u00e3o dos recursos potencialmente dispon\u00edveis e tecnologias socialmente adapt\u00e1veis; desenvolver pesquisas demandadas pelos problemas reais do campo; ser eficiente agente de extens\u00e3o rural; assumir fun\u00e7\u00e3o docente. O Zootecnista dedica-se \u00e0 nutri\u00e7\u00e3o, ao melhoramento e ao manejo dos animais, visando ao aumento e \u00e0 melhoria da produ\u00e7\u00e3o.<\/p>\n<p>A grade curricular do curso de Zootecnia da UFV \u00e9 composta de nove per\u00edodos (semestres) e as disciplinas s\u00e3o divididas em obrigat\u00f3rias (b\u00e1sicas e profissionalizantes) e optativas. As disciplinas b\u00e1sicas obrigat\u00f3rias comp\u00f5em os quatro primeiros per\u00edodos do curso e as disciplinas profissionalizantes obrigat\u00f3rias abrangem do quinto ao oitavo per\u00edodo do curso. Quais \u00e1reas s\u00e3o estudadas?<\/p>\n<p><strong>Nas disciplinas b\u00e1sicas do curso, s\u00e3o abordados os seguintes t\u00f3picos:<\/strong><br \/>\nBiologia, F\u00edsica, Express\u00e3o Gr\u00e1fica, Matem\u00e1tica, Qu\u00edmica, Metodologia\u00a0Cient\u00edfica e Tecnol\u00f3gica, Estat\u00edstica, Economia e Ci\u00eancias dos Solos.<\/p>\n<p><strong>Nas disciplinas profissionais obrigat\u00f3rias, os seguintes assuntos s\u00e3o estudados:<\/strong><\/p>\n<p>Climatologia e Bioclimatologia, Fertilidade e Conserva\u00e7\u00e3o do Solo, Entomologia , Mec\u00e2nica e M\u00e1quinas Zoot\u00e9cnicas, Fisilologia da Reprodu\u00e7\u00e3o e Insemina\u00e7\u00e3o Artificial, Fisiologia da Digest\u00e3o, Nutri\u00e7\u00e3o Animal geral e espec\u00edficas para Monog\u00e1stricos e Ruminantes, Alimenta\u00e7\u00e3o Animal, Forragicultura, Melhoramento Animal, Produ\u00e7\u00e3o Animal, Produ\u00e7\u00e3o Vegetal, Ci\u00eancias Sociais, Administra\u00e7\u00e3o e Desenvolvimento Rural, Higiene Veterin\u00e1ria, Constru\u00e7\u00f5es Rurais, Extens\u00e3o Rural, Semin\u00e1rio, dentre outras.<\/p>\n<p>O curso \u00e9 atualizado e a grade vem sendo adaptada e melhorada de acordo com as demandas decorrentes das mudan\u00e7as sociais e de mercado ocorridas. Os egressos do curso de Zootecnia da UFV est\u00e3o atuando no ensino, na pesquisa e na extens\u00e3o do pa\u00eds, raz\u00e3o por que se acredita que eles estejam preparados para planejar e gerenciar diferentes sistemas de produ\u00e7\u00e3o animal, otimizando a utiliza\u00e7\u00e3o dos recursos potencialmente dispon\u00edveis e tecnologias socialmente adapt\u00e1veis.<\/p>\n<p><strong>Disciplinas Optativas<\/strong><\/p>\n<p>Para integralizar a carga hor\u00e1ria exigida para as disciplinas optativas, o aluno do curso de Zootecnia dever\u00e1 cursar, no m\u00ednimo, 120 horas de disciplinas da \u00e1rea de Produ\u00e7\u00e3o de Esp\u00e9cie de Interesse Zoot\u00e9cnico (Grupo 1) e, no m\u00ednimo, 45 horas em cada um dos grupos de disciplinas nas \u00e1reas de Gest\u00e3o e Empreendedorismo (Grupo 2) e Ci\u00eancias Ambientais (Grupo 3). O aluno do curso de Zootecnia poder\u00e1 cursar 120 horas em disciplinas de qualquer Departamento da UFV, desde que cumpridos os seus pr\u00e9- requisitos, e us\u00e1-las para integralizar a carga hor\u00e1ria em disciplinas optativas.<\/p>\n<p><strong>Atividades de extens\u00e3o<\/strong><\/p>\n<p>Os alunos do curso de Zootecnia dever\u00e3o cumprir 10% da carga hor\u00e1ria total do curso em atividades de extens\u00e3o, podendo cursar disciplinas que contemplem\u00a0a extens\u00e3o em seu Plano de Estudos, cursos, eventos, projetos, dentre outras atividades. Para a credita\u00e7\u00e3o destas atividades, o aluno dever\u00e1 se matricular na disciplina ZOO 120.<\/p>\n<\/div><\/section><\/p><\/div>\n<div  class='hr hr-default '><span class='hr-inner ' ><span class='hr-inner-style'><\/span><\/span><\/div>\n<section class=\"av_textblock_section\"  itemscope=\"itemscope\" itemtype=\"https:\/\/schema.org\/CreativeWork\" ><div class='avia_textblock '  style='font-size:12px; '  itemprop=\"text\" ><h4><a href=\"http:\/\/www.dzo.ufv.br\/wp-content\/uploads\/2023\/10\/Projeto-Pedag\u00f3gico-DZO-UFV-2022-Copia.pdf\" target=\"_blank\" rel=\"noopener noreferrer\"><span style=\"color: #800000;\"><strong>Clique aqui para ver o PROJETO PEDAG\u00d3GICO<\/strong><\/span><\/a><\/h4>\n<h3><\/h3>\n<\/div><\/section>\n<section class=\"av_textblock_section\"  itemscope=\"itemscope\" itemtype=\"https:\/\/schema.org\/CreativeWork\" ><div class='avia_textblock '  style='font-size:12px; '  itemprop=\"text\" ><h4><a href=\"http:\/\/www.catalogo.ufv.br\/interno.php?ano=2023&amp;curso=ZOT&amp;compl=*&amp;campus=vicosa&amp;periodo=1&amp;complemento=*\" target=\"_blank\" rel=\"noopener noreferrer\"><span style=\"color: #800000;\"><strong>Clique aqui para ver a MATRIZ CURRICULAR<\/strong><\/span><\/a><\/h4>\n<h3><\/h3>\n<\/div><\/section>\n","protected":false},"excerpt":{"rendered":"","protected":false},"author":1,"featured_media":0,"parent":0,"menu_order":0,"comment_status":"closed","ping_status":"closed","template":"","meta":[],"_links":{"self":[{"href":"http:\/\/www.dzo.ufv.br\/index.php\/wp-json\/wp\/v2\/pages\/116"}],"collection":[{"href":"http:\/\/www.dzo.ufv.br\/index.php\/wp-json\/wp\/v2\/pages"}],"about":[{"href":"http:\/\/www.dzo.ufv.br\/index.php\/wp-json\/wp\/v2\/types\/page"}],"author":[{"embeddable":true,"href":"http:\/\/www.dzo.ufv.br\/index.php\/wp-json\/wp\/v2\/users\/1"}],"replies":[{"embeddable":true,"href":"http:\/\/www.dzo.ufv.br\/index.php\/wp-json\/wp\/v2\/comments?post=116"}],"version-history":[{"count":30,"href":"http:\/\/www.dzo.ufv.br\/index.php\/wp-json\/wp\/v2\/pages\/116\/revisions"}],"predecessor-version":[{"id":8693,"href":"http:\/\/www.dzo.ufv.br\/index.php\/wp-json\/wp\/v2\/pages\/116\/revisions\/8693"}],"wp:attachment":[{"href":"http:\/\/www.dzo.ufv.br\/index.php\/wp-json\/wp\/v2\/media?parent=116"}],"curies":[{"name":"wp","href":"https:\/\/api.w.org\/{rel}","templated":true}]}}